{"id":8511,"date":"2020-06-20T09:11:35","date_gmt":"2020-06-20T07:11:35","guid":{"rendered":"http:\/\/klubmamgdynia.pl\/index.php\/produkt\/adar-zelazko-na-baterie-502606-zabawka\/"},"modified":"2026-04-30T02:41:17","modified_gmt":"2026-04-30T00:41:17","slug":"adar-zelazko-na-baterie-502606-zabawka","status":"publish","type":"product","link":"http:\/\/klubmamgdynia.pl\/index.php\/produkt\/adar-zelazko-na-baterie-502606-zabawka\/","title":{"rendered":"Adar \u017belazko Na Baterie 502606 &#8211; Zabawka"},"content":{"rendered":"<p>\u017belazko na baterie, \u015bwiat\u0142o, d\u017awi\u0119k;Wymiary 18x11x8,5cm<\/p>\n<h2>Adar \u017belazko Na Baterie 502606 &#8211; Zabawka Adar<\/h2>\n<p>magiczne drzewo czerwone krzes\u0142o test, piosenki dla dzieci o jesieni, kwiatek kwiaty do druku szablony, karaluchy pod poduchy a szczypawki<\/p>\n<p>yyyyy<\/p>\n<p>&nbsp;<\/p>\n","protected":false},"excerpt":{"rendered":"<p>\u017belazko na baterie, \u015bwiat\u0142o, d\u017awi\u0119k;Wymiary 18x11x8,5cm Adar \u017belazko Na Baterie 502606 &#8211; Zabawka Adar magiczne drzewo czerwone krzes\u0142o test, piosenki dla dzieci o jesieni, kwiatek kwiaty do druku szablony, karaluchy pod poduchy a szczypawki yyyyy &nbsp;<\/p>\n","protected":false},"featured_media":8512,"comment_status":"closed","ping_status":"open","template":"","meta":[],"product_cat":[175,53],"product_tag":[731,596,609,771],"class_list":["post-8511","product","type-product","status-publish","has-post-thumbnail","hentry","product_cat-adar","product_cat-kaciki-zabaw","product_tag-maly-ksiaze-cytaty","product_tag-pomysly-na-prima-aprilis","product_tag-quiz-flagi-europy","product_tag-stolice-europy-quiz"],"_links":{"self":[{"href":"http:\/\/klubmamgdynia.pl\/index.php\/wp-json\/wp\/v2\/product\/8511","targetHints":{"allow":["GET"]}}],"collection":[{"href":"http:\/\/klubmamgdynia.pl\/index.php\/wp-json\/wp\/v2\/product"}],"about":[{"href":"http:\/\/klubmamgdynia.pl\/index.php\/wp-json\/wp\/v2\/types\/product"}],"replies":[{"embeddable":true,"href":"http:\/\/klubmamgdynia.pl\/index.php\/wp-json\/wp\/v2\/comments?post=8511"}],"wp:featuredmedia":[{"embeddable":true,"href":"http:\/\/klubmamgdynia.pl\/index.php\/wp-json\/wp\/v2\/media\/8512"}],"wp:attachment":[{"href":"http:\/\/klubmamgdynia.pl\/index.php\/wp-json\/wp\/v2\/media?parent=8511"}],"wp:term":[{"taxonomy":"product_cat","embeddable":true,"href":"http:\/\/klubmamgdynia.pl\/index.php\/wp-json\/wp\/v2\/product_cat?post=8511"},{"taxonomy":"product_tag","embeddable":true,"href":"http:\/\/klubmamgdynia.pl\/index.php\/wp-json\/wp\/v2\/product_tag?post=8511"}],"curies":[{"name":"wp","href":"https:\/\/api.w.org\/{rel}","templated":true}]}}