{"id":8513,"date":"2015-08-18T10:44:15","date_gmt":"2015-08-18T08:44:15","guid":{"rendered":"http:\/\/klubmamgdynia.pl\/index.php\/produkt\/fight-night-round-3-essential-gra-psp\/"},"modified":"2026-05-17T22:46:13","modified_gmt":"2026-05-17T20:46:13","slug":"fight-night-round-3-essential-gra-psp","status":"publish","type":"product","link":"http:\/\/klubmamgdynia.pl\/index.php\/produkt\/fight-night-round-3-essential-gra-psp\/","title":{"rendered":"Fight Night Round 3 Essential (Gra PSP)"},"content":{"rendered":"<p>Fight Night Round 3 jest trzeci\u0105 cz\u0119\u015bci\u0105 bestsellerowej serii wirtualnych gier, traktuj\u0105cych o boksie i przygotowywanych przez utalentowanych developer\u00f3w z korporacji Electronic Arts. Now\u0105 ods\u0142on\u0119 cyklu opracowano z my\u015bl\u0105 o jeszcze wi\u0119kszej ilo\u015bci platform, ni\u017c poprzednio \u2013 przyszykowano wersj\u0119 dla PlayStation 2, Xbox oraz PlayStation 3 i Xbox 360, jak r\u00f3wnie\u017c PlayStation Portable. Spore do\u015bwiadczenie autor\u00f3w zaowocowa\u0142o tym, \u017ce na wszystkich konsolach omawiany produkt wykorzystuje maksimum sprz\u0119towych mo\u017cliwo\u015bci.\u201eTr\u00f3jka\u201d porusza ka\u017cdy aspekt ogromnego przedsi\u0119wzi\u0119cia pod tytu\u0142em walka bokserska. Na pocz\u0105tku mamy zatem starcia sparringowe, w trakcie kt\u00f3rych \u0107wiczymy konkretne uderzenia, konstruujemy plan taktyczny etc. Nast\u0119pnie przychodzi czas na emocjonuj\u0105c\u0105 konferencj\u0119 prasow\u0105, gdzie opr\u00f3cz wa\u017cenia uczestnik\u00f3w pojedynku nierzadko wywi\u0105zuje si\u0119 ostra wymiana zda\u0144 na oczach \u017c\u0105dnych sensacji dziennikarzy. Potem wreszcie nastaje moment kulminacyjny, czyli ringowa konfrontacja dw\u00f3ch pi\u0119\u015bciarzy przed rozentuzjazmowan\u0105 publiczno\u015bci\u0105, szczelnie wype\u0142niaj\u0105c\u0105 hal\u0119.Rzecz jasna developerzy pozwolili nam na wykreowanie w\u0142asnego zawodnika od podstaw i stopniowe doskonalenie go (np. tworzenie unikalnego stylu zadawania cios\u00f3w) w toku rozgrywki. Nie zapomniano jednak o zaimplementowaniu licznych bokserskich legend, kt\u00f3rymi mo\u017cemy pokierowa\u0107 w szeregu s\u0142ynnych walk &#8211; m.in. Muhammad Ali przeciwko Joe\u2019mu Frazierowi i Arturo Gatti kontra Mickey Ward. Oczywi\u015bcie gwiazdy w r\u0119kawicach zosta\u0142y perfekcyjnie odwzorowane nie tylko pod wzgl\u0119dem wygl\u0105du zewn\u0119trznego, lecz tak\u017ce w materii u\u017cywanej techniki. Natomiast licencja, uzyskana od ameryka\u0144skiej stacji telewizyjnej ESPN, gwarantuje pierwszorz\u0119dn\u0105 jako\u015b\u0107 prezentacji wirtualnego widowiska. Znakomite uzupe\u0142nienie ca\u0142o\u015bci stanowi dopracowana Sztuczna Inteligencja rywali.<\/p>\n<h2>Fight Night Round 3 Essential (Gra PSP) EA Sports<\/h2>\n<p>gra planszowa dla nastolatk\u00f3w, quiz o flagach, kolorowanki lato, prezent dla dwunastolatka, nauka pisania literek do wydruku pdf, dobranoc pch\u0142y na noc, cytaty dla dzieci, fabian, pomys\u0142 na prezent dla nastolatk\u00f3w, najlepsze zagadki, kolorowanka peppa, pytania logiczne, bajki do czytania dla niemowl\u0105t, rzadkie imiona \u017ce\u0144skie polskie, wiosenne zagadki, gotowe zaproszenia na urodziny do wydrukowania, prezent dla rocznego dziecka, sentencje napisy cytaty o rodzinie, fabian, alfons<\/p>\n<p>yyyyy<\/p>\n<p>&nbsp;<\/p>\n","protected":false},"excerpt":{"rendered":"<p>Fight Night Round 3 jest trzeci\u0105 cz\u0119\u015bci\u0105 bestsellerowej serii wirtualnych gier, traktuj\u0105cych o boksie i przygotowywanych przez utalentowanych developer\u00f3w z korporacji Electronic Arts. Now\u0105 ods\u0142on\u0119 cyklu opracowano z my\u015bl\u0105 o jeszcze wi\u0119kszej ilo\u015bci platform, ni\u017c poprzednio \u2013 przyszykowano wersj\u0119 dla PlayStation 2, Xbox oraz PlayStation 3 i Xbox 360, jak r\u00f3wnie\u017c PlayStation Portable. Spore do\u015bwiadczenie [&hellip;]<\/p>\n","protected":false},"featured_media":8514,"comment_status":"closed","ping_status":"open","template":"","meta":[],"product_cat":[342,1727],"product_tag":[642,866,805],"class_list":["post-8513","product","type-product","status-publish","has-post-thumbnail","hentry","product_cat-ea-sports","product_cat-gry-playstation-portable","product_tag-mia-imie","product_tag-opis-do-zdjecia-dziecka-na-fb","product_tag-znaczenie-imienia-alan"],"_links":{"self":[{"href":"http:\/\/klubmamgdynia.pl\/index.php\/wp-json\/wp\/v2\/product\/8513","targetHints":{"allow":["GET"]}}],"collection":[{"href":"http:\/\/klubmamgdynia.pl\/index.php\/wp-json\/wp\/v2\/product"}],"about":[{"href":"http:\/\/klubmamgdynia.pl\/index.php\/wp-json\/wp\/v2\/types\/product"}],"replies":[{"embeddable":true,"href":"http:\/\/klubmamgdynia.pl\/index.php\/wp-json\/wp\/v2\/comments?post=8513"}],"wp:featuredmedia":[{"embeddable":true,"href":"http:\/\/klubmamgdynia.pl\/index.php\/wp-json\/wp\/v2\/media\/8514"}],"wp:attachment":[{"href":"http:\/\/klubmamgdynia.pl\/index.php\/wp-json\/wp\/v2\/media?parent=8513"}],"wp:term":[{"taxonomy":"product_cat","embeddable":true,"href":"http:\/\/klubmamgdynia.pl\/index.php\/wp-json\/wp\/v2\/product_cat?post=8513"},{"taxonomy":"product_tag","embeddable":true,"href":"http:\/\/klubmamgdynia.pl\/index.php\/wp-json\/wp\/v2\/product_tag?post=8513"}],"curies":[{"name":"wp","href":"https:\/\/api.w.org\/{rel}","templated":true}]}}