{"id":8515,"date":"2018-12-22T14:29:04","date_gmt":"2018-12-22T13:29:04","guid":{"rendered":"http:\/\/klubmamgdynia.pl\/index.php\/produkt\/mochtoys-hustawka-kubelkowa-dla-dzieci-bezpieczna-rozowa\/"},"modified":"2026-05-17T22:02:52","modified_gmt":"2026-05-17T20:02:52","slug":"mochtoys-hustawka-kubelkowa-dla-dzieci-bezpieczna-rozowa","status":"publish","type":"product","link":"http:\/\/klubmamgdynia.pl\/index.php\/produkt\/mochtoys-hustawka-kubelkowa-dla-dzieci-bezpieczna-rozowa\/","title":{"rendered":"Mochtoys Hu\u015btawka Kube\u0142kowa Dla Dzieci Bezpieczna R\u00f3\u017cowa"},"content":{"rendered":"<p>Hu\u015btawka Kube\u0142kowa Bezpieczna R\u00f3\u017cowa MOCHTOYS Mochtoys Bezpieczna hu\u015btawka od Mochtoys to spe\u0142nienie marze\u0144 i udane dzieci\u0144stwo dla ka\u017cdej ma\u0142ej pociechy, kt\u00f3ra lubi sp\u0119dza\u0107 czas na \u015bwie\u017cym powietrzu. Hu\u015btawka ta jest wykonana z jednego elementu &#8211; co znacz\u0105co podnosi jej wytrzyma\u0142o\u015b\u0107. Produkt Polski D\u0142. \/ Szer. \/ Wys. Zabawki: 33 x 32,5 x 28 cm D\u0142ugo\u015b\u0107 liny: 104 cm Max obci\u0105\u017cenie: 25 kg Produkt przeznaczony dla dzieci 12m+Max. obci\u0105\u017cenie 25 kg\u0141atwe mocowanie hu\u015btawki na metalowych obr\u0119czachProdukt PolskiBezpieczny, atestowany, spe\u0142nia normy CEUlubiona forma zabawy wszystkich dzieci Firma Mochtoys jest jednym z czo\u0142owych producent\u00f3w zabawek z tworzyw sztucznych w Europie. Zosta\u0142a za\u0142o\u017cona w 1993 roku i aktualnie posiada dwie nowoczesne fabryki i magazyny. Produkty firmy Mochtoys s\u0105 sprzedawane z powodzeniem na rynku krajowym i w ca\u0142ej Europie od ponad 20 lat. Mo\u017cna je znale\u017a\u0107 na p\u00f3\u0142kach najwi\u0119kszych sieci handlowych oraz w tradycyjnych sklepach z artyku\u0142ami dla dzieci.Wiek: 12 m +Wymiary produktu: 33 x 32,5 x 28 cmWymiary opakowania: 33 x 32,5 x 28 cmWaga: 0,798 kgDopuszczalne obci\u0105\u017cenie: max 25 kgWysoko\u015b\u0107: 28 cmSzeroko\u015b\u0107: 32,5 cmD\u0142ugo\u015b\u0107: 33 cm<\/p>\n<h2>Mochtoys Hu\u015btawka Kube\u0142kowa Dla Dzieci Bezpieczna R\u00f3\u017cowa Mochtoys<\/h2>\n<p>kolorowanki dla dziewczynek lol, koty kolorowanka, zagadki wielkanocne przedszkole, co kupi\u0107 na roczek dla ch\u0142opca, zemsta test wiedzy, zabawy na dzie\u0144 dziecka w szkole, dziwne zagadki, misie z bajek, cytaty o przyja\u017ani<\/p>\n<p>yyyyy<\/p>\n<p>&nbsp;<\/p>\n","protected":false},"excerpt":{"rendered":"<p>Hu\u015btawka Kube\u0142kowa Bezpieczna R\u00f3\u017cowa MOCHTOYS Mochtoys Bezpieczna hu\u015btawka od Mochtoys to spe\u0142nienie marze\u0144 i udane dzieci\u0144stwo dla ka\u017cdej ma\u0142ej pociechy, kt\u00f3ra lubi sp\u0119dza\u0107 czas na \u015bwie\u017cym powietrzu. Hu\u015btawka ta jest wykonana z jednego elementu &#8211; co znacz\u0105co podnosi jej wytrzyma\u0142o\u015b\u0107. Produkt Polski D\u0142. \/ Szer. \/ Wys. Zabawki: 33 x 32,5 x 28 cm D\u0142ugo\u015b\u0107 [&hellip;]<\/p>\n","protected":false},"featured_media":8516,"comment_status":"closed","ping_status":"open","template":"","meta":[],"product_cat":[319,285],"product_tag":[829,730,601],"class_list":["post-8515","product","type-product","status-publish","has-post-thumbnail","hentry","product_cat-mochtoys","product_cat-place-zabaw","product_tag-bajki-do-czytania-na-dobranoc","product_tag-karyna","product_tag-zagadki-co-to-jest"],"_links":{"self":[{"href":"http:\/\/klubmamgdynia.pl\/index.php\/wp-json\/wp\/v2\/product\/8515","targetHints":{"allow":["GET"]}}],"collection":[{"href":"http:\/\/klubmamgdynia.pl\/index.php\/wp-json\/wp\/v2\/product"}],"about":[{"href":"http:\/\/klubmamgdynia.pl\/index.php\/wp-json\/wp\/v2\/types\/product"}],"replies":[{"embeddable":true,"href":"http:\/\/klubmamgdynia.pl\/index.php\/wp-json\/wp\/v2\/comments?post=8515"}],"wp:featuredmedia":[{"embeddable":true,"href":"http:\/\/klubmamgdynia.pl\/index.php\/wp-json\/wp\/v2\/media\/8516"}],"wp:attachment":[{"href":"http:\/\/klubmamgdynia.pl\/index.php\/wp-json\/wp\/v2\/media?parent=8515"}],"wp:term":[{"taxonomy":"product_cat","embeddable":true,"href":"http:\/\/klubmamgdynia.pl\/index.php\/wp-json\/wp\/v2\/product_cat?post=8515"},{"taxonomy":"product_tag","embeddable":true,"href":"http:\/\/klubmamgdynia.pl\/index.php\/wp-json\/wp\/v2\/product_tag?post=8515"}],"curies":[{"name":"wp","href":"https:\/\/api.w.org\/{rel}","templated":true}]}}