{"id":8519,"date":"2014-06-14T03:26:59","date_gmt":"2014-06-14T01:26:59","guid":{"rendered":"http:\/\/klubmamgdynia.pl\/index.php\/produkt\/winning-moves-quiz-zwierzaki\/"},"modified":"2026-05-17T23:00:05","modified_gmt":"2026-05-17T21:00:05","slug":"winning-moves-quiz-zwierzaki","status":"publish","type":"product","link":"http:\/\/klubmamgdynia.pl\/index.php\/produkt\/winning-moves-quiz-zwierzaki\/","title":{"rendered":"Winning Moves Quiz Zwierzaki"},"content":{"rendered":"<p>Czy koale pachn\u0105 jak eukaliptus? Jak nazywaj\u0105 si\u0119 lisie w\u0105sy? Czy legwan zielony ma trzecie oko? Odkryj niesko\u0144czenie ciekawy \u015bwiat zwierz\u0105t z TOP TRUMPS QUIZ Zwierzaki! Gra zawiera a\u017c 500 niebanalnych pyta\u0144, kt\u00f3re zaskocz\u0105 nawet doros\u0142ych. Poznaj 100 zwierz\u0105t z r\u00f3\u017cnych zak\u0105tk\u00f3w \u015bwiata z zupe\u0142nie nowej strony!<\/p>\n<h2>Winning Moves Quiz Zwierzaki Winning Moves<\/h2>\n<p>kolorowanka ze zdj\u0119cia, quiz o usa, cytat mama, p\u0142ywalnie warszawa, walentynka dla syna, zagadki na logiczne my\u015blenie<\/p>\n<p>yyyyy<\/p>\n<p>&nbsp;<\/p>\n","protected":false},"excerpt":{"rendered":"<p>Czy koale pachn\u0105 jak eukaliptus? Jak nazywaj\u0105 si\u0119 lisie w\u0105sy? Czy legwan zielony ma trzecie oko? Odkryj niesko\u0144czenie ciekawy \u015bwiat zwierz\u0105t z TOP TRUMPS QUIZ Zwierzaki! Gra zawiera a\u017c 500 niebanalnych pyta\u0144, kt\u00f3re zaskocz\u0105 nawet doros\u0142ych. Poznaj 100 zwierz\u0105t z r\u00f3\u017cnych zak\u0105tk\u00f3w \u015bwiata z zupe\u0142nie nowej strony! Winning Moves Quiz Zwierzaki Winning Moves kolorowanka ze [&hellip;]<\/p>\n","protected":false},"featured_media":8520,"comment_status":"closed","ping_status":"open","template":"","meta":[],"product_cat":[130,226],"product_tag":[669,775,597,767],"class_list":["post-8519","product","type-product","status-publish","has-post-thumbnail","hentry","product_cat-gry-dzieciece","product_cat-winning-moves","product_tag-kolorowanki","product_tag-kolorowanki-do-druku-pokemon","product_tag-zagadki-o-zimie","product_tag-zaproszenia-urodzinowe-do-druku"],"_links":{"self":[{"href":"http:\/\/klubmamgdynia.pl\/index.php\/wp-json\/wp\/v2\/product\/8519","targetHints":{"allow":["GET"]}}],"collection":[{"href":"http:\/\/klubmamgdynia.pl\/index.php\/wp-json\/wp\/v2\/product"}],"about":[{"href":"http:\/\/klubmamgdynia.pl\/index.php\/wp-json\/wp\/v2\/types\/product"}],"replies":[{"embeddable":true,"href":"http:\/\/klubmamgdynia.pl\/index.php\/wp-json\/wp\/v2\/comments?post=8519"}],"wp:featuredmedia":[{"embeddable":true,"href":"http:\/\/klubmamgdynia.pl\/index.php\/wp-json\/wp\/v2\/media\/8520"}],"wp:attachment":[{"href":"http:\/\/klubmamgdynia.pl\/index.php\/wp-json\/wp\/v2\/media?parent=8519"}],"wp:term":[{"taxonomy":"product_cat","embeddable":true,"href":"http:\/\/klubmamgdynia.pl\/index.php\/wp-json\/wp\/v2\/product_cat?post=8519"},{"taxonomy":"product_tag","embeddable":true,"href":"http:\/\/klubmamgdynia.pl\/index.php\/wp-json\/wp\/v2\/product_tag?post=8519"}],"curies":[{"name":"wp","href":"https:\/\/api.w.org\/{rel}","templated":true}]}}