{"id":8521,"date":"2016-08-13T11:39:55","date_gmt":"2016-08-13T09:39:55","guid":{"rendered":"http:\/\/klubmamgdynia.pl\/index.php\/produkt\/mochtoys-kregle-maxi-10-elementow-i-2-kule\/"},"modified":"2026-05-01T10:33:40","modified_gmt":"2026-05-01T08:33:40","slug":"mochtoys-kregle-maxi-10-elementow-i-2-kule","status":"publish","type":"product","link":"http:\/\/klubmamgdynia.pl\/index.php\/produkt\/mochtoys-kregle-maxi-10-elementow-i-2-kule\/","title":{"rendered":"Mochtoys Kr\u0119gle Maxi 10 element\u00f3w i 2 kule"},"content":{"rendered":"<p>Kr\u0119gle Maxi 10 element\u00f3w z 2 kulamiZosta\u0142y stworzone przez znan\u0105 mark\u0119 Mochtoys.W zestawie znajduje si\u0119 12 kolorowych pionk\u00f3w z cyferkami oraz 2 kulami niezb\u0119dn\u0105 do gry. Kr\u0119gle zosta\u0142y zaprojektowane specjalnie dla dzieci ucz\u0105cych si\u0119 gry w kr\u0119gle oraz liczenia, nie posiadaj\u0105 one ostrych kraw\u0119dzi.Jest to cudowna gra w kr\u0119gle dla niezwyk\u0142ej i radosnej zabawy!przeznaczone s\u0105 dla dzieci od 1 roku \u017cyciawymiary opakowania: 55 x 23 x 17 cmwysoko\u015b\u0107 kr\u0119gli: ok. 30 cmkod producenta: 11268<\/p>\n<h2>Mochtoys Kr\u0119gle Maxi 10 element\u00f3w i 2 kule Mochtoys<\/h2>\n<p>europa stolice quiz, bajka na dobranoc do czytania, ozdoby \u015bwi\u0105teczne do zrobienia z dzie\u0107mi, aron, pies kolorowanka<\/p>\n<p>yyyyy<\/p>\n<p>&nbsp;<\/p>\n","protected":false},"excerpt":{"rendered":"<p>Kr\u0119gle Maxi 10 element\u00f3w z 2 kulamiZosta\u0142y stworzone przez znan\u0105 mark\u0119 Mochtoys.W zestawie znajduje si\u0119 12 kolorowych pionk\u00f3w z cyferkami oraz 2 kulami niezb\u0119dn\u0105 do gry. Kr\u0119gle zosta\u0142y zaprojektowane specjalnie dla dzieci ucz\u0105cych si\u0119 gry w kr\u0119gle oraz liczenia, nie posiadaj\u0105 one ostrych kraw\u0119dzi.Jest to cudowna gra w kr\u0119gle dla niezwyk\u0142ej i radosnej zabawy!przeznaczone s\u0105 [&hellip;]<\/p>\n","protected":false},"featured_media":8522,"comment_status":"closed","ping_status":"open","template":"","meta":[],"product_cat":[319,99],"product_tag":[833,763,620,773],"class_list":["post-8521","product","type-product","status-publish","has-post-thumbnail","hentry","product_cat-mochtoys","product_cat-zabawki-ekologiczne","product_tag-bajki-dla-dzieci-do-czytania","product_tag-fabian","product_tag-quiz-opowiesci-z-narnii","product_tag-test-z-lektury-opowiesci-z-narnii-lew-czarownica-i-stara-szafa"],"_links":{"self":[{"href":"http:\/\/klubmamgdynia.pl\/index.php\/wp-json\/wp\/v2\/product\/8521","targetHints":{"allow":["GET"]}}],"collection":[{"href":"http:\/\/klubmamgdynia.pl\/index.php\/wp-json\/wp\/v2\/product"}],"about":[{"href":"http:\/\/klubmamgdynia.pl\/index.php\/wp-json\/wp\/v2\/types\/product"}],"replies":[{"embeddable":true,"href":"http:\/\/klubmamgdynia.pl\/index.php\/wp-json\/wp\/v2\/comments?post=8521"}],"wp:featuredmedia":[{"embeddable":true,"href":"http:\/\/klubmamgdynia.pl\/index.php\/wp-json\/wp\/v2\/media\/8522"}],"wp:attachment":[{"href":"http:\/\/klubmamgdynia.pl\/index.php\/wp-json\/wp\/v2\/media?parent=8521"}],"wp:term":[{"taxonomy":"product_cat","embeddable":true,"href":"http:\/\/klubmamgdynia.pl\/index.php\/wp-json\/wp\/v2\/product_cat?post=8521"},{"taxonomy":"product_tag","embeddable":true,"href":"http:\/\/klubmamgdynia.pl\/index.php\/wp-json\/wp\/v2\/product_tag?post=8521"}],"curies":[{"name":"wp","href":"https:\/\/api.w.org\/{rel}","templated":true}]}}