{"id":8523,"date":"2016-02-19T18:50:19","date_gmt":"2016-02-19T17:50:19","guid":{"rendered":"http:\/\/klubmamgdynia.pl\/index.php\/produkt\/madej-maly-mechanik-autobus\/"},"modified":"2026-04-06T02:40:57","modified_gmt":"2026-04-06T00:40:57","slug":"madej-maly-mechanik-autobus","status":"publish","type":"product","link":"http:\/\/klubmamgdynia.pl\/index.php\/produkt\/madej-maly-mechanik-autobus\/","title":{"rendered":"Madej Ma\u0142y Mechanik Autobus"},"content":{"rendered":"<p>Ma\u0142y Mechanik &#8211; BusMetalowy, wielofunkcyjny zestaw do konstruowania.Zawiera narz\u0119dzia i instrukcj\u0119 monta\u017cu.\u0141atwy monta\u017c.Wszystkie zestawy pasuj\u0105 do siebie.Zabawka przeznaczona dla dzieci od 8 roku \u017cycia.Zestaw zawiera 563 elementy.EAN:  5900851776992Gwarancja:  24 miesi\u0105ceKod dostawcy:  077699Nr katalogowy:  077699Marka:  BrakObszar:  KonstrukcyjneRodzaj:  MetaloweWymagania wiekowe:  od 8 latP\u0142e\u0107:  Ch\u0142opcyPozosta\u0142e parametry:  Wymiary opakowania: 40 x 27 x 9 cm<\/p>\n<h2>Madej Ma\u0142y Mechanik Autobus Madej<\/h2>\n<p>kolorowanka smok wawelski, jak narysowa\u0107 sanie miko\u0142aja, quiz psi patrol, quiz samochodowy, wierszyk o wakacjach, rysowanie po \u015bladzie pdf, felix net i nika oraz gang niewidzialnych ludzi pytania i odpowiedzi, wr\u00f3\u017cby andrzejkowe online dla dzieci<\/p>\n<p>yyyyy<\/p>\n<p>&nbsp;<\/p>\n","protected":false},"excerpt":{"rendered":"<p>Ma\u0142y Mechanik &#8211; BusMetalowy, wielofunkcyjny zestaw do konstruowania.Zawiera narz\u0119dzia i instrukcj\u0119 monta\u017cu.\u0141atwy monta\u017c.Wszystkie zestawy pasuj\u0105 do siebie.Zabawka przeznaczona dla dzieci od 8 roku \u017cycia.Zestaw zawiera 563 elementy.EAN: 5900851776992Gwarancja: 24 miesi\u0105ceKod dostawcy: 077699Nr katalogowy: 077699Marka: BrakObszar: KonstrukcyjneRodzaj: MetaloweWymagania wiekowe: od 8 latP\u0142e\u0107: Ch\u0142opcyPozosta\u0142e parametry: Wymiary opakowania: 40 x 27 x 9 cm Madej Ma\u0142y Mechanik Autobus [&hellip;]<\/p>\n","protected":false},"featured_media":8524,"comment_status":"closed","ping_status":"open","template":"","meta":[],"product_cat":[113,70],"product_tag":[845,819,670,631,659],"class_list":["post-8523","product","type-product","status-publish","has-post-thumbnail","hentry","product_cat-klocki","product_cat-madej","product_tag-ach-spij-kochanie-tekst","product_tag-co-kupic-nastolatce-na-swieta","product_tag-irma","product_tag-prezent-na-roczek","product_tag-tupu-tup-po-sniegu-tekst"],"_links":{"self":[{"href":"http:\/\/klubmamgdynia.pl\/index.php\/wp-json\/wp\/v2\/product\/8523","targetHints":{"allow":["GET"]}}],"collection":[{"href":"http:\/\/klubmamgdynia.pl\/index.php\/wp-json\/wp\/v2\/product"}],"about":[{"href":"http:\/\/klubmamgdynia.pl\/index.php\/wp-json\/wp\/v2\/types\/product"}],"replies":[{"embeddable":true,"href":"http:\/\/klubmamgdynia.pl\/index.php\/wp-json\/wp\/v2\/comments?post=8523"}],"wp:featuredmedia":[{"embeddable":true,"href":"http:\/\/klubmamgdynia.pl\/index.php\/wp-json\/wp\/v2\/media\/8524"}],"wp:attachment":[{"href":"http:\/\/klubmamgdynia.pl\/index.php\/wp-json\/wp\/v2\/media?parent=8523"}],"wp:term":[{"taxonomy":"product_cat","embeddable":true,"href":"http:\/\/klubmamgdynia.pl\/index.php\/wp-json\/wp\/v2\/product_cat?post=8523"},{"taxonomy":"product_tag","embeddable":true,"href":"http:\/\/klubmamgdynia.pl\/index.php\/wp-json\/wp\/v2\/product_tag?post=8523"}],"curies":[{"name":"wp","href":"https:\/\/api.w.org\/{rel}","templated":true}]}}