{"id":8531,"date":"2014-06-23T12:10:54","date_gmt":"2014-06-23T10:10:54","guid":{"rendered":"http:\/\/klubmamgdynia.pl\/index.php\/produkt\/norimpex-kombajn-3-przyczepy-farma\/"},"modified":"2026-04-23T03:12:27","modified_gmt":"2026-04-23T01:12:27","slug":"norimpex-kombajn-3-przyczepy-farma","status":"publish","type":"product","link":"http:\/\/klubmamgdynia.pl\/index.php\/produkt\/norimpex-kombajn-3-przyczepy-farma\/","title":{"rendered":"Norimpex Kombajn 3 Przyczepy Farma"},"content":{"rendered":"<p>Du\u017cy kombajn z 3 naczepami.Kombajn jest maszyn\u0105 do zbioru plon\u00f3w, do przewo\u017cenia wody i do transportu drzewa.Wymiary opakowania : 49,5 x 27,5 x 10,5 cm.Wiek : 3+&#8230;.<\/p>\n<h2>Norimpex Kombajn 3 Przyczepy Farma Norimpex<\/h2>\n<p>zagadki dla dzieci 6-7 lat, wroclaw atrakcje dla dzieci, proste przepisy dla dzieci, gloria imi\u0119, maski superbohater\u00f3w do wydrukowania, gdzie strumyk p\u0142ynie z wolna, najrzadsze imiona w polsce, miko\u0142ajki dla dzieci warszawa 2021, g\u0142upie zagadki, co kupi\u0107 nastolatce na urodziny, zagadki matematyczne dla dzieci, \u015bwinka peppa kolorowanka, zagadki matematyczne logiczne<\/p>\n<p>yyyyy<\/p>\n<p>&nbsp;<\/p>\n","protected":false},"excerpt":{"rendered":"<p>Du\u017cy kombajn z 3 naczepami.Kombajn jest maszyn\u0105 do zbioru plon\u00f3w, do przewo\u017cenia wody i do transportu drzewa.Wymiary opakowania : 49,5 x 27,5 x 10,5 cm.Wiek : 3+&#8230;. Norimpex Kombajn 3 Przyczepy Farma Norimpex zagadki dla dzieci 6-7 lat, wroclaw atrakcje dla dzieci, proste przepisy dla dzieci, gloria imi\u0119, maski superbohater\u00f3w do wydrukowania, gdzie strumyk p\u0142ynie [&hellip;]<\/p>\n","protected":false},"featured_media":8532,"comment_status":"closed","ping_status":"open","template":"","meta":[],"product_cat":[83,554],"product_tag":[784,614,602,868,714,623],"class_list":["post-8531","product","type-product","status-publish","has-post-thumbnail","hentry","product_cat-auta-i-inne-pojazdy-do-zabawy","product_cat-norimpex","product_tag-hymn-gorniczy","product_tag-pia","product_tag-quiz-o-zwierzetach-domowych","product_tag-quizy-dla-dzieci","product_tag-zagadki-logiczne","product_tag-zagadki-logiczne-smieszne"],"_links":{"self":[{"href":"http:\/\/klubmamgdynia.pl\/index.php\/wp-json\/wp\/v2\/product\/8531","targetHints":{"allow":["GET"]}}],"collection":[{"href":"http:\/\/klubmamgdynia.pl\/index.php\/wp-json\/wp\/v2\/product"}],"about":[{"href":"http:\/\/klubmamgdynia.pl\/index.php\/wp-json\/wp\/v2\/types\/product"}],"replies":[{"embeddable":true,"href":"http:\/\/klubmamgdynia.pl\/index.php\/wp-json\/wp\/v2\/comments?post=8531"}],"wp:featuredmedia":[{"embeddable":true,"href":"http:\/\/klubmamgdynia.pl\/index.php\/wp-json\/wp\/v2\/media\/8532"}],"wp:attachment":[{"href":"http:\/\/klubmamgdynia.pl\/index.php\/wp-json\/wp\/v2\/media?parent=8531"}],"wp:term":[{"taxonomy":"product_cat","embeddable":true,"href":"http:\/\/klubmamgdynia.pl\/index.php\/wp-json\/wp\/v2\/product_cat?post=8531"},{"taxonomy":"product_tag","embeddable":true,"href":"http:\/\/klubmamgdynia.pl\/index.php\/wp-json\/wp\/v2\/product_tag?post=8531"}],"curies":[{"name":"wp","href":"https:\/\/api.w.org\/{rel}","templated":true}]}}