{"id":8535,"date":"2020-02-08T01:26:32","date_gmt":"2020-02-08T00:26:32","guid":{"rendered":"http:\/\/klubmamgdynia.pl\/index.php\/produkt\/mochtoys-stolik-ogrodowy-piknik-10722\/"},"modified":"2026-04-06T22:52:58","modified_gmt":"2026-04-06T20:52:58","slug":"mochtoys-stolik-ogrodowy-piknik-10722","status":"publish","type":"product","link":"http:\/\/klubmamgdynia.pl\/index.php\/produkt\/mochtoys-stolik-ogrodowy-piknik-10722\/","title":{"rendered":"Mochtoys Stolik Ogrodowy Piknik (10722)"},"content":{"rendered":"<p>Stolik ogrodowy piknikowy dla dzieci MOCHTOYS10722<\/p>\n<h2>Mochtoys Stolik Ogrodowy Piknik (10722) Mochtoys<\/h2>\n<p>kolorowanka lol surprise, nauczyciel cytaty, quiz spos\u00f3b na alcybiadesa, kuku\u0142eczka kuka tekst, felix net i nika oraz gang niewidzialnych ludzi pytania i odpowiedzi, rezolutna dziewczynka z wiersza tuwima, wiersze o wakacjach, renata to nie imi\u0119, pomys\u0142y na prezent dla nastolatk\u00f3w, warszawa dla dzieci, znaczenie imienia milosz, opisy do zdj dziecka, przys\u0142owia o rodzinie<\/p>\n<p>yyyyy<\/p>\n<p>&nbsp;<\/p>\n","protected":false},"excerpt":{"rendered":"<p>Stolik ogrodowy piknikowy dla dzieci MOCHTOYS10722 Mochtoys Stolik Ogrodowy Piknik (10722) Mochtoys kolorowanka lol surprise, nauczyciel cytaty, quiz spos\u00f3b na alcybiadesa, kuku\u0142eczka kuka tekst, felix net i nika oraz gang niewidzialnych ludzi pytania i odpowiedzi, rezolutna dziewczynka z wiersza tuwima, wiersze o wakacjach, renata to nie imi\u0119, pomys\u0142y na prezent dla nastolatk\u00f3w, warszawa dla dzieci, [&hellip;]<\/p>\n","protected":false},"featured_media":8536,"comment_status":"closed","ping_status":"open","template":"","meta":[],"product_cat":[319,80],"product_tag":[657,608,597,712,635],"class_list":["post-8535","product","type-product","status-publish","has-post-thumbnail","hentry","product_cat-mochtoys","product_cat-pozostale-zabawki-ogrodowe","product_tag-lol-kolorowanka","product_tag-zagadki-i-odpowiedzi","product_tag-zagadki-o-zimie","product_tag-zagadki-o-zwierzetach","product_tag-znaki-drogowe-do-druku"],"_links":{"self":[{"href":"http:\/\/klubmamgdynia.pl\/index.php\/wp-json\/wp\/v2\/product\/8535","targetHints":{"allow":["GET"]}}],"collection":[{"href":"http:\/\/klubmamgdynia.pl\/index.php\/wp-json\/wp\/v2\/product"}],"about":[{"href":"http:\/\/klubmamgdynia.pl\/index.php\/wp-json\/wp\/v2\/types\/product"}],"replies":[{"embeddable":true,"href":"http:\/\/klubmamgdynia.pl\/index.php\/wp-json\/wp\/v2\/comments?post=8535"}],"wp:featuredmedia":[{"embeddable":true,"href":"http:\/\/klubmamgdynia.pl\/index.php\/wp-json\/wp\/v2\/media\/8536"}],"wp:attachment":[{"href":"http:\/\/klubmamgdynia.pl\/index.php\/wp-json\/wp\/v2\/media?parent=8535"}],"wp:term":[{"taxonomy":"product_cat","embeddable":true,"href":"http:\/\/klubmamgdynia.pl\/index.php\/wp-json\/wp\/v2\/product_cat?post=8535"},{"taxonomy":"product_tag","embeddable":true,"href":"http:\/\/klubmamgdynia.pl\/index.php\/wp-json\/wp\/v2\/product_tag?post=8535"}],"curies":[{"name":"wp","href":"https:\/\/api.w.org\/{rel}","templated":true}]}}