{"id":8539,"date":"2017-10-24T01:05:41","date_gmt":"2017-10-23T23:05:41","guid":{"rendered":"http:\/\/klubmamgdynia.pl\/index.php\/produkt\/mochtoys-domek-do-kolorowania\/"},"modified":"2026-04-07T14:59:02","modified_gmt":"2026-04-07T12:59:02","slug":"mochtoys-domek-do-kolorowania","status":"publish","type":"product","link":"http:\/\/klubmamgdynia.pl\/index.php\/produkt\/mochtoys-domek-do-kolorowania\/","title":{"rendered":"Mochtoys Domek Do Kolorowania"},"content":{"rendered":"<p>Domek do kolorowania marki Mochtoys zapewni niezliczone godziny zabawy w domu i ogrodzie. Dzi\u0119ki bia\u0142ym \u015bcianom dziecko b\u0119dzie mog\u0142o pomalowa\u0107 domek farbami, kredkami lub flamastrami. Dzi\u0119ki wykonaniu z 5 \u2013 warstwowej tektury falistej konstrukcja domku jest lekka, a jednocze\u015bnie stabilna.<\/p>\n<h2>Mochtoys Domek Do Kolorowania Mochtoys<\/h2>\n<p>testy z lektury opowie\u015bci z narnii lew czarownica i stara szafa, kolorowanki do druku lol, cicha noc po angielsku, zagadki z odpowiedziami, \u017carty na prima aprilis w domu, iwo, kwiecien plecien, zagadki dla dzieci 4-5 lat online, literki dla dzieci, jak narysowa\u0107 oko, zagadka logiczna, kr\u00f3tkie bajki dla dzieci, karyna, prezent na roczek dziewczynka, test z tajemniczego ogrodu, uk\u0142ad s\u0142oneczny kolorowanka, narysowa\u0107 rysunki \u0142atwe, kartki na dobranoc dla przyjaci\u00f3\u0142<\/p>\n<p>yyyyy<\/p>\n<p>&nbsp;<\/p>\n","protected":false},"excerpt":{"rendered":"<p>Domek do kolorowania marki Mochtoys zapewni niezliczone godziny zabawy w domu i ogrodzie. Dzi\u0119ki bia\u0142ym \u015bcianom dziecko b\u0119dzie mog\u0142o pomalowa\u0107 domek farbami, kredkami lub flamastrami. Dzi\u0119ki wykonaniu z 5 \u2013 warstwowej tektury falistej konstrukcja domku jest lekka, a jednocze\u015bnie stabilna. Mochtoys Domek Do Kolorowania Mochtoys testy z lektury opowie\u015bci z narnii lew czarownica i stara [&hellip;]<\/p>\n","protected":false},"featured_media":8540,"comment_status":"closed","ping_status":"open","template":"","meta":[],"product_cat":[319,21],"product_tag":[650,663,806,577],"class_list":["post-8539","product","type-product","status-publish","has-post-thumbnail","hentry","product_cat-mochtoys","product_cat-zabawki-plastyczne","product_tag-choinka-z-bibuly","product_tag-kolorowanki-dla-dzieci-do-druku","product_tag-prezent-dla-dziecka-na-roczek","product_tag-znaki-drogowe-test"],"_links":{"self":[{"href":"http:\/\/klubmamgdynia.pl\/index.php\/wp-json\/wp\/v2\/product\/8539","targetHints":{"allow":["GET"]}}],"collection":[{"href":"http:\/\/klubmamgdynia.pl\/index.php\/wp-json\/wp\/v2\/product"}],"about":[{"href":"http:\/\/klubmamgdynia.pl\/index.php\/wp-json\/wp\/v2\/types\/product"}],"replies":[{"embeddable":true,"href":"http:\/\/klubmamgdynia.pl\/index.php\/wp-json\/wp\/v2\/comments?post=8539"}],"wp:featuredmedia":[{"embeddable":true,"href":"http:\/\/klubmamgdynia.pl\/index.php\/wp-json\/wp\/v2\/media\/8540"}],"wp:attachment":[{"href":"http:\/\/klubmamgdynia.pl\/index.php\/wp-json\/wp\/v2\/media?parent=8539"}],"wp:term":[{"taxonomy":"product_cat","embeddable":true,"href":"http:\/\/klubmamgdynia.pl\/index.php\/wp-json\/wp\/v2\/product_cat?post=8539"},{"taxonomy":"product_tag","embeddable":true,"href":"http:\/\/klubmamgdynia.pl\/index.php\/wp-json\/wp\/v2\/product_tag?post=8539"}],"curies":[{"name":"wp","href":"https:\/\/api.w.org\/{rel}","templated":true}]}}