{"id":854,"date":"2016-09-20T13:11:26","date_gmt":"2016-09-20T11:11:26","guid":{"rendered":"http:\/\/klubmamgdynia.pl\/index.php\/produkt\/mattel-enchantimals-zestaw-malutka-kuchnia-lalka-biedronka-fxm98\/"},"modified":"2026-04-04T01:35:11","modified_gmt":"2026-04-03T23:35:11","slug":"mattel-enchantimals-zestaw-malutka-kuchnia-lalka-biedronka-fxm98","status":"publish","type":"product","link":"http:\/\/klubmamgdynia.pl\/index.php\/produkt\/mattel-enchantimals-zestaw-malutka-kuchnia-lalka-biedronka-fxm98\/","title":{"rendered":"Mattel Enchantimals Zestaw Malutka Kuchnia + Lalka Biedronka Fxm98"},"content":{"rendered":"<p>Odkryj magi\u0119 Kwitn\u0105cego Ogrodu \u2013 nowego male\u0144kiego zak\u0105tka w Krainie Enchantimals. Te ma\u0142e przyjaci\u00f3\u0142ki Enchantimals uwielbiaj\u0105 przebywa\u0107 w swoich uroczych pokoikach, w kt\u00f3rych rozkwita przyja\u017a\u0144! Zestawy do zabawy z linii Kwitn\u0105cy Ogr\u00f3d s\u0105 kolorowe, okr\u0105g\u0142e i ozdobione pi\u0119knymi detalami. Ich niewielki rozmiar zaprasza ma\u0142e dzieci do wielkiej podr\u00f3\u017cy do krainy wyobra\u017ani.                            <\/p>\n<p>W zestawie znajduj\u0105 si\u0119 r\u00f3wnie\u017c ma\u0142a lalka Enchantimals (5-centymetrowa) i figurka zaprzyja\u017anionego owada, a tak\u017ce co najmniej dwa akcesoria tematyczne.Aby by\u0142o jeszcze weselej,\u00a0do\u0142\u0105cz inne zestawy Enchantimals\u00a0(sprzedawane oddzielnie). Dzieci pokochaj\u0105 wyj\u0105tkow\u0105 wi\u0119\u017a, jaka \u0142\u0105czy te ma\u0142e przyjaci\u00f3\u0142ki!                            <\/p>\n<p>\u00a0 \u00a0                            <\/p>\n<p>Mo\u017cesz wybra\u0107 pomi\u0119dzy Sypialni\u0105 pszcz\u00f3\u0142ek (z \u0142\u00f3\u017ckiem i koszykiem w kszta\u0142cie ula), Kuchni\u0105 biedronek (z \u201ekuchenk\u0105\u201d, sto\u0142em i talerzem z \u201ejedzeniem\u201d) i \u0141azienk\u0105 motylk\u00f3w (z dwuosobow\u0105 wann\u0105 i toaletk\u0105).\u00a0Urocze czu\u0142ki, skrzyde\u0142ka, kropki, pr\u0105\u017cki i inne detale sprawiaj\u0105, \u017ce ma\u0142e przyjaci\u00f3\u0142ki z linii Kwitn\u0105cy Ogr\u00f3d Enchantimals s\u0105 niezwykle czaruj\u0105ce!\u00a0<\/p>\n<h2>Mattel Enchantimals Zestaw Malutka Kuchnia + Lalka Biedronka Fxm98 Mattel<\/h2>\n<p>bianka, kinderbal przepisy, krotkie zagadki, glupie zagadki, imi\u0119 natan<\/p>\n<p><a href=\"https:\/\/www.elektro-complex.pl\/serwis\/przeglad.php\">przegl\u0105dy okresowe w\u00f3zk\u00f3w wid\u0142owych<\/a><\/p>\n<p>&nbsp;<\/p>\n","protected":false},"excerpt":{"rendered":"<p>Odkryj magi\u0119 Kwitn\u0105cego Ogrodu \u2013 nowego male\u0144kiego zak\u0105tka w Krainie Enchantimals. Te ma\u0142e przyjaci\u00f3\u0142ki Enchantimals uwielbiaj\u0105 przebywa\u0107 w swoich uroczych pokoikach, w kt\u00f3rych rozkwita przyja\u017a\u0144! Zestawy do zabawy z linii Kwitn\u0105cy Ogr\u00f3d s\u0105 kolorowe, okr\u0105g\u0142e i ozdobione pi\u0119knymi detalami. Ich niewielki rozmiar zaprasza ma\u0142e dzieci do wielkiej podr\u00f3\u017cy do krainy wyobra\u017ani. W zestawie znajduj\u0105 si\u0119 [&hellip;]<\/p>\n","protected":false},"featured_media":855,"comment_status":"closed","ping_status":"open","template":"","meta":[],"product_cat":[65,289],"product_tag":[751,708,823,869,694,873],"class_list":["post-854","product","type-product","status-publish","has-post-thumbnail","hentry","product_cat-lalki","product_cat-mattel","product_tag-psi-patrol-kolorowanka","product_tag-zabawy-ruchowe-dla-dzieci","product_tag-zagadki-dla-dzieci-7-lat","product_tag-zagadki-na-logike","product_tag-zagadki-swiateczne-dla-dzieci","product_tag-zagadki-z-odpowiedziami-dla-dzieci"],"_links":{"self":[{"href":"http:\/\/klubmamgdynia.pl\/index.php\/wp-json\/wp\/v2\/product\/854","targetHints":{"allow":["GET"]}}],"collection":[{"href":"http:\/\/klubmamgdynia.pl\/index.php\/wp-json\/wp\/v2\/product"}],"about":[{"href":"http:\/\/klubmamgdynia.pl\/index.php\/wp-json\/wp\/v2\/types\/product"}],"replies":[{"embeddable":true,"href":"http:\/\/klubmamgdynia.pl\/index.php\/wp-json\/wp\/v2\/comments?post=854"}],"wp:featuredmedia":[{"embeddable":true,"href":"http:\/\/klubmamgdynia.pl\/index.php\/wp-json\/wp\/v2\/media\/855"}],"wp:attachment":[{"href":"http:\/\/klubmamgdynia.pl\/index.php\/wp-json\/wp\/v2\/media?parent=854"}],"wp:term":[{"taxonomy":"product_cat","embeddable":true,"href":"http:\/\/klubmamgdynia.pl\/index.php\/wp-json\/wp\/v2\/product_cat?post=854"},{"taxonomy":"product_tag","embeddable":true,"href":"http:\/\/klubmamgdynia.pl\/index.php\/wp-json\/wp\/v2\/product_tag?post=854"}],"curies":[{"name":"wp","href":"https:\/\/api.w.org\/{rel}","templated":true}]}}