{"id":8543,"date":"2022-05-10T12:08:11","date_gmt":"2022-05-10T10:08:11","guid":{"rendered":"http:\/\/klubmamgdynia.pl\/index.php\/produkt\/nasza-ksiegarnia-puzzle-pucio-pierwsze-zabawy\/"},"modified":"2026-04-05T12:06:00","modified_gmt":"2026-04-05T10:06:00","slug":"nasza-ksiegarnia-puzzle-pucio-pierwsze-zabawy","status":"publish","type":"product","link":"http:\/\/klubmamgdynia.pl\/index.php\/produkt\/nasza-ksiegarnia-puzzle-pucio-pierwsze-zabawy\/","title":{"rendered":"Nasza Ksi\u0119garnia Puzzle Pucio Pierwsze Zabawy"},"content":{"rendered":"<p>NASZA KSI\u0118GARNIA PUZZLE PUCIO PIERWSZE ZABAWY<\/p>\n<p>Wreszcie s\u0105! D\u0142ugo wyczekiwane, m\u0105dre i pi\u0119kne zabawki z<br \/>\nPUCIEM!<\/p>\n<p>Uwielbiany przez dzieci i rodzic\u00f3w bohater bestsellerowej<br \/>\nserii Marty Galewskiej-Kustry, fenomenalnie ilustrowanej przez Joann\u0119 K\u0142os, w<br \/>\nko\u0144cu wykracza poza karty ksi\u0105\u017cek i pojawia si\u0119 tak\u017ce w grach edukacyjnych!<br \/>\nZapraszamy do wsp\u00f3lnej zabawy i nauki!<\/p>\n<p>Zestaw sk\u0142ada si\u0119 z 32 obrazk\u00f3w. Na kartonikach znajduj\u0105<br \/>\nsi\u0119 obrazki z wyra\u017ceniem d\u017awi\u0119kona\u015bladowczym, a tak\u017ce obiektem lub zwierz\u0119ciem<br \/>\nwydaj\u0105cym dany d\u017awi\u0119k oraz wizerunkiem Pucia \u2013 ulubionego bohatera maluch\u00f3w.<br \/>\nWyra\u017cenia d\u017awi\u0119kona\u015bladowcze s\u0105 wypowiadane ju\u017c przez roczne dzieci i stanowi\u0105<br \/>\nbardzo istotny element rozwoju mowy. Zebrane w estetycznym pude\u0142ku obrazki daj\u0105<br \/>\nokazj\u0119 do rozmaitych zabaw, w zale\u017cno\u015bci od mo\u017cliwo\u015bci intelektualnych i<br \/>\npotrzeb dziecka: nauki nazywania obiekt\u00f3w, powtarzania i rozpoznawania wyra\u017ce\u0144<br \/>\nd\u017awi\u0119kona\u015bladowczych, wyszukiwania wskazanych przez rodzic\u00f3w obiekt\u00f3w spo\u015br\u00f3d<br \/>\nkilku wybranych kartonik\u00f3w i wielu innych gier (opisanych w do\u0142\u0105czonej do<br \/>\nzestawu instrukcji).<\/p>\n<p>Wyprodukowano w Polsce.<\/p>\n<h2>Nasza Ksi\u0119garnia Puzzle Pucio Pierwsze Zabawy Nasza Ksi\u0119garnia<\/h2>\n<p>dzie\u0144 pluszowego misia 2021, jak narysowa\u0107 kota, kolorowanki do druku dla doros\u0142ych, kotki do druku, bajki do czytania online, julian znaczenie imienia, zagadki dla przedszkolak\u00f3w, bajka dla niemowlaka, basen dla dzieci warszawa, zagadki dla 5 latka, wielkanocne zagadki dla dzieci, ozdoby na choinke przedszkole, mini zoo warszawa, \u017carty na prima aprilis dla dzieci, b\u0105k ptak<\/p>\n<p>yyyyy<\/p>\n<p>&nbsp;<\/p>\n","protected":false},"excerpt":{"rendered":"<p>NASZA KSI\u0118GARNIA PUZZLE PUCIO PIERWSZE ZABAWY Wreszcie s\u0105! D\u0142ugo wyczekiwane, m\u0105dre i pi\u0119kne zabawki z PUCIEM! Uwielbiany przez dzieci i rodzic\u00f3w bohater bestsellerowej serii Marty Galewskiej-Kustry, fenomenalnie ilustrowanej przez Joann\u0119 K\u0142os, w ko\u0144cu wykracza poza karty ksi\u0105\u017cek i pojawia si\u0119 tak\u017ce w grach edukacyjnych! Zapraszamy do wsp\u00f3lnej zabawy i nauki! Zestaw sk\u0142ada si\u0119 z 32 [&hellip;]<\/p>\n","protected":false},"featured_media":8544,"comment_status":"closed","ping_status":"open","template":"","meta":[],"product_cat":[374,90],"product_tag":[664,706,606,601],"class_list":["post-8543","product","type-product","status-publish","has-post-thumbnail","hentry","product_cat-nasza-ksiegarnia","product_cat-puzzle","product_tag-atrakcje-dla-dzieci-trojmiasto","product_tag-imie-kuba","product_tag-stala-pod-sniegiem","product_tag-zagadki-co-to-jest"],"_links":{"self":[{"href":"http:\/\/klubmamgdynia.pl\/index.php\/wp-json\/wp\/v2\/product\/8543","targetHints":{"allow":["GET"]}}],"collection":[{"href":"http:\/\/klubmamgdynia.pl\/index.php\/wp-json\/wp\/v2\/product"}],"about":[{"href":"http:\/\/klubmamgdynia.pl\/index.php\/wp-json\/wp\/v2\/types\/product"}],"replies":[{"embeddable":true,"href":"http:\/\/klubmamgdynia.pl\/index.php\/wp-json\/wp\/v2\/comments?post=8543"}],"wp:featuredmedia":[{"embeddable":true,"href":"http:\/\/klubmamgdynia.pl\/index.php\/wp-json\/wp\/v2\/media\/8544"}],"wp:attachment":[{"href":"http:\/\/klubmamgdynia.pl\/index.php\/wp-json\/wp\/v2\/media?parent=8543"}],"wp:term":[{"taxonomy":"product_cat","embeddable":true,"href":"http:\/\/klubmamgdynia.pl\/index.php\/wp-json\/wp\/v2\/product_cat?post=8543"},{"taxonomy":"product_tag","embeddable":true,"href":"http:\/\/klubmamgdynia.pl\/index.php\/wp-json\/wp\/v2\/product_tag?post=8543"}],"curies":[{"name":"wp","href":"https:\/\/api.w.org\/{rel}","templated":true}]}}