{"id":8547,"date":"2011-10-24T12:24:16","date_gmt":"2011-10-24T10:24:16","guid":{"rendered":"http:\/\/klubmamgdynia.pl\/index.php\/produkt\/pastello-bibula-marszczona-10-kolorow-spectrum-25x200cm\/"},"modified":"2026-04-06T01:02:55","modified_gmt":"2026-04-05T23:02:55","slug":"pastello-bibula-marszczona-10-kolorow-spectrum-25x200cm","status":"publish","type":"product","link":"http:\/\/klubmamgdynia.pl\/index.php\/produkt\/pastello-bibula-marszczona-10-kolorow-spectrum-25x200cm\/","title":{"rendered":"Pastello Bibu\u0142a Marszczona 10 Kolor\u00f3w Spectrum 25X200Cm"},"content":{"rendered":"<p>BIBU\u0141A MARSZCZONA 10 KOLOR\u00d3W SPECTRUM 25x200cm BIBU\u0141A MARSZCZONA 10 KOLOR\u00d3W SPECTRUM 25x200cm &#8211; PASTELLOPodstawowy element wyprawki dla dziecka.Bibu\u0142a odznacza si\u0119 du\u017cymi mo\u017cliwo\u015bciami je\u015bli chodzi o zastosowanie.Wykorzystana mo\u017ce zosta\u0107 m.in do prac plastycznych z udzia\u0142em dzieci.Z powodzeniem mo\u017cna ni\u0105 wykleja\u0107 przedmioty zar\u00f3wno od wewn\u0105trz jak i okleja\u0107 na zewn\u0105trz.Dzi\u0119ki niej mo\u017cliwe jest tak\u017ce wykonywanie przestrzennych prac plastycznych.Innym zastosowaniem bibu\u0142y marszczonej s\u0105 tak\u017ce wszelkiego rodzaju dekoracje.Dzi\u0119ki temu, i\u017c jest to materia niezwykle podatna na modelowanie mo\u017cliwe jest przy jej u\u017cyciu tworzenie ciekawych i oryginalnych,a przy tym niezwykle estetycznych element\u00f3w dekoracyjnych.W zestawie znajduje si\u0119 10 kolor\u00f3w:- bordowy- czerwony- 2x pomara\u0144czowy- \u017c\u00f3\u0142ty- 2x zielony- niebieski- granatowy- fioletowyLiczba rolek w paczce: 10 szt.Wymiary &#8211; 25 x 200 cmProducent &#8211; Pastello<\/p>\n<h2>Pastello Bibu\u0142a Marszczona 10 Kolor\u00f3w Spectrum 25X200Cm <\/h2>\n<p>kolorowanki antystresowe do druku, domki nad morzem z atrakcjami dla dzieci, nowoczesna babcia wiersz, zabawy ruchowe dla dzieci w przedszkolu, tekst kolysanek, nietypowe imiona damskie, pia, proste przepisy dla dzieci, pia, ksi\u0105\u017cka dla dzieci online, zagadki dla rodziny, test z pana kleksa, podchwytliwe zagadki dla doros\u0142ych, wielkanocne zagadki, czasdzieci krak\u00f3w, zabawka na roczek<\/p>\n<p>yyyyy<\/p>\n<p>&nbsp;<\/p>\n","protected":false},"excerpt":{"rendered":"<p>BIBU\u0141A MARSZCZONA 10 KOLOR\u00d3W SPECTRUM 25x200cm BIBU\u0141A MARSZCZONA 10 KOLOR\u00d3W SPECTRUM 25x200cm &#8211; PASTELLOPodstawowy element wyprawki dla dziecka.Bibu\u0142a odznacza si\u0119 du\u017cymi mo\u017cliwo\u015bciami je\u015bli chodzi o zastosowanie.Wykorzystana mo\u017ce zosta\u0107 m.in do prac plastycznych z udzia\u0142em dzieci.Z powodzeniem mo\u017cna ni\u0105 wykleja\u0107 przedmioty zar\u00f3wno od wewn\u0105trz jak i okleja\u0107 na zewn\u0105trz.Dzi\u0119ki niej mo\u017cliwe jest tak\u017ce wykonywanie przestrzennych prac [&hellip;]<\/p>\n","protected":false},"featured_media":8548,"comment_status":"closed","ping_status":"open","template":"","meta":[],"product_cat":[325],"product_tag":[763,617,826,809,811],"class_list":["post-8547","product","type-product","status-publish","has-post-thumbnail","hentry","product_cat-szkolne-artykuly-papiernicze","product_tag-fabian","product_tag-keyword","product_tag-prezent-dla-15-latka","product_tag-zagadki","product_tag-zagadki-logiczne-dla-dzieci"],"_links":{"self":[{"href":"http:\/\/klubmamgdynia.pl\/index.php\/wp-json\/wp\/v2\/product\/8547","targetHints":{"allow":["GET"]}}],"collection":[{"href":"http:\/\/klubmamgdynia.pl\/index.php\/wp-json\/wp\/v2\/product"}],"about":[{"href":"http:\/\/klubmamgdynia.pl\/index.php\/wp-json\/wp\/v2\/types\/product"}],"replies":[{"embeddable":true,"href":"http:\/\/klubmamgdynia.pl\/index.php\/wp-json\/wp\/v2\/comments?post=8547"}],"wp:featuredmedia":[{"embeddable":true,"href":"http:\/\/klubmamgdynia.pl\/index.php\/wp-json\/wp\/v2\/media\/8548"}],"wp:attachment":[{"href":"http:\/\/klubmamgdynia.pl\/index.php\/wp-json\/wp\/v2\/media?parent=8547"}],"wp:term":[{"taxonomy":"product_cat","embeddable":true,"href":"http:\/\/klubmamgdynia.pl\/index.php\/wp-json\/wp\/v2\/product_cat?post=8547"},{"taxonomy":"product_tag","embeddable":true,"href":"http:\/\/klubmamgdynia.pl\/index.php\/wp-json\/wp\/v2\/product_tag?post=8547"}],"curies":[{"name":"wp","href":"https:\/\/api.w.org\/{rel}","templated":true}]}}