{"id":8549,"date":"2025-09-14T11:03:26","date_gmt":"2025-09-14T09:03:26","guid":{"rendered":"http:\/\/klubmamgdynia.pl\/?post_type=product&#038;p=8549"},"modified":"2026-05-17T22:06:38","modified_gmt":"2026-05-17T20:06:38","slug":"spin-master-psi-patrol-moto-pups-rocky-figurka-i-motocykl-deluxe-spin-master","status":"publish","type":"product","link":"http:\/\/klubmamgdynia.pl\/index.php\/produkt\/spin-master-psi-patrol-moto-pups-rocky-figurka-i-motocykl-deluxe-spin-master\/","title":{"rendered":"Spin Master Psi Patrol Moto Pups Rocky Figurka I Motocykl Deluxe Spin Master"},"content":{"rendered":"<p>Figurka Rockyego i motocykl deluxe z serii Psi Patrol Moto Pups od Spin Master.<\/p>\n<h2>Spin Master Psi Patrol Moto Pups Rocky Figurka I Motocykl Deluxe Spin Master Spin Master<\/h2>\n<p>quizy flagi, zadania logiczne, kolorowanki dla dziewczynek, walentynka dla c\u00f3rki, co kupi\u0107 dziewczynce na roczek, test z lektury dzieci z bullerbyn, zabawy halloweenowe dla dzieci, lidia imie, z\u0142ote my\u015bli kubu\u015b puchatek cytaty, beniamin imi\u0119, imi\u0119 nadia, cytaty o wychowaniu i nauczaniu<\/p>\n<p>yyyyy<\/p>\n<p>&nbsp;<\/p>\n","protected":false},"excerpt":{"rendered":"<p>Figurka Rockyego i motocykl deluxe z serii Psi Patrol Moto Pups od Spin Master. Spin Master Psi Patrol Moto Pups Rocky Figurka I Motocykl Deluxe Spin Master Spin Master quizy flagi, zadania logiczne, kolorowanki dla dziewczynek, walentynka dla c\u00f3rki, co kupi\u0107 dziewczynce na roczek, test z lektury dzieci z bullerbyn, zabawy halloweenowe dla dzieci, lidia [&hellip;]<\/p>\n","protected":false},"featured_media":8550,"comment_status":"closed","ping_status":"open","template":"","meta":[],"product_cat":[83,94],"product_tag":[728,731,818,830,675],"class_list":["post-8549","product","type-product","status-publish","has-post-thumbnail","hentry","product_cat-auta-i-inne-pojazdy-do-zabawy","product_cat-spin-master","product_tag-bezwarunkowa-milosc-do-dziecka-cytaty","product_tag-maly-ksiaze-cytaty","product_tag-oliwier","product_tag-rodzina-cytaty","product_tag-test-z-lektury-kajko-i-kokosz-szkola-latania"],"_links":{"self":[{"href":"http:\/\/klubmamgdynia.pl\/index.php\/wp-json\/wp\/v2\/product\/8549","targetHints":{"allow":["GET"]}}],"collection":[{"href":"http:\/\/klubmamgdynia.pl\/index.php\/wp-json\/wp\/v2\/product"}],"about":[{"href":"http:\/\/klubmamgdynia.pl\/index.php\/wp-json\/wp\/v2\/types\/product"}],"replies":[{"embeddable":true,"href":"http:\/\/klubmamgdynia.pl\/index.php\/wp-json\/wp\/v2\/comments?post=8549"}],"wp:featuredmedia":[{"embeddable":true,"href":"http:\/\/klubmamgdynia.pl\/index.php\/wp-json\/wp\/v2\/media\/8550"}],"wp:attachment":[{"href":"http:\/\/klubmamgdynia.pl\/index.php\/wp-json\/wp\/v2\/media?parent=8549"}],"wp:term":[{"taxonomy":"product_cat","embeddable":true,"href":"http:\/\/klubmamgdynia.pl\/index.php\/wp-json\/wp\/v2\/product_cat?post=8549"},{"taxonomy":"product_tag","embeddable":true,"href":"http:\/\/klubmamgdynia.pl\/index.php\/wp-json\/wp\/v2\/product_tag?post=8549"}],"curies":[{"name":"wp","href":"https:\/\/api.w.org\/{rel}","templated":true}]}}