{"id":8551,"date":"2019-03-29T14:24:13","date_gmt":"2019-03-29T13:24:13","guid":{"rendered":"http:\/\/klubmamgdynia.pl\/index.php\/produkt\/bibs-zestaw-butelek-bibs-slow-flow-blush\/"},"modified":"2026-04-22T06:54:19","modified_gmt":"2026-04-22T04:54:19","slug":"bibs-zestaw-butelek-bibs-slow-flow-blush","status":"publish","type":"product","link":"http:\/\/klubmamgdynia.pl\/index.php\/produkt\/bibs-zestaw-butelek-bibs-slow-flow-blush\/","title":{"rendered":"Bibs\u00ae Zestaw Butelek Bibs Slow Flow, Blush"},"content":{"rendered":"<p>Szczeg\u00f3\u0142y produktu: Wiek: 0+ miesi\u0119cy Design : Blush Zaprojektowane z my\u015bl\u0105 o potrzebach niemowl\u0105t i rodzic\u00f3w Zapobiega myleniu sutk\u00f3w, gdy karmisz dziecko zar\u00f3wno piersi\u0105, jak i butelk\u0105 Zalecane przez po\u0142o\u017cne w celu wspierania naturalnego karmienia piersi\u0105 Zaw\u00f3r antykolkowy umo\u017cliwia wydostawanie si\u0119 powietrza i ogranicza po\u0142ykanie podczas karmienia Nie uwalnia mikroplastik\u00f3w do mleka Mo\u017cliwo\u015b\u0107 \u0142\u0105czenia z butelkami szklanymi BIBS w r\u00f3\u017cnych rozmiarach Materia\u0142 i wymiary: Wszystkie cz\u0119\u015bci s\u0105 wykonane z materia\u0142\u00f3w w 100 % bezpiecznych dla \u017cywno\u015bci Okr\u0105g\u0142y smoczek wykonany z naturalnej gumy lateksowej (wolny przep\u0142yw) Instrukcje dotycz\u0105ce przechowywania i piel\u0119gnacji: Smoczek nie nadaje si\u0119 do mycia w zmywarce W zestawie: 1x zestaw butelek BIBS Slow Flow, Blush Uwaga: Szklan\u0105 butelk\u0119 BIBS nale\u017cy zakupi\u0107 osobno.<\/p>\n<h2>Bibs\u00ae Zestaw Butelek Bibs Slow Flow, Blush Bibs<\/h2>\n<p>kolorowanki z bajek, afryka\u0144skie imiona, trudne zagadki na inteligencje, zaj\u0105czek z jajka ugotowanego, zagadki dla 4 latka, co oznacza nazwa jordan, kolorowanki do druku dla ch\u0142opc\u00f3w, bajka o emocjach, quiz flagi<\/p>\n<p>yyyyy<\/p>\n<p>&nbsp;<\/p>\n","protected":false},"excerpt":{"rendered":"<p>Szczeg\u00f3\u0142y produktu: Wiek: 0+ miesi\u0119cy Design : Blush Zaprojektowane z my\u015bl\u0105 o potrzebach niemowl\u0105t i rodzic\u00f3w Zapobiega myleniu sutk\u00f3w, gdy karmisz dziecko zar\u00f3wno piersi\u0105, jak i butelk\u0105 Zalecane przez po\u0142o\u017cne w celu wspierania naturalnego karmienia piersi\u0105 Zaw\u00f3r antykolkowy umo\u017cliwia wydostawanie si\u0119 powietrza i ogranicza po\u0142ykanie podczas karmienia Nie uwalnia mikroplastik\u00f3w do mleka Mo\u017cliwo\u015b\u0107 \u0142\u0105czenia z [&hellip;]<\/p>\n","protected":false},"featured_media":8552,"comment_status":"closed","ping_status":"open","template":"","meta":[],"product_cat":[1456,195],"product_tag":[819,776,614],"class_list":["post-8551","product","type-product","status-publish","has-post-thumbnail","hentry","product_cat-bibs","product_cat-butelki","product_tag-co-kupic-nastolatce-na-swieta","product_tag-dobrej-nocy","product_tag-pia"],"_links":{"self":[{"href":"http:\/\/klubmamgdynia.pl\/index.php\/wp-json\/wp\/v2\/product\/8551","targetHints":{"allow":["GET"]}}],"collection":[{"href":"http:\/\/klubmamgdynia.pl\/index.php\/wp-json\/wp\/v2\/product"}],"about":[{"href":"http:\/\/klubmamgdynia.pl\/index.php\/wp-json\/wp\/v2\/types\/product"}],"replies":[{"embeddable":true,"href":"http:\/\/klubmamgdynia.pl\/index.php\/wp-json\/wp\/v2\/comments?post=8551"}],"wp:featuredmedia":[{"embeddable":true,"href":"http:\/\/klubmamgdynia.pl\/index.php\/wp-json\/wp\/v2\/media\/8552"}],"wp:attachment":[{"href":"http:\/\/klubmamgdynia.pl\/index.php\/wp-json\/wp\/v2\/media?parent=8551"}],"wp:term":[{"taxonomy":"product_cat","embeddable":true,"href":"http:\/\/klubmamgdynia.pl\/index.php\/wp-json\/wp\/v2\/product_cat?post=8551"},{"taxonomy":"product_tag","embeddable":true,"href":"http:\/\/klubmamgdynia.pl\/index.php\/wp-json\/wp\/v2\/product_tag?post=8551"}],"curies":[{"name":"wp","href":"https:\/\/api.w.org\/{rel}","templated":true}]}}