{"id":8553,"date":"2017-06-07T18:55:13","date_gmt":"2017-06-07T16:55:13","guid":{"rendered":"http:\/\/klubmamgdynia.pl\/index.php\/produkt\/syberia-the-world-before-gra-xbox-series-x\/"},"modified":"2026-04-22T20:35:44","modified_gmt":"2026-04-22T18:35:44","slug":"syberia-the-world-before-gra-xbox-series-x","status":"publish","type":"product","link":"http:\/\/klubmamgdynia.pl\/index.php\/produkt\/syberia-the-world-before-gra-xbox-series-x\/","title":{"rendered":"Syberia The World Before (Gra Xbox Series X)"},"content":{"rendered":"<p>Syberia: The World Before &#8211; przygodowa gra                            <\/p>\n<p>Syberia: The World BeforeVaghen, 1937 rok: Dana Roze to siedemnastoletnia dama, kt\u00f3rej b\u0142yskotliwa kariera pianistki w\u0142a\u015bnie si\u0119 rozpoczyna. Jednak nad jej przysz\u0142o\u015bci\u0105 zaczynaj\u0105 pojawia\u0107 si\u0119 cienie, gdy faszystowski Br\u0105zowy Cie\u0144 wisi nad Europ\u0105, gro\u017c\u0105c drug\u0105 wojn\u0105 \u015bwiatow\u0105.Tajga, 2004 rok: Kate Walker walczy o przetrwanie najlepiej, jak potrafi, uwi\u0119ziona w kopalni soli, gdy tragiczne wydarzenie pcha j\u0105 w obj\u0119cia nowej przygody w poszukiwaniu swojej to\u017csamo\u015bci.\u00a0                            <\/p>\n<p>CECHY GRY:\u2022 Wyrusz na przygod\u0119 przez kontynenty i w czas. Graj jako Kate Walker i Dana Roze, i dotrzyj do sedna tajemnic, kt\u00f3re zbyt d\u0142ugo zostawa\u0142y w ukryciu.\u2022 Poznaj fantastyczny i poetycki \u015bwiat Beno\u00eeta Sokala, z zapieraj\u0105cymi dech w piersiach sceneriami i kultowymi postaciami.\u2022 Rozwi\u0105zuj skomplikowane \u0142amig\u0142\u00f3wki i zagadki, zgodnie z tradycj\u0105 sagi.\u2022 Odkryj bogat\u0105 i wci\u0105gaj\u0105c\u0105 histori\u0119 z bezprecedensowymi wstawkami i wci\u0105gaj\u0105cymi dialogami.\u2022 Daj si\u0119 porwa\u0107 symfonicznej \u015bcie\u017cce d\u017awi\u0119kowej skomponowanej przez Inona Zura (Syberia 3, Fallout, Dragon Age, Prince of Persia).<\/p>\n<h2>Syberia The World Before (Gra Xbox Series X) Microids<\/h2>\n<p>bajka o poci\u0105gu do czytania, iwo imie, zagadki o zwierz\u0119tach, darmowe kolorowanki kolorowanki dla dziewczynek, bajeczki na dobranoc, wr\u00f3\u017cby andrzejkowe dla dzieci zawody, \u0142amig\u0142\u00f3wki dla dzieci, wielkanocne zagadki dla dzieci, bajka do czytania na dobranoc, piosenka na dzie\u0144 nauczyciela przedszkole, flagi \u015bwiata quiz, transformers kolorowanka<\/p>\n<p>yyyyy<\/p>\n<p>&nbsp;<\/p>\n","protected":false},"excerpt":{"rendered":"<p>Syberia: The World Before &#8211; przygodowa gra Syberia: The World BeforeVaghen, 1937 rok: Dana Roze to siedemnastoletnia dama, kt\u00f3rej b\u0142yskotliwa kariera pianistki w\u0142a\u015bnie si\u0119 rozpoczyna. Jednak nad jej przysz\u0142o\u015bci\u0105 zaczynaj\u0105 pojawia\u0107 si\u0119 cienie, gdy faszystowski Br\u0105zowy Cie\u0144 wisi nad Europ\u0105, gro\u017c\u0105c drug\u0105 wojn\u0105 \u015bwiatow\u0105.Tajga, 2004 rok: Kate Walker walczy o przetrwanie najlepiej, jak potrafi, uwi\u0119ziona [&hellip;]<\/p>\n","protected":false},"featured_media":8554,"comment_status":"closed","ping_status":"open","template":"","meta":[],"product_cat":[377,1711],"product_tag":[618,595,710,725],"class_list":["post-8553","product","type-product","status-publish","has-post-thumbnail","hentry","product_cat-gry-xbox-series-x","product_cat-microids","product_tag-lato-lato-lato-czeka-tekst","product_tag-zagadki-dla-6-latka","product_tag-zagadki-dla-dzieci-10-12-lat","product_tag-zgadywanki"],"_links":{"self":[{"href":"http:\/\/klubmamgdynia.pl\/index.php\/wp-json\/wp\/v2\/product\/8553","targetHints":{"allow":["GET"]}}],"collection":[{"href":"http:\/\/klubmamgdynia.pl\/index.php\/wp-json\/wp\/v2\/product"}],"about":[{"href":"http:\/\/klubmamgdynia.pl\/index.php\/wp-json\/wp\/v2\/types\/product"}],"replies":[{"embeddable":true,"href":"http:\/\/klubmamgdynia.pl\/index.php\/wp-json\/wp\/v2\/comments?post=8553"}],"wp:featuredmedia":[{"embeddable":true,"href":"http:\/\/klubmamgdynia.pl\/index.php\/wp-json\/wp\/v2\/media\/8554"}],"wp:attachment":[{"href":"http:\/\/klubmamgdynia.pl\/index.php\/wp-json\/wp\/v2\/media?parent=8553"}],"wp:term":[{"taxonomy":"product_cat","embeddable":true,"href":"http:\/\/klubmamgdynia.pl\/index.php\/wp-json\/wp\/v2\/product_cat?post=8553"},{"taxonomy":"product_tag","embeddable":true,"href":"http:\/\/klubmamgdynia.pl\/index.php\/wp-json\/wp\/v2\/product_tag?post=8553"}],"curies":[{"name":"wp","href":"https:\/\/api.w.org\/{rel}","templated":true}]}}