{"id":8557,"date":"2018-08-17T04:03:16","date_gmt":"2018-08-17T02:03:16","guid":{"rendered":"http:\/\/klubmamgdynia.pl\/index.php\/produkt\/lego-nexo-knights-30372-mini-fortrex-robina\/"},"modified":"2026-04-08T20:34:23","modified_gmt":"2026-04-08T18:34:23","slug":"lego-nexo-knights-30372-mini-fortrex-robina","status":"publish","type":"product","link":"http:\/\/klubmamgdynia.pl\/index.php\/produkt\/lego-nexo-knights-30372-mini-fortrex-robina\/","title":{"rendered":"LEGO Nexo Knights 30372 Mini Fortrex Robina"},"content":{"rendered":"<p>Opracuj nowe rodzaje odlotowej broni, a potem pom\u00f3\u017c genialnemu Robinowi Underwoodowi przetestowa\u0107 je za pomoc\u0105 miniaturowej wersji Fortrexa, kt\u00f3ra ma wyrzutni\u0119 klock\u00f3w, wie\u017cyczki i most zwodzony.<\/p>\n<h2>LEGO Nexo Knights 30372 Mini Fortrex Robina LEGO<\/h2>\n<p>wzory zaprosze\u0144 zaproszenie na urodziny do druku pdf, cytaty o mi\u0142o\u015bci do dziecka, kolorowanki do druku zwierz\u0119ta, maski do druku kolorowe, gad\u017cety dla nastolatk\u00f3w 2021, zagadki co to jest, okolice wroc\u0142awia atrakcje, mini zoo warszawa, zaproszenie na urodziny do druku, opowiadanie o jesieni dla dzieci, zabawa dla 7 latka, pawe\u0142, roczek dziewczynki, ida swieta wielkanocne ida swieta, mandala kolorowanka, quiz o \u015bwi\u0119tym miko\u0142aju<\/p>\n<p>yyyyy<\/p>\n<p>&nbsp;<\/p>\n","protected":false},"excerpt":{"rendered":"<p>Opracuj nowe rodzaje odlotowej broni, a potem pom\u00f3\u017c genialnemu Robinowi Underwoodowi przetestowa\u0107 je za pomoc\u0105 miniaturowej wersji Fortrexa, kt\u00f3ra ma wyrzutni\u0119 klock\u00f3w, wie\u017cyczki i most zwodzony. LEGO Nexo Knights 30372 Mini Fortrex Robina LEGO wzory zaprosze\u0144 zaproszenie na urodziny do druku pdf, cytaty o mi\u0142o\u015bci do dziecka, kolorowanki do druku zwierz\u0119ta, maski do druku kolorowe, [&hellip;]<\/p>\n","protected":false},"featured_media":8558,"comment_status":"closed","ping_status":"open","template":"","meta":[],"product_cat":[113,540],"product_tag":[863,769,841,635],"class_list":["post-8557","product","type-product","status-publish","has-post-thumbnail","hentry","product_cat-klocki","product_cat-lego","product_tag-bajki-dla-dziewczynek","product_tag-psi-patrol-do-czytania","product_tag-quiz-o-flagach","product_tag-znaki-drogowe-do-druku"],"_links":{"self":[{"href":"http:\/\/klubmamgdynia.pl\/index.php\/wp-json\/wp\/v2\/product\/8557","targetHints":{"allow":["GET"]}}],"collection":[{"href":"http:\/\/klubmamgdynia.pl\/index.php\/wp-json\/wp\/v2\/product"}],"about":[{"href":"http:\/\/klubmamgdynia.pl\/index.php\/wp-json\/wp\/v2\/types\/product"}],"replies":[{"embeddable":true,"href":"http:\/\/klubmamgdynia.pl\/index.php\/wp-json\/wp\/v2\/comments?post=8557"}],"wp:featuredmedia":[{"embeddable":true,"href":"http:\/\/klubmamgdynia.pl\/index.php\/wp-json\/wp\/v2\/media\/8558"}],"wp:attachment":[{"href":"http:\/\/klubmamgdynia.pl\/index.php\/wp-json\/wp\/v2\/media?parent=8557"}],"wp:term":[{"taxonomy":"product_cat","embeddable":true,"href":"http:\/\/klubmamgdynia.pl\/index.php\/wp-json\/wp\/v2\/product_cat?post=8557"},{"taxonomy":"product_tag","embeddable":true,"href":"http:\/\/klubmamgdynia.pl\/index.php\/wp-json\/wp\/v2\/product_tag?post=8557"}],"curies":[{"name":"wp","href":"https:\/\/api.w.org\/{rel}","templated":true}]}}