{"id":856,"date":"2014-10-28T13:14:36","date_gmt":"2014-10-28T12:14:36","guid":{"rendered":"http:\/\/klubmamgdynia.pl\/index.php\/produkt\/lol-surprise-boys-arcade-heroes-bhaddie-bro-569374-f\/"},"modified":"2026-05-17T23:36:25","modified_gmt":"2026-05-17T21:36:25","slug":"lol-surprise-boys-arcade-heroes-bhaddie-bro-569374-f","status":"publish","type":"product","link":"http:\/\/klubmamgdynia.pl\/index.php\/produkt\/lol-surprise-boys-arcade-heroes-bhaddie-bro-569374-f\/","title":{"rendered":"LOL Surprise Boys Arcade Heroes Bhaddie Bro 569374 F"},"content":{"rendered":"<p>Boys Arcade Heroes Bhaddie Bro\u00a0                            <\/p>\n<p>Przygotujcie si\u0119 na zabaw\u0119 na wy\u017cszym poziomie! Z nowymi laleczkami Boys Arcade Heroes &#8211; wkroczycie do kolekcjonerskiego \u015bwiata, pe\u0142nego niezwyk\u0142ych postaci i przyg\u00f3d! W zestawie zamkni\u0119tym w pude\u0142ku imituj\u0105cym automat do gry, skrywa si\u0119 a\u017c 15 niespodzianek i laleczka kolekcjonerska: ch\u0142opiec lub jedna ultra-rzadka posta\u0107 dziewczynki. Wrzu\u0107 \u017ceton i baw si\u0119 w odkrywanie. We wn\u0119trzu znajdziesz podzielony na elementy, futurystyczny 6-elementowy kombinezon superbohatera, okre\u015blaj\u0105cy moce i charakter postaci. Po rozpakowaniu kombinezonu, kawa\u0142ek po kawa\u0142ku znajdziesz laleczk\u0119 kolekcjonersk\u0105 z bucikami i modowymi akcesoriami. Ka\u017cdy zestaw zawiera tak\u017ce kart\u0119 kolekcjonersk\u0105. W kolekcji wyst\u0119puje 6 postaci, w tym jedna rzadka i jedna ultra-rzadka. Kolory i elementy dekoracyjne mog\u0105 si\u0119 r\u00f3\u017cni\u0107.                            <\/p>\n<p>Cechy i zawarto\u015b\u0107 zestawu:<br \/>\n\u00a0opakowanie w formie automatu do gry z 15 niespodziankami do odkrycia,<br \/>\nwrzu\u0107 \u017ceton, by otworzy\u0107 opakowanie,<br \/>\nznajd\u017a lalk\u0119 w kombinezonie superbohatera,<br \/>\nakcesoria do zabawy: 6-cz\u0119\u015bciowy kombinezon bohatera, karta kolekcjonerska, butelka, akcesoria, majtki, str\u00f3j, buty, \u017ceton, pakiet zr\u0119czno\u015bciowy i niespodzianka L.O.L. SURPRISE laleczka &#8211; ch\u0142opiec Bhaddie Bro z Storybook Club<br \/>\nnakarm lub zamocz laleczk\u0119, by pozna\u0107 jej wyj\u0105tkowe cechy, np. zmian\u0119 koloru.                            <\/p>\n<p>Zbierz wszystkie 6 laleczek z serii LOL Surprise Boys Arcade Heroes!<\/p>\n<h2>LOL Surprise Boys Arcade Heroes Bhaddie Bro 569374 F LOL Surprise<\/h2>\n<p>park ujazdowski, papugi do druku, kanapeczki na urodziny dziecka, cytaty o dziecku i mamie, dziecko cytaty z\u0142ote my\u015bli, smieszne zagadki, proste \u017carty na prima aprilis, karty pracy dla dzieci z ukrainy pdf, test z lektury dzieci z bullerbyn, domki nad morzem z atrakcjami dla dzieci, dzie\u0144 nauczyciela teksty, zaproszenie na urodziny do druku pdf, alan znaczenie imienia, kanapeczki na urodziny dziecka, zagadki dla dzieci 4-5 lat online, sentencja rodzina<\/p>\n<p>yyyyy<\/p>\n<p>&nbsp;<\/p>\n","protected":false},"excerpt":{"rendered":"<p>Boys Arcade Heroes Bhaddie Bro\u00a0 Przygotujcie si\u0119 na zabaw\u0119 na wy\u017cszym poziomie! Z nowymi laleczkami Boys Arcade Heroes &#8211; wkroczycie do kolekcjonerskiego \u015bwiata, pe\u0142nego niezwyk\u0142ych postaci i przyg\u00f3d! W zestawie zamkni\u0119tym w pude\u0142ku imituj\u0105cym automat do gry, skrywa si\u0119 a\u017c 15 niespodzianek i laleczka kolekcjonerska: ch\u0142opiec lub jedna ultra-rzadka posta\u0107 dziewczynki. Wrzu\u0107 \u017ceton i baw [&hellip;]<\/p>\n","protected":false},"featured_media":857,"comment_status":"closed","ping_status":"open","template":"","meta":[],"product_cat":[65,294],"product_tag":[772,833,801,718,595,788,604],"class_list":["post-856","product","type-product","status-publish","has-post-thumbnail","hentry","product_cat-lalki","product_cat-lol-surprise","product_tag-45-panstw-europy-i-ich-stolice-quiz","product_tag-bajki-dla-dzieci-do-czytania","product_tag-bajki-terapeutyczne-o-emocjach","product_tag-prezent-na-roczek-dla-chrzesniaka","product_tag-zagadki-dla-6-latka","product_tag-zagadki-krotkie","product_tag-zagadki-trudne"],"_links":{"self":[{"href":"http:\/\/klubmamgdynia.pl\/index.php\/wp-json\/wp\/v2\/product\/856","targetHints":{"allow":["GET"]}}],"collection":[{"href":"http:\/\/klubmamgdynia.pl\/index.php\/wp-json\/wp\/v2\/product"}],"about":[{"href":"http:\/\/klubmamgdynia.pl\/index.php\/wp-json\/wp\/v2\/types\/product"}],"replies":[{"embeddable":true,"href":"http:\/\/klubmamgdynia.pl\/index.php\/wp-json\/wp\/v2\/comments?post=856"}],"wp:featuredmedia":[{"embeddable":true,"href":"http:\/\/klubmamgdynia.pl\/index.php\/wp-json\/wp\/v2\/media\/857"}],"wp:attachment":[{"href":"http:\/\/klubmamgdynia.pl\/index.php\/wp-json\/wp\/v2\/media?parent=856"}],"wp:term":[{"taxonomy":"product_cat","embeddable":true,"href":"http:\/\/klubmamgdynia.pl\/index.php\/wp-json\/wp\/v2\/product_cat?post=856"},{"taxonomy":"product_tag","embeddable":true,"href":"http:\/\/klubmamgdynia.pl\/index.php\/wp-json\/wp\/v2\/product_tag?post=856"}],"curies":[{"name":"wp","href":"https:\/\/api.w.org\/{rel}","templated":true}]}}