{"id":8563,"date":"2025-01-28T15:07:03","date_gmt":"2025-01-28T14:07:03","guid":{"rendered":"http:\/\/klubmamgdynia.pl\/?post_type=product&#038;p=8563"},"modified":"2026-04-30T02:06:20","modified_gmt":"2026-04-30T00:06:20","slug":"mochtoys-domek-ogrodowy-zielony","status":"publish","type":"product","link":"http:\/\/klubmamgdynia.pl\/index.php\/produkt\/mochtoys-domek-ogrodowy-zielony\/","title":{"rendered":"Mochtoys Domek ogrodowy zielony"},"content":{"rendered":"<p>MOCHTOYS DOMEK OGRODOWY ZIELONY<\/p>\n<p>Niezapomniana zabawa!<br \/>\nWspania\u0142a zabawa na \u015bwie\u017cym powietrzu dla Twojego dziecka! Pi\u0119kny i oryginalny<br \/>\n&#8211; domek zachwyca kolorystyk\u0105 i swym designem Wykonany z trwa\u0142ego tworzywa<br \/>\nodpornego na dzia\u0142anie czynnik\u00f3w atmosferycznych Fantastyczna zabawa w<br \/>\nogrodzie! Masz pi\u0119kny ogr\u00f3d z miejscem do zabawy dla dzieci, ale nie wiesz jak<br \/>\nje zagospodarowa\u0107? Chcesz tak\u017ce wyj\u0105tkowej zabawki ogrodowej dla swojego<br \/>\ndziecka? Domek ogrodowy ze stolikiem od Mochtoys b\u0119dzie idealnym rozwi\u0105zaniem<br \/>\ndla Ciebie oraz wspania\u0142ym prezentem dla Twojego dziecka! Domek to miejsce do<br \/>\nzabawy, podczas kt\u00f3rej dziecko mo\u017ce na\u015bladowa\u0107 zachowania doros\u0142ych i wymy\u015bla\u0107<br \/>\nniesamowite historie. Postaw go w swoim ogrodzie i ciesz si\u0119, widz\u0105c szcz\u0119\u015bliwe<br \/>\ni zachwycone dzieci! Zdj\u0119cie ma charakter pogl\u0105dowy Bezpiecznie i wygodnie                             <\/p>\n<p>Domek ogrodowy zachwyca<br \/>\nprzyjemn\u0105 kolorystyk\u0105 i ciekawym designem. Wykonany zosta\u0142 z wytrzyma\u0142ego i<br \/>\nsolidnego tworzywa, kt\u00f3re gwarantuje bezpieczn\u0105 zabaw\u0119. Ponadto materia\u0142 jest<br \/>\nodporny na dzia\u0142anie czynnik\u00f3w atmosferycznych, dlatego mo\u017cesz by\u0107 pewny, \u017ce<br \/>\ndomek d\u0142ugo pos\u0142u\u017cy do zabawy Twojemu dziecku! Jego wymiary pozwalaj\u0105 na<br \/>\nwygodn\u0105 zabaw\u0119 ca\u0142ej gromadce dzieci! A stolik, kt\u00f3ry jest po\u0142\u0105czony z domkiem<br \/>\nstwarza dodatkowe miejsce do zabawy.<\/p>\n<h2>Mochtoys Domek ogrodowy zielony Mochtoys<\/h2>\n<p>kolorowanka ze zdj\u0119cia, pi\u0119kne cytaty o nauczycielach, zagadki logiczne \u015bmieszne, karty pracy do druku litery, impreza halloween 2021 dla dzieci, jak narysowa\u0107 pikachu, \u015bmieszne zagadki dla dzieci, tulipany kolorowanki, karty pracy dla dzieci z ukrainy pdf, milena, kolorowanki lol do druku, minecraft kolorowanki, anastazja imi\u0119, po\u0142\u0105cz kropki, jak narysowa\u0107 cz\u0142owieka, prezent dla nastolatk\u00f3w 2020<\/p>\n<p>yyyyy<\/p>\n<p>&nbsp;<\/p>\n","protected":false},"excerpt":{"rendered":"<p>MOCHTOYS DOMEK OGRODOWY ZIELONY Niezapomniana zabawa! Wspania\u0142a zabawa na \u015bwie\u017cym powietrzu dla Twojego dziecka! Pi\u0119kny i oryginalny &#8211; domek zachwyca kolorystyk\u0105 i swym designem Wykonany z trwa\u0142ego tworzywa odpornego na dzia\u0142anie czynnik\u00f3w atmosferycznych Fantastyczna zabawa w ogrodzie! Masz pi\u0119kny ogr\u00f3d z miejscem do zabawy dla dzieci, ale nie wiesz jak je zagospodarowa\u0107? Chcesz tak\u017ce wyj\u0105tkowej [&hellip;]<\/p>\n","protected":false},"featured_media":8564,"comment_status":"closed","ping_status":"open","template":"","meta":[],"product_cat":[282,319],"product_tag":[598,828,670,624,594,806],"class_list":["post-8563","product","type-product","status-publish","has-post-thumbnail","hentry","product_cat-domki-i-namioty-dla-dzieci","product_cat-mochtoys","product_tag-co-na-roczek-dla-dziewczynki","product_tag-filmy-wigilijne-dla-dzieci","product_tag-irma","product_tag-krotkie-zagadki","product_tag-podchwytliwe-zagadki-dla-dzieci","product_tag-prezent-dla-dziecka-na-roczek"],"_links":{"self":[{"href":"http:\/\/klubmamgdynia.pl\/index.php\/wp-json\/wp\/v2\/product\/8563","targetHints":{"allow":["GET"]}}],"collection":[{"href":"http:\/\/klubmamgdynia.pl\/index.php\/wp-json\/wp\/v2\/product"}],"about":[{"href":"http:\/\/klubmamgdynia.pl\/index.php\/wp-json\/wp\/v2\/types\/product"}],"replies":[{"embeddable":true,"href":"http:\/\/klubmamgdynia.pl\/index.php\/wp-json\/wp\/v2\/comments?post=8563"}],"wp:featuredmedia":[{"embeddable":true,"href":"http:\/\/klubmamgdynia.pl\/index.php\/wp-json\/wp\/v2\/media\/8564"}],"wp:attachment":[{"href":"http:\/\/klubmamgdynia.pl\/index.php\/wp-json\/wp\/v2\/media?parent=8563"}],"wp:term":[{"taxonomy":"product_cat","embeddable":true,"href":"http:\/\/klubmamgdynia.pl\/index.php\/wp-json\/wp\/v2\/product_cat?post=8563"},{"taxonomy":"product_tag","embeddable":true,"href":"http:\/\/klubmamgdynia.pl\/index.php\/wp-json\/wp\/v2\/product_tag?post=8563"}],"curies":[{"name":"wp","href":"https:\/\/api.w.org\/{rel}","templated":true}]}}