{"id":8565,"date":"2022-04-04T05:46:42","date_gmt":"2022-04-04T03:46:42","guid":{"rendered":"http:\/\/klubmamgdynia.pl\/index.php\/produkt\/granna-sniadanko\/"},"modified":"2026-04-28T13:27:29","modified_gmt":"2026-04-28T11:27:29","slug":"granna-sniadanko","status":"publish","type":"product","link":"http:\/\/klubmamgdynia.pl\/index.php\/produkt\/granna-sniadanko\/","title":{"rendered":"Granna \u015aniadanko"},"content":{"rendered":"<p>Kreatywna zabawa, rodzaj uk\u0142adanki, kt\u00f3ra umo\u017cliwia dzieciom tworzenie smacznych i zdrowych kanapek. Dziecko ma do dyspozycji: bu\u0142eczk\u0119, kromk\u0119 chleba, plasterki sera i jajka oraz wiele kolorowych plasterk\u00f3w warzyw. Mo\u017ce bawi\u0107 si\u0119 w przygotowywanie \u015bniadanka dla siebie i dla innych domownik\u00f3w. Gra \u0107wiczy wiele poj\u0119\u0107: pod, na, obok, nad. Rozwija wyobra\u017ani\u0119, spostrzegawczo\u015b\u0107, koncentracj\u0119, uczy nowych s\u0142\u00f3w. \u015aniadanko to pyszna, kolorowa zabawa.Informacje o produkcieMarka BrakRodzaj Rodzinne i towarzyskieMin. liczba graczy 1Max. liczba graczy 4Czas gry 20 minWersja j\u0119zykowa PolskaWymagania wiekowe od 2 latP\u0142e\u0107 Ch\u0142opcyDziewczynkiProdukt na baterie NieBaterie w zestawie NieZasilanie Nie dotyczyAkcesoria w zestawie 2 kromki chleba2 strony bu\u0142eczki4 plastry ser\u00f3w2 roladki serowe6 plasterk\u00f3w jajek18 sztuk warzywPropozycje zabawPozosta\u0142e parametryWymiary opakowania: 190 x 190 x 36 mm<\/p>\n<h2>Granna \u015aniadanko Granna<\/h2>\n<p>zima z\u0142a tekst, chase psi patrol kolorowanka, trudne zagadki i odpowiedzi, wierszyki o wakacjach kr\u00f3tkie, kolorowanki dla dziewczynek, zagadka, \u015bmieszne zagadki z odpowiedziami, szablony papierowe lalki do ubierania do wydruku, prezent na roczek dla chrze\u015bniaka, traktor z przyczep\u0105 kolorowanka, pokemony kolorowanka, zagadki i odpowiedzi, maciej imie, ma\u0142y ksi\u0105\u017c\u0119 &#8211; test z odpowiedziami<\/p>\n<p>yyyyy<\/p>\n<p>&nbsp;<\/p>\n","protected":false},"excerpt":{"rendered":"<p>Kreatywna zabawa, rodzaj uk\u0142adanki, kt\u00f3ra umo\u017cliwia dzieciom tworzenie smacznych i zdrowych kanapek. Dziecko ma do dyspozycji: bu\u0142eczk\u0119, kromk\u0119 chleba, plasterki sera i jajka oraz wiele kolorowych plasterk\u00f3w warzyw. Mo\u017ce bawi\u0107 si\u0119 w przygotowywanie \u015bniadanka dla siebie i dla innych domownik\u00f3w. Gra \u0107wiczy wiele poj\u0119\u0107: pod, na, obok, nad. Rozwija wyobra\u017ani\u0119, spostrzegawczo\u015b\u0107, koncentracj\u0119, uczy nowych s\u0142\u00f3w. [&hellip;]<\/p>\n","protected":false},"featured_media":8566,"comment_status":"closed","ping_status":"open","template":"","meta":[],"product_cat":[430,130],"product_tag":[825,676,813,756],"class_list":["post-8565","product","type-product","status-publish","has-post-thumbnail","hentry","product_cat-granna","product_cat-gry-dzieciece","product_tag-bajka-na-dobranoc-do-czytania","product_tag-bursztynek","product_tag-krotkie-zagadki-matematyczne-z-odpowiedziami","product_tag-zaproszenie-na-urodziny-do-druku"],"_links":{"self":[{"href":"http:\/\/klubmamgdynia.pl\/index.php\/wp-json\/wp\/v2\/product\/8565","targetHints":{"allow":["GET"]}}],"collection":[{"href":"http:\/\/klubmamgdynia.pl\/index.php\/wp-json\/wp\/v2\/product"}],"about":[{"href":"http:\/\/klubmamgdynia.pl\/index.php\/wp-json\/wp\/v2\/types\/product"}],"replies":[{"embeddable":true,"href":"http:\/\/klubmamgdynia.pl\/index.php\/wp-json\/wp\/v2\/comments?post=8565"}],"wp:featuredmedia":[{"embeddable":true,"href":"http:\/\/klubmamgdynia.pl\/index.php\/wp-json\/wp\/v2\/media\/8566"}],"wp:attachment":[{"href":"http:\/\/klubmamgdynia.pl\/index.php\/wp-json\/wp\/v2\/media?parent=8565"}],"wp:term":[{"taxonomy":"product_cat","embeddable":true,"href":"http:\/\/klubmamgdynia.pl\/index.php\/wp-json\/wp\/v2\/product_cat?post=8565"},{"taxonomy":"product_tag","embeddable":true,"href":"http:\/\/klubmamgdynia.pl\/index.php\/wp-json\/wp\/v2\/product_tag?post=8565"}],"curies":[{"name":"wp","href":"https:\/\/api.w.org\/{rel}","templated":true}]}}