{"id":8567,"date":"2021-06-05T09:45:59","date_gmt":"2021-06-05T07:45:59","guid":{"rendered":"http:\/\/klubmamgdynia.pl\/index.php\/produkt\/victoria-3-digital\/"},"modified":"2026-04-06T03:57:52","modified_gmt":"2026-04-06T01:57:52","slug":"victoria-3-digital","status":"publish","type":"product","link":"http:\/\/klubmamgdynia.pl\/index.php\/produkt\/victoria-3-digital\/","title":{"rendered":"Victoria 3 (Digital)"},"content":{"rendered":"<p>Developers Paradox Development Studio presents an opportunity to create your ideal society of the 19th century. You will have to jump right in interests of society from that period of time and make your place under the sun while purchasing Victoria 3 __GAME_PLATFORM__ key at a cheaper price today! It seems, that this is the most anticipated game from Paradox, so get to know its features and unique elements, that won\u2019t let you pull away from the screen if you are interested in this kind of game.The biggest society simulatorIn this game, you will be able to control dozens of various world countries during the 1836-1936 period. Only your actions will dictate the fate of those countries. What will they be? Agrarian or industrial, traditional or radical, peaceful or expansionist? Don\u2019t forget that various social groups will have their economic needs and political desires. Reform your countries\u2019 governments and constitutions, because it will let use the newest social innovations, or use traditions and embrace stability in front of approaching revolutions. Explore new technologies and ideas, that will let you make your countries\u2019 positions better.Victoria 3 featuresGet to know various gameplay features of Victoria 3. You have to understand them in order to lead a healthy, prosperous, and stable society:\u2022 Development. Develop your industry, use various goods, and tax income in order to improve national prosperity;\u2022 Import. Make use of importing cheap materials, that will please simple needs, and look for new markets for your export;\u2022 Control. Control the fates of your empires and important goods, that will help your economy to grow;\u2022 Market. Use the market of labor, employ workers and please their needs;\u2022 Cheap Victoria 3 price.What more can you expect?In Victoria 3 __GAME_PLATFORM__ key game, use your diplomacy skills, sign various multinational pacts, and control relations of countries, alliances, and rivalry. Make your diplomatic position good in the context of the world. Use your military power to persecute your opponents during conflicts. Grow your economic and military power, and become an unstoppable and unkillable emperor. Get prestige and respect, and create an industrial giant in your home country or another Empire. Become the best. Become the king of the epoch today!<\/p>\n<h2>Victoria 3 (Digital) Steam<\/h2>\n<p>dzie\u0144 pluszowego misia, jak narysowa\u0107 \u017cab\u0119, trudne zagadki dla doros\u0142ych, kolorowanki super zings, afryka kazika test, quiz o usa<\/p>\n<p>yyyyy<\/p>\n<p>&nbsp;<\/p>\n","protected":false},"excerpt":{"rendered":"<p>Developers Paradox Development Studio presents an opportunity to create your ideal society of the 19th century. You will have to jump right in interests of society from that period of time and make your place under the sun while purchasing Victoria 3 __GAME_PLATFORM__ key at a cheaper price today! It seems, that this is the [&hellip;]<\/p>\n","protected":false},"featured_media":8568,"comment_status":"closed","ping_status":"open","template":"","meta":[],"product_cat":[352,361],"product_tag":[839,761,731],"class_list":["post-8567","product","type-product","status-publish","has-post-thumbnail","hentry","product_cat-gry-do-pobrania-na-pc","product_cat-steam","product_tag-bajki-na-dobranoc-do-czytania","product_tag-choinko-piekna-jak-las-tekst","product_tag-maly-ksiaze-cytaty"],"_links":{"self":[{"href":"http:\/\/klubmamgdynia.pl\/index.php\/wp-json\/wp\/v2\/product\/8567","targetHints":{"allow":["GET"]}}],"collection":[{"href":"http:\/\/klubmamgdynia.pl\/index.php\/wp-json\/wp\/v2\/product"}],"about":[{"href":"http:\/\/klubmamgdynia.pl\/index.php\/wp-json\/wp\/v2\/types\/product"}],"replies":[{"embeddable":true,"href":"http:\/\/klubmamgdynia.pl\/index.php\/wp-json\/wp\/v2\/comments?post=8567"}],"wp:featuredmedia":[{"embeddable":true,"href":"http:\/\/klubmamgdynia.pl\/index.php\/wp-json\/wp\/v2\/media\/8568"}],"wp:attachment":[{"href":"http:\/\/klubmamgdynia.pl\/index.php\/wp-json\/wp\/v2\/media?parent=8567"}],"wp:term":[{"taxonomy":"product_cat","embeddable":true,"href":"http:\/\/klubmamgdynia.pl\/index.php\/wp-json\/wp\/v2\/product_cat?post=8567"},{"taxonomy":"product_tag","embeddable":true,"href":"http:\/\/klubmamgdynia.pl\/index.php\/wp-json\/wp\/v2\/product_tag?post=8567"}],"curies":[{"name":"wp","href":"https:\/\/api.w.org\/{rel}","templated":true}]}}