{"id":8569,"date":"2013-06-16T07:56:27","date_gmt":"2013-06-16T05:56:27","guid":{"rendered":"http:\/\/klubmamgdynia.pl\/index.php\/produkt\/gra-planszowa-grubbe-media-hra-hracka-bagan-wersja-niemiecka\/"},"modified":"2026-04-26T15:03:05","modified_gmt":"2026-04-26T13:03:05","slug":"gra-planszowa-grubbe-media-hra-hracka-bagan-wersja-niemiecka","status":"publish","type":"product","link":"http:\/\/klubmamgdynia.pl\/index.php\/produkt\/gra-planszowa-grubbe-media-hra-hracka-bagan-wersja-niemiecka\/","title":{"rendered":"Gra planszowa Grubbe Media Hra\/Hra\u010dka Bagan (wersja niemiecka)"},"content":{"rendered":"<p>Nicht f\u00fcr Kinder unter 3 Jahren geeignet: Verschluckbare Kleinteile<\/p>\n<h2>Gra planszowa Grubbe Media Hra\/Hra\u010dka Bagan (wersja niemiecka) <\/h2>\n<p>bajki na dobranoc, farma dyni poznan, zabawy na dzie\u0144 dziecka w szkole, prezenty dla 16 latki, o b\u0142\u0119dne dyktando<\/p>\n<p>yyyyy<\/p>\n<p>&nbsp;<\/p>\n","protected":false},"excerpt":{"rendered":"<p>Nicht f\u00fcr Kinder unter 3 Jahren geeignet: Verschluckbare Kleinteile Gra planszowa Grubbe Media Hra\/Hra\u010dka Bagan (wersja niemiecka) bajki na dobranoc, farma dyni poznan, zabawy na dzie\u0144 dziecka w szkole, prezenty dla 16 latki, o b\u0142\u0119dne dyktando yyyyy &nbsp;<\/p>\n","protected":false},"featured_media":8570,"comment_status":"closed","ping_status":"open","template":"","meta":[],"product_cat":[235],"product_tag":[839,723,826],"class_list":["post-8569","product","type-product","status-publish","has-post-thumbnail","hentry","product_cat-gry-planszowe","product_tag-bajki-na-dobranoc-do-czytania","product_tag-krotkie-bajki-do-czytania-na-dobranoc","product_tag-prezent-dla-15-latka"],"_links":{"self":[{"href":"http:\/\/klubmamgdynia.pl\/index.php\/wp-json\/wp\/v2\/product\/8569","targetHints":{"allow":["GET"]}}],"collection":[{"href":"http:\/\/klubmamgdynia.pl\/index.php\/wp-json\/wp\/v2\/product"}],"about":[{"href":"http:\/\/klubmamgdynia.pl\/index.php\/wp-json\/wp\/v2\/types\/product"}],"replies":[{"embeddable":true,"href":"http:\/\/klubmamgdynia.pl\/index.php\/wp-json\/wp\/v2\/comments?post=8569"}],"wp:featuredmedia":[{"embeddable":true,"href":"http:\/\/klubmamgdynia.pl\/index.php\/wp-json\/wp\/v2\/media\/8570"}],"wp:attachment":[{"href":"http:\/\/klubmamgdynia.pl\/index.php\/wp-json\/wp\/v2\/media?parent=8569"}],"wp:term":[{"taxonomy":"product_cat","embeddable":true,"href":"http:\/\/klubmamgdynia.pl\/index.php\/wp-json\/wp\/v2\/product_cat?post=8569"},{"taxonomy":"product_tag","embeddable":true,"href":"http:\/\/klubmamgdynia.pl\/index.php\/wp-json\/wp\/v2\/product_tag?post=8569"}],"curies":[{"name":"wp","href":"https:\/\/api.w.org\/{rel}","templated":true}]}}