{"id":8571,"date":"2024-11-01T20:09:39","date_gmt":"2024-11-01T19:09:39","guid":{"rendered":"http:\/\/klubmamgdynia.pl\/?post_type=product&#038;p=8571"},"modified":"2026-05-17T22:28:38","modified_gmt":"2026-05-17T20:28:38","slug":"fotelik-samochodowy-lena-disney-psi-patrol-15-36kg-rozowy","status":"publish","type":"product","link":"http:\/\/klubmamgdynia.pl\/index.php\/produkt\/fotelik-samochodowy-lena-disney-psi-patrol-15-36kg-rozowy\/","title":{"rendered":"Fotelik samochodowy Lena Disney Psi Patrol 15-36Kg R\u00f3\u017cowy"},"content":{"rendered":"<p>Fotelik samochodowy TOPOPSI PATROL 15-36 kg &#8211; R\u00d3\u017bOWYWygodny fotelik TOPO PAW PATROL francuskiej marki Nania od firmy TEAMTEX &#8211; posiada wzmocnion\u0105 wy\u015bci\u00f3\u0142k\u0119, kt\u00f3ra gwarantuje komfort nawet podczas d\u0142u\u017cszych podr\u00f3\u017cy. Motyw ulubionych bohater\u00f3w dzieci\u0119cego serialu Paw Patrol z pewno\u015bci\u0105 przypadnie do gustu dzieciom. Fotelik jest unieruchomiony za pomoc\u0105 trzypunktowego pasa bezpiecze\u0144stwa samochodu, kt\u00f3ry s\u0142u\u017cy r\u00f3wnie\u017c do przytrzymania dziecka.- Stabilna konstrukcja- Wygodne pod\u0142okietniki- Zdejmowany pokrowiec \u2013 mo\u017cna pra\u0107 w pralce w 30\u00b0 C- Wykonany z wytrzyma\u0142ego tworzywa- Posiada oryginaln\u0105 licencj\u0119- \u0141atwy monta\u017c w ka\u017cdym aucie, wyposa\u017conym w 3-punktowe pasy bezpiecze\u0144stwa- Posiada certyfikat zgodno\u015bci z norm\u0105 ECE &#8211; R44\/04- Ergonomiczny kszta\u0142t (gwarantuje komfort oraz sprawiaj\u0105, \u017ce podr\u00f3\u017c samochodem staje si\u0119 przyjemno\u015bci\u0105)Podstawka Topo Psi Patrol przeznaczona jest dla dzieci o wadze 15-36 kg ( Gr. 2,3).<\/p>\n<h2>Fotelik samochodowy Lena Disney Psi Patrol 15-36Kg R\u00f3\u017cowy Lena<\/h2>\n<p>piosenki dla dzieci o jesieni, aniela znaczenie imienia, lodowiska w warszawie, ciekawostki o je\u017cach, quiz o \u015bwi\u0119tach, hot wheels kolorowanka, prezent dla nastolatk\u00f3w 2020, test szatan z si\u00f3dmej klasy, atrakcje dla dzieci wielkopolska, wiersz o marzannie, podchwytliwe zagadki i odpowiedzi, hymn g\u00f3rniczy, kolorowanka ksi\u0119\u017cniczka, prezent dla 7 latka ch\u0142opca, basen \u015bl\u0105sk, bajka terapeutyczna o dokuczaniu<\/p>\n<p>yyyyy<\/p>\n<p>&nbsp;<\/p>\n","protected":false},"excerpt":{"rendered":"<p>Fotelik samochodowy TOPOPSI PATROL 15-36 kg &#8211; R\u00d3\u017bOWYWygodny fotelik TOPO PAW PATROL francuskiej marki Nania od firmy TEAMTEX &#8211; posiada wzmocnion\u0105 wy\u015bci\u00f3\u0142k\u0119, kt\u00f3ra gwarantuje komfort nawet podczas d\u0142u\u017cszych podr\u00f3\u017cy. Motyw ulubionych bohater\u00f3w dzieci\u0119cego serialu Paw Patrol z pewno\u015bci\u0105 przypadnie do gustu dzieciom. Fotelik jest unieruchomiony za pomoc\u0105 trzypunktowego pasa bezpiecze\u0144stwa samochodu, kt\u00f3ry s\u0142u\u017cy r\u00f3wnie\u017c do [&hellip;]<\/p>\n","protected":false},"featured_media":8572,"comment_status":"closed","ping_status":"open","template":"","meta":[],"product_cat":[32,531],"product_tag":[834,662,699,644,791],"class_list":["post-8571","product","type-product","status-publish","has-post-thumbnail","hentry","product_cat-foteliki-samochodowe","product_cat-lena","product_tag-bajka-do-czytania-na-dobranoc","product_tag-bajki-na-dobranoc","product_tag-kolorowanki-do-druku-dla-dziewczyn","product_tag-mia","product_tag-zagadki-na-myslenie"],"_links":{"self":[{"href":"http:\/\/klubmamgdynia.pl\/index.php\/wp-json\/wp\/v2\/product\/8571","targetHints":{"allow":["GET"]}}],"collection":[{"href":"http:\/\/klubmamgdynia.pl\/index.php\/wp-json\/wp\/v2\/product"}],"about":[{"href":"http:\/\/klubmamgdynia.pl\/index.php\/wp-json\/wp\/v2\/types\/product"}],"replies":[{"embeddable":true,"href":"http:\/\/klubmamgdynia.pl\/index.php\/wp-json\/wp\/v2\/comments?post=8571"}],"wp:featuredmedia":[{"embeddable":true,"href":"http:\/\/klubmamgdynia.pl\/index.php\/wp-json\/wp\/v2\/media\/8572"}],"wp:attachment":[{"href":"http:\/\/klubmamgdynia.pl\/index.php\/wp-json\/wp\/v2\/media?parent=8571"}],"wp:term":[{"taxonomy":"product_cat","embeddable":true,"href":"http:\/\/klubmamgdynia.pl\/index.php\/wp-json\/wp\/v2\/product_cat?post=8571"},{"taxonomy":"product_tag","embeddable":true,"href":"http:\/\/klubmamgdynia.pl\/index.php\/wp-json\/wp\/v2\/product_tag?post=8571"}],"curies":[{"name":"wp","href":"https:\/\/api.w.org\/{rel}","templated":true}]}}