{"id":8573,"date":"2025-05-20T20:36:45","date_gmt":"2025-05-20T18:36:45","guid":{"rendered":"http:\/\/klubmamgdynia.pl\/?post_type=product&#038;p=8573"},"modified":"2026-04-30T13:10:00","modified_gmt":"2026-04-30T11:10:00","slug":"collecta-konie-zrebie-rasy-hanowerskiej-88734","status":"publish","type":"product","link":"http:\/\/klubmamgdynia.pl\/index.php\/produkt\/collecta-konie-zrebie-rasy-hanowerskiej-88734\/","title":{"rendered":"Collecta Konie \u0179rebi\u0119 Rasy Hanowerskiej (88734)"},"content":{"rendered":"<p>To figurka kolekcjonerska firmy Collecta. Produkty tej firmy cechuje wysoka jako\u015b\u0107 wykonania oraz wiernie oddany kszta\u0142t oraz kolor zwierz\u0119cia.<\/p>\n<h2>Collecta Konie \u0179rebi\u0119 Rasy Hanowerskiej (88734) Collecta<\/h2>\n<p>kr\u00f3tkie bajki dla dzieci do czytania, co kupic 7 latkowi pod choinke, pomysl na prezent na roczek, zagatki, co robi\u0107 z dzieckiem w warszawie, quiz o ro\u015blinach, nauka j\u0119zyka polskiego dla dzieci z ukrainy materia\u0142y, lego ninjago kolorowanki, pokemon kolorowanka<\/p>\n<p>yyyyy<\/p>\n<p>&nbsp;<\/p>\n","protected":false},"excerpt":{"rendered":"<p>To figurka kolekcjonerska firmy Collecta. Produkty tej firmy cechuje wysoka jako\u015b\u0107 wykonania oraz wiernie oddany kszta\u0142t oraz kolor zwierz\u0119cia. Collecta Konie \u0179rebi\u0119 Rasy Hanowerskiej (88734) Collecta kr\u00f3tkie bajki dla dzieci do czytania, co kupic 7 latkowi pod choinke, pomysl na prezent na roczek, zagatki, co robi\u0107 z dzieckiem w warszawie, quiz o ro\u015blinach, nauka j\u0119zyka [&hellip;]<\/p>\n","protected":false},"featured_media":8574,"comment_status":"closed","ping_status":"open","template":"","meta":[],"product_cat":[490,95],"product_tag":[750,657,816,858,849],"class_list":["post-8573","product","type-product","status-publish","has-post-thumbnail","hentry","product_cat-collecta","product_cat-figurki-makiety-i-zestawy","product_tag-imie-kostek","product_tag-lol-kolorowanka","product_tag-place-zabaw-warszawa","product_tag-podchwytliwe-zagadki","product_tag-zagadki-matematyczne-dla-dzieci"],"_links":{"self":[{"href":"http:\/\/klubmamgdynia.pl\/index.php\/wp-json\/wp\/v2\/product\/8573","targetHints":{"allow":["GET"]}}],"collection":[{"href":"http:\/\/klubmamgdynia.pl\/index.php\/wp-json\/wp\/v2\/product"}],"about":[{"href":"http:\/\/klubmamgdynia.pl\/index.php\/wp-json\/wp\/v2\/types\/product"}],"replies":[{"embeddable":true,"href":"http:\/\/klubmamgdynia.pl\/index.php\/wp-json\/wp\/v2\/comments?post=8573"}],"wp:featuredmedia":[{"embeddable":true,"href":"http:\/\/klubmamgdynia.pl\/index.php\/wp-json\/wp\/v2\/media\/8574"}],"wp:attachment":[{"href":"http:\/\/klubmamgdynia.pl\/index.php\/wp-json\/wp\/v2\/media?parent=8573"}],"wp:term":[{"taxonomy":"product_cat","embeddable":true,"href":"http:\/\/klubmamgdynia.pl\/index.php\/wp-json\/wp\/v2\/product_cat?post=8573"},{"taxonomy":"product_tag","embeddable":true,"href":"http:\/\/klubmamgdynia.pl\/index.php\/wp-json\/wp\/v2\/product_tag?post=8573"}],"curies":[{"name":"wp","href":"https:\/\/api.w.org\/{rel}","templated":true}]}}