{"id":8577,"date":"2011-09-30T07:33:41","date_gmt":"2011-09-30T05:33:41","guid":{"rendered":"http:\/\/klubmamgdynia.pl\/index.php\/produkt\/lodowka-samsung-rs66a8100s9\/"},"modified":"2026-04-27T10:25:04","modified_gmt":"2026-04-27T08:25:04","slug":"lodowka-samsung-rs66a8100s9","status":"publish","type":"product","link":"http:\/\/klubmamgdynia.pl\/index.php\/produkt\/lodowka-samsung-rs66a8100s9\/","title":{"rendered":"Lod\u00f3wka Samsung RS66A8100S9"},"content":{"rendered":"<h2>Lod\u00f3wka Samsung RS66A8100S9 Samsung<\/h2>\n<p>nadie\u017cda imi\u0119, literki do pisania, quiz bajki, izabela imie, zaproszenia urodzinowe do druku, zabawy na bal karnawa\u0142owy w przedszkolu, kuchcikowo przepisy dla dzieci, prezent dla ch\u0142opca na roczek, poczytaj mi wiersz, romantyczna bajka na dobranoc, estera, pierwszy obudzi\u0142 si\u0119 pierwiosnek tekst, zagadki dla dzieci 4-5 lat online, kolorowanka ze zdj\u0119cia, zagadka logiczna dla dzieci, cytat o dziecku, gad\u017cety dla nastolatka<\/p>\n<p>yyyyy<\/p>\n<p>&nbsp;<\/p>\n","protected":false},"excerpt":{"rendered":"<p>Lod\u00f3wka Samsung RS66A8100S9 Samsung nadie\u017cda imi\u0119, literki do pisania, quiz bajki, izabela imie, zaproszenia urodzinowe do druku, zabawy na bal karnawa\u0142owy w przedszkolu, kuchcikowo przepisy dla dzieci, prezent dla ch\u0142opca na roczek, poczytaj mi wiersz, romantyczna bajka na dobranoc, estera, pierwszy obudzi\u0142 si\u0119 pierwiosnek tekst, zagadki dla dzieci 4-5 lat online, kolorowanka ze zdj\u0119cia, zagadka [&hellip;]<\/p>\n","protected":false},"featured_media":8578,"comment_status":"closed","ping_status":"open","template":"","meta":[],"product_cat":[1367,1728],"product_tag":[772,583,729,698],"class_list":["post-8577","product","type-product","status-publish","has-post-thumbnail","hentry","product_cat-lodowki","product_cat-samsung","product_tag-45-panstw-europy-i-ich-stolice-quiz","product_tag-kolysanki-dla-dzieci-tekst","product_tag-madre-bajki-dla-dzieci-do-czytania","product_tag-zagadki-dla-przedszkolakow"],"_links":{"self":[{"href":"http:\/\/klubmamgdynia.pl\/index.php\/wp-json\/wp\/v2\/product\/8577","targetHints":{"allow":["GET"]}}],"collection":[{"href":"http:\/\/klubmamgdynia.pl\/index.php\/wp-json\/wp\/v2\/product"}],"about":[{"href":"http:\/\/klubmamgdynia.pl\/index.php\/wp-json\/wp\/v2\/types\/product"}],"replies":[{"embeddable":true,"href":"http:\/\/klubmamgdynia.pl\/index.php\/wp-json\/wp\/v2\/comments?post=8577"}],"wp:featuredmedia":[{"embeddable":true,"href":"http:\/\/klubmamgdynia.pl\/index.php\/wp-json\/wp\/v2\/media\/8578"}],"wp:attachment":[{"href":"http:\/\/klubmamgdynia.pl\/index.php\/wp-json\/wp\/v2\/media?parent=8577"}],"wp:term":[{"taxonomy":"product_cat","embeddable":true,"href":"http:\/\/klubmamgdynia.pl\/index.php\/wp-json\/wp\/v2\/product_cat?post=8577"},{"taxonomy":"product_tag","embeddable":true,"href":"http:\/\/klubmamgdynia.pl\/index.php\/wp-json\/wp\/v2\/product_tag?post=8577"}],"curies":[{"name":"wp","href":"https:\/\/api.w.org\/{rel}","templated":true}]}}