{"id":8579,"date":"2021-09-18T17:34:59","date_gmt":"2021-09-18T15:34:59","guid":{"rendered":"http:\/\/klubmamgdynia.pl\/index.php\/produkt\/bowa-stragan-w-walizce-na-kolkach-sklepik-z-warzywami-zabawka\/"},"modified":"2026-05-17T22:46:20","modified_gmt":"2026-05-17T20:46:20","slug":"bowa-stragan-w-walizce-na-kolkach-sklepik-z-warzywami-zabawka","status":"publish","type":"product","link":"http:\/\/klubmamgdynia.pl\/index.php\/produkt\/bowa-stragan-w-walizce-na-kolkach-sklepik-z-warzywami-zabawka\/","title":{"rendered":"Bowa Stragan W Walizce Na K\u00f3\u0142kach Sklepik Z Warzywami &#8211; Zabawka"},"content":{"rendered":"<p>Stragan w Walizce na k\u00f3\u0142kach Sklepik z Warzywami4632Stragan w Walizce na k\u00f3\u0142kach Sklepik z WarzywamiNa straganie w dzie\u0144 targowy takie tocz\u0105 si\u0119 rozmowy&#8230; Ten bardzo popularny wierszyk znaj\u0105 Pa\u0144stwo z pewno\u015bci\u0105 ze swojego dzieci\u0144stwa. Teraz za pomoc\u0105 naszego przeno\u015bnego Straganu mo\u017cecie sami si\u0119 przekona\u0107, jakie Wasze dziecko b\u0119dzie prowadzi\u0142o rozmowy podczas zabawy w sprzedawc\u0119!Ca\u0142y stragan mie\u015bci si\u0119 w kompaktowej walizeczce na k\u00f3\u0142kach. Po roz\u0142o\u017ceniu zmienia si\u0119 w typowe stanowisko do sprzeda\u017cy warzyw, z takimi elementami jak lada, waga raz dwie dodatkowe p\u00f3\u0142eczki. W sk\u0142ad zestawu wchodzi kilka rodzaj\u00f3w jadalnych ro\u015blin &#8211; zar\u00f3wno warzyw jak i owoc\u00f3w. Czym jednak s\u0105 zakupy bez mo\u017cliwo\u015bci p\u0142acenia za nie? Do zestawu do\u0142\u0105czona jest zabawkowa got\u00f3wka, karta p\u0142atnicza, a tak\u017ce skaner kod\u00f3w kreskowych. Do przenoszenia zakup\u00f3w przeznaczony jest r\u0119czny koszyczek.Zestaw sk\u0142ada si\u0119 z:- W\u00f3zka, pe\u0142ni\u0105cego rol\u0119 straganu,- Zabawkowej wagi,- Skanera towar\u00f3w,- Koszyczka na zakupy,- Dw\u00f3ch kolb kukurydzy,- Dw\u00f3ch marchewek,- Dw\u00f3ch cytryn,- Papryki,- Brukselki,- R\u00f3\u017cyczki broku\u0142a,- Zabawkowych produkt\u00f3w \u017cywno\u015bciowych,- Atrapy banknot\u00f3w i monet,- Atrapy karty p\u0142atniczej.Zabawka ze wzgl\u0119du na niewielkie elementy przeznaczona jest wy\u0142\u0105cznie dla dzieci powy\u017cej 3 roku \u017cycia.Wymiary zabawki po roz\u0142o\u017ceniu: 26 cm x 45 cm x 18 cm.Wymiary z\u0142o\u017conej zabawki: 26 cm x 21 cm x 18 cm.Informacje o produkcieD\u0142ugo\u015b\u0107 towaru w centymetrach30Wysoko\u015b\u0107 towaru w centymetrach30Szeroko\u015b\u0107 towaru w centymetrach25Waga gabarytowa w gramach3750StanNowyMarkainnaP\u0142e\u0107Ch\u0142opcy, DziewczynkiBohaterinnyWiek dziecka3 lata +Materia\u0142PlastikCertyfikaty, opinie, atestyCE, EN 71<\/p>\n<h2>Bowa Stragan W Walizce Na K\u00f3\u0142kach Sklepik Z Warzywami &#8211; Zabawka <\/h2>\n<p>nastolatka, lukrecja imi\u0119, lol surprise kolorowanki, s\u0142oneczko, zagdki, przyja\u017a\u0144 cytaty<\/p>\n<p>yyyyy<\/p>\n<p>&nbsp;<\/p>\n","protected":false},"excerpt":{"rendered":"<p>Stragan w Walizce na k\u00f3\u0142kach Sklepik z Warzywami4632Stragan w Walizce na k\u00f3\u0142kach Sklepik z WarzywamiNa straganie w dzie\u0144 targowy takie tocz\u0105 si\u0119 rozmowy&#8230; Ten bardzo popularny wierszyk znaj\u0105 Pa\u0144stwo z pewno\u015bci\u0105 ze swojego dzieci\u0144stwa. Teraz za pomoc\u0105 naszego przeno\u015bnego Straganu mo\u017cecie sami si\u0119 przekona\u0107, jakie Wasze dziecko b\u0119dzie prowadzi\u0142o rozmowy podczas zabawy w sprzedawc\u0119!Ca\u0142y stragan [&hellip;]<\/p>\n","protected":false},"featured_media":8580,"comment_status":"closed","ping_status":"open","template":"","meta":[],"product_cat":[53],"product_tag":[727,711,741],"class_list":["post-8579","product","type-product","status-publish","has-post-thumbnail","hentry","product_cat-kaciki-zabaw","product_tag-godlo-polski-do-druku","product_tag-prezenty-dla-nastolatkow","product_tag-wlochy"],"_links":{"self":[{"href":"http:\/\/klubmamgdynia.pl\/index.php\/wp-json\/wp\/v2\/product\/8579","targetHints":{"allow":["GET"]}}],"collection":[{"href":"http:\/\/klubmamgdynia.pl\/index.php\/wp-json\/wp\/v2\/product"}],"about":[{"href":"http:\/\/klubmamgdynia.pl\/index.php\/wp-json\/wp\/v2\/types\/product"}],"replies":[{"embeddable":true,"href":"http:\/\/klubmamgdynia.pl\/index.php\/wp-json\/wp\/v2\/comments?post=8579"}],"wp:featuredmedia":[{"embeddable":true,"href":"http:\/\/klubmamgdynia.pl\/index.php\/wp-json\/wp\/v2\/media\/8580"}],"wp:attachment":[{"href":"http:\/\/klubmamgdynia.pl\/index.php\/wp-json\/wp\/v2\/media?parent=8579"}],"wp:term":[{"taxonomy":"product_cat","embeddable":true,"href":"http:\/\/klubmamgdynia.pl\/index.php\/wp-json\/wp\/v2\/product_cat?post=8579"},{"taxonomy":"product_tag","embeddable":true,"href":"http:\/\/klubmamgdynia.pl\/index.php\/wp-json\/wp\/v2\/product_tag?post=8579"}],"curies":[{"name":"wp","href":"https:\/\/api.w.org\/{rel}","templated":true}]}}