{"id":8581,"date":"2014-06-09T19:32:18","date_gmt":"2014-06-09T17:32:18","guid":{"rendered":"http:\/\/klubmamgdynia.pl\/index.php\/produkt\/kayoba-outdoor-meskie-spodnie-turystyczne-czarny\/"},"modified":"2026-04-06T01:36:07","modified_gmt":"2026-04-05T23:36:07","slug":"kayoba-outdoor-meskie-spodnie-turystyczne-czarny","status":"publish","type":"product","link":"http:\/\/klubmamgdynia.pl\/index.php\/produkt\/kayoba-outdoor-meskie-spodnie-turystyczne-czarny\/","title":{"rendered":"Kayoba Outdoor M\u0119skie Spodnie Turystyczne Czarny"},"content":{"rendered":"<p>\u00a0Kayoba Outdoor M\u0119skie<br \/>\nSpodnie Turystyczne Czarny                            <\/p>\n<p>Spodnie turystyczne na co dzie\u0144 i\u00a0na wycieczki.<\/p>\n<p>Spodnie turystyczne marki Kayoba Outdoor zosta\u0142y<br \/>\nopracowane z\u00a0my\u015bl\u0105 o\u00a0osobach, kt\u00f3re szukaj\u0105 wygodnych, wiatro-<br \/>\ni\u00a0wodoodpornych spodni. Odporno\u015b\u0107 na dzia\u0142anie warunk\u00f3w atmosferycznych<br \/>\ndaje mo\u017cliwo\u015b\u0107 aktywnego wypoczynku w\u00a0mie\u015bcie i\u00a0na \u0142onie natury.                            <\/p>\n<p>Materia\u0142 odporny na warunki atmosferyczne oraz wstawki<br \/>\nze stretchu<\/p>\n<p>Materia\u0142 jest wiatroodporny oraz<br \/>\nwodoszczelny i\u00a0mo\u017cna go z\u00a0powodzeniem woskowa\u0107, aby zwi\u0119kszy\u0107<br \/>\nodporno\u015b\u0107 na wod\u0119. Wstawki ze stretchu nad po\u015bladkami i\u00a0kolanami<br \/>\nprzepuszczaj\u0105 powietrze i\u00a0zwi\u0119kszaj\u0105 komfort u\u017cytkowania.                            <\/p>\n<p>Kieszenie<br \/>\nna nogawkach zapinane na zamek<\/p>\n<p>Bezpieczne przechowywanie! Spodnie turystyczne maj\u0105<br \/>\ndwie praktyczne kieszenie na nogawkach zapinane na zamek.                            <\/p>\n<p>Regulowane<br \/>\nnogawki<\/p>\n<p>Dobra ochrona n\u00f3g na grz\u0105skim i\u00a0podmok\u0142ym<br \/>\nterenie! Nogawki z\u00a0zapi\u0119ciem na rzep umo\u017cliwiaj\u0105 \u0142atwe dopasowanie.<\/p>\n<p>\u015aci\u0105gacz<br \/>\nw\u00a0pasie<\/p>\n<p>\u015aci\u0105gacz w\u00a0pasie sprawia, \u017ce spodnie le\u017c\u0105<br \/>\nwygodnie na swoim miejscu podczas ruchu.Materia\u0142: Poliester 65%,<br \/>\nbawe\u0142na 35%<\/p>\n<p>Pra\u0107 w temperaturze: 40 \u00b0C<\/p>\n<p>Kolor: Czarny<\/p>\n<h2>Kayoba Outdoor M\u0119skie Spodnie Turystyczne Czarny Kayoba<\/h2>\n<p>nela imi\u0119, malowanki dla dzieci do druku, pch\u0142y na noc, labirynt dla dzieci, wierszyk o wakacjach, cicha noc po angielsku, \u015bmieszne zagadki logiczne, aurelia<\/p>\n<p>yyyyy<\/p>\n<p>&nbsp;<\/p>\n","protected":false},"excerpt":{"rendered":"<p>\u00a0Kayoba Outdoor M\u0119skie Spodnie Turystyczne Czarny Spodnie turystyczne na co dzie\u0144 i\u00a0na wycieczki. Spodnie turystyczne marki Kayoba Outdoor zosta\u0142y opracowane z\u00a0my\u015bl\u0105 o\u00a0osobach, kt\u00f3re szukaj\u0105 wygodnych, wiatro- i\u00a0wodoodpornych spodni. Odporno\u015b\u0107 na dzia\u0142anie warunk\u00f3w atmosferycznych daje mo\u017cliwo\u015b\u0107 aktywnego wypoczynku w\u00a0mie\u015bcie i\u00a0na \u0142onie natury. Materia\u0142 odporny na warunki atmosferyczne oraz wstawki ze stretchu Materia\u0142 jest wiatroodporny oraz wodoszczelny [&hellip;]<\/p>\n","protected":false},"featured_media":8582,"comment_status":"closed","ping_status":"open","template":"","meta":[],"product_cat":[383,1729],"product_tag":[761,598,667,840,641,782],"class_list":["post-8581","product","type-product","status-publish","has-post-thumbnail","hentry","product_cat-kayoba","product_cat-spodnie-trekkingowe","product_tag-choinko-piekna-jak-las-tekst","product_tag-co-na-roczek-dla-dziewczynki","product_tag-kolorowanka-lol","product_tag-stare-bajki","product_tag-trudne-zagadki-logiczne","product_tag-zagadki-dla-dzieci-z-odpowiedziami"],"_links":{"self":[{"href":"http:\/\/klubmamgdynia.pl\/index.php\/wp-json\/wp\/v2\/product\/8581","targetHints":{"allow":["GET"]}}],"collection":[{"href":"http:\/\/klubmamgdynia.pl\/index.php\/wp-json\/wp\/v2\/product"}],"about":[{"href":"http:\/\/klubmamgdynia.pl\/index.php\/wp-json\/wp\/v2\/types\/product"}],"replies":[{"embeddable":true,"href":"http:\/\/klubmamgdynia.pl\/index.php\/wp-json\/wp\/v2\/comments?post=8581"}],"wp:featuredmedia":[{"embeddable":true,"href":"http:\/\/klubmamgdynia.pl\/index.php\/wp-json\/wp\/v2\/media\/8582"}],"wp:attachment":[{"href":"http:\/\/klubmamgdynia.pl\/index.php\/wp-json\/wp\/v2\/media?parent=8581"}],"wp:term":[{"taxonomy":"product_cat","embeddable":true,"href":"http:\/\/klubmamgdynia.pl\/index.php\/wp-json\/wp\/v2\/product_cat?post=8581"},{"taxonomy":"product_tag","embeddable":true,"href":"http:\/\/klubmamgdynia.pl\/index.php\/wp-json\/wp\/v2\/product_tag?post=8581"}],"curies":[{"name":"wp","href":"https:\/\/api.w.org\/{rel}","templated":true}]}}