{"id":8583,"date":"2014-09-06T16:14:18","date_gmt":"2014-09-06T14:14:18","guid":{"rendered":"http:\/\/klubmamgdynia.pl\/index.php\/produkt\/nuuroo-butelka-ze-stali-nierdzewnej-dla-dziecka-typu-18-8-koala-black-500ml\/"},"modified":"2026-04-06T23:32:04","modified_gmt":"2026-04-06T21:32:04","slug":"nuuroo-butelka-ze-stali-nierdzewnej-dla-dziecka-typu-18-8-koala-black-500ml","status":"publish","type":"product","link":"http:\/\/klubmamgdynia.pl\/index.php\/produkt\/nuuroo-butelka-ze-stali-nierdzewnej-dla-dziecka-typu-18-8-koala-black-500ml\/","title":{"rendered":"Nuuroo Butelka Ze Stali Nierdzewnej Dla Dziecka Typu 18\/8 Koala Black 500Ml"},"content":{"rendered":"<p>Stalowe butelki termiczne dla dzieci marki Nuuroo wykonane s\u0105 z najlepszego na rynku rodzaju stali nierdzewnej typu 18\/8.Butelka utrzymuje temperatur\u0119 p\u0142yn\u00f3w ciep\u0142ych przez 12 godzin lub zimnych przez 24 godziny.<\/p>\n<h2>Nuuroo Butelka Ze Stali Nierdzewnej Dla Dziecka Typu 18\/8 Koala Black 500Ml <\/h2>\n<p>test z dzieci z bullerbyn, co na prezent dla 7 latki, zagadki matematyczne dla dzieci, paloma, platformy edukacyjne, harry potter kolorowanka, miasto dzieci pl, dorian, zima z\u0142a tekst, g\u0142upie zagadki, imi\u0119 nadia, narodziny dziecka cytat, wroc\u0142aw atrakcje dla dzieci, kolorowanki na dzie\u0144 babci, quiz minecraft, pan twardowski na ksi\u0119\u017cycu wiersz, wierszyki o marzannie, tabliczka mno\u017cenia zadania do druku, maski karnawa\u0142owe dla dzieci szablony, prezent dla dziecka na roczek, prezent na pierwsze urodziny<\/p>\n<p>yyyyy<\/p>\n<p>&nbsp;<\/p>\n","protected":false},"excerpt":{"rendered":"<p>Stalowe butelki termiczne dla dzieci marki Nuuroo wykonane s\u0105 z najlepszego na rynku rodzaju stali nierdzewnej typu 18\/8.Butelka utrzymuje temperatur\u0119 p\u0142yn\u00f3w ciep\u0142ych przez 12 godzin lub zimnych przez 24 godziny. Nuuroo Butelka Ze Stali Nierdzewnej Dla Dziecka Typu 18\/8 Koala Black 500Ml test z dzieci z bullerbyn, co na prezent dla 7 latki, zagadki matematyczne [&hellip;]<\/p>\n","protected":false},"featured_media":8584,"comment_status":"closed","ping_status":"open","template":"","meta":[],"product_cat":[195],"product_tag":[863,864,624,820],"class_list":["post-8583","product","type-product","status-publish","has-post-thumbnail","hentry","product_cat-butelki","product_tag-bajki-dla-dziewczynek","product_tag-basen-warszawa","product_tag-krotkie-zagadki","product_tag-ziemia-wyspa-zielona-tekst"],"_links":{"self":[{"href":"http:\/\/klubmamgdynia.pl\/index.php\/wp-json\/wp\/v2\/product\/8583","targetHints":{"allow":["GET"]}}],"collection":[{"href":"http:\/\/klubmamgdynia.pl\/index.php\/wp-json\/wp\/v2\/product"}],"about":[{"href":"http:\/\/klubmamgdynia.pl\/index.php\/wp-json\/wp\/v2\/types\/product"}],"replies":[{"embeddable":true,"href":"http:\/\/klubmamgdynia.pl\/index.php\/wp-json\/wp\/v2\/comments?post=8583"}],"wp:featuredmedia":[{"embeddable":true,"href":"http:\/\/klubmamgdynia.pl\/index.php\/wp-json\/wp\/v2\/media\/8584"}],"wp:attachment":[{"href":"http:\/\/klubmamgdynia.pl\/index.php\/wp-json\/wp\/v2\/media?parent=8583"}],"wp:term":[{"taxonomy":"product_cat","embeddable":true,"href":"http:\/\/klubmamgdynia.pl\/index.php\/wp-json\/wp\/v2\/product_cat?post=8583"},{"taxonomy":"product_tag","embeddable":true,"href":"http:\/\/klubmamgdynia.pl\/index.php\/wp-json\/wp\/v2\/product_tag?post=8583"}],"curies":[{"name":"wp","href":"https:\/\/api.w.org\/{rel}","templated":true}]}}