{"id":8585,"date":"2016-07-12T14:31:32","date_gmt":"2016-07-12T12:31:32","guid":{"rendered":"http:\/\/klubmamgdynia.pl\/index.php\/produkt\/bbu-143-fire-station-playset-30043\/"},"modified":"2026-05-02T09:31:33","modified_gmt":"2026-05-02T07:31:33","slug":"bbu-143-fire-station-playset-30043","status":"publish","type":"product","link":"http:\/\/klubmamgdynia.pl\/index.php\/produkt\/bbu-143-fire-station-playset-30043\/","title":{"rendered":"bbu 1:43 Fire station playset 30043"},"content":{"rendered":"<p>Gara\u017c-remiza mieszcz\u0105ca si\u0119 na dw\u00f3ch poziomach wraz z interaktywnym placem zabaw uczyni, \u017ce wszyscy uczestnicy b\u0119d\u0105 chcieli zosta\u0107 stra\u017cakami, gasi\u0107 po\u017car prawdziw\u0105 wod\u0105 u\u017cywaj\u0105c sikawki na \u017curawiu, poruszaj\u0105c si\u0119 pojazdami s\u0142u\u017cb ratunkowych takich jak: Stra\u017c Po\u017carna, Policja, Ambulans, Carabinieri. Podczas gaszenia, polewany obiekt symuluje zmian\u0119 barwy ognia na ciep\u0142y-zimny. Budynek remizy stra\u017cackiej z otwieran\u0105 bram\u0105 wjazdow\u0105 stanowi gara\u017c dla samochod\u00f3w ratunkowych, w ka\u017cdej chwili mo\u017cna przemie\u015bci\u0107 si\u0119 mi\u0119dzy poziomami pos\u0142uguj\u0105c si\u0119 ruchom\u0105 obrotow\u0105 wind\u0105 samochodow\u0105. Wszystkie elementy w \u017cywych jasnych kolorach, kt\u00f3re pobudzaj\u0105 wyobra\u017ani\u0119 dziecka.Zestaw zawiera dwa oryginalne metalowe modele samochod\u00f3w s\u0142u\u017cb ratunkowych Bburago w skali 1:43 z kolecji Stret Fire i jest kompatybilny z wszystkimi modelami samochod\u00f3w Bburago oraz Ferrari w skali 1:43.NAZWA GARA\u017b FIRE STATION 1:43 BBURAGOPRODUCENT BBURAGOWIEK 3+WYMIARY 555 X 350 X 110 MMEAN 4893993300433Znajd\u017a podobne wed\u0142ug klucza:BBURAGO(275996)<\/p>\n<h2>bbu 1:43 Fire station playset 30043 Bburago<\/h2>\n<p>przyjazn, malowanka do druku, maski na twarz dla dzieci do wydruku, co kupi\u0107 na roczek dla ch\u0142opca, karty pracy po ukrai\u0144sku, dzie\u0144 matki w\u0142asnor\u0119czny prezent dla mamy od dziecka, prezent na 1 urodziny dla ch\u0142opca, lol surprise kolorowanka, gloria imi\u0119, zagadki dla dzieci z odpowiedziami, esmeralda, imie aron, zagadki logiczne dla doros\u0142ych, bajka o kreciku, imie iwo, macierzy\u0144stwo cytaty, quiz o samochodach<\/p>\n<p>yyyyy<\/p>\n<p>&nbsp;<\/p>\n","protected":false},"excerpt":{"rendered":"<p>Gara\u017c-remiza mieszcz\u0105ca si\u0119 na dw\u00f3ch poziomach wraz z interaktywnym placem zabaw uczyni, \u017ce wszyscy uczestnicy b\u0119d\u0105 chcieli zosta\u0107 stra\u017cakami, gasi\u0107 po\u017car prawdziw\u0105 wod\u0105 u\u017cywaj\u0105c sikawki na \u017curawiu, poruszaj\u0105c si\u0119 pojazdami s\u0142u\u017cb ratunkowych takich jak: Stra\u017c Po\u017carna, Policja, Ambulans, Carabinieri. Podczas gaszenia, polewany obiekt symuluje zmian\u0119 barwy ognia na ciep\u0142y-zimny. Budynek remizy stra\u017cackiej z otwieran\u0105 bram\u0105 [&hellip;]<\/p>\n","protected":false},"featured_media":8586,"comment_status":"closed","ping_status":"open","template":"","meta":[],"product_cat":[519,141],"product_tag":[772,798,850],"class_list":["post-8585","product","type-product","status-publish","has-post-thumbnail","hentry","product_cat-bburago","product_cat-parkingi-garaze-i-tory-wyscigowe","product_tag-45-panstw-europy-i-ich-stolice-quiz","product_tag-prezenty-dla-nastolatki","product_tag-wroclaw-atrakcje-dla-dzieci"],"_links":{"self":[{"href":"http:\/\/klubmamgdynia.pl\/index.php\/wp-json\/wp\/v2\/product\/8585","targetHints":{"allow":["GET"]}}],"collection":[{"href":"http:\/\/klubmamgdynia.pl\/index.php\/wp-json\/wp\/v2\/product"}],"about":[{"href":"http:\/\/klubmamgdynia.pl\/index.php\/wp-json\/wp\/v2\/types\/product"}],"replies":[{"embeddable":true,"href":"http:\/\/klubmamgdynia.pl\/index.php\/wp-json\/wp\/v2\/comments?post=8585"}],"wp:featuredmedia":[{"embeddable":true,"href":"http:\/\/klubmamgdynia.pl\/index.php\/wp-json\/wp\/v2\/media\/8586"}],"wp:attachment":[{"href":"http:\/\/klubmamgdynia.pl\/index.php\/wp-json\/wp\/v2\/media?parent=8585"}],"wp:term":[{"taxonomy":"product_cat","embeddable":true,"href":"http:\/\/klubmamgdynia.pl\/index.php\/wp-json\/wp\/v2\/product_cat?post=8585"},{"taxonomy":"product_tag","embeddable":true,"href":"http:\/\/klubmamgdynia.pl\/index.php\/wp-json\/wp\/v2\/product_tag?post=8585"}],"curies":[{"name":"wp","href":"https:\/\/api.w.org\/{rel}","templated":true}]}}