{"id":8589,"date":"2018-10-03T22:19:07","date_gmt":"2018-10-03T20:19:07","guid":{"rendered":"http:\/\/klubmamgdynia.pl\/index.php\/produkt\/spin-master-monster-jam-salvager-20123297-6044941\/"},"modified":"2026-04-23T01:11:48","modified_gmt":"2026-04-22T23:11:48","slug":"spin-master-monster-jam-salvager-20123297-6044941","status":"publish","type":"product","link":"http:\/\/klubmamgdynia.pl\/index.php\/produkt\/spin-master-monster-jam-salvager-20123297-6044941\/","title":{"rendered":"Spin Master Monster Jam Salvager 20123297 6044941"},"content":{"rendered":"<p>Oficjalna linia aut Monster Jam odwzorowanych w skali 1:64 charakteryzuje si\u0119 maksymaln\u0105 ilo\u015bci\u0105 detali i \u017cywymi kolorami.Dodatkowo oficjalne opony BKT, stylizowane chromowane obr\u0119cze i autentycznie stylizowane podwozie z chromowanymi detalami sprawiaj\u0105, \u017ce pojazd wygl\u0105da jak w rzeczywisto\u015bci!Zbieraj auta Monster Jam i \u015bled\u017a swoj\u0105 kolekcj\u0119 na plakacie!Ka\u017cdy plakat ma na odwrocie auto Monster Jam.Wymiary: 66,8 x 120 x 165 mmDla dzieci w wieku: 3+<\/p>\n<h2>Spin Master Monster Jam Salvager 20123297 6044941 Spin Master<\/h2>\n<p>bajki dla dzieci do czytania na dobranoc, ma\u0142y ksi\u0105\u017ce cytaty, bruno, najlepsze zagadki, cytaty o rodzinie i dzieciach, opisy do zdj\u0119\u0107 z dzieckiem, bajki do czytania na dobranoc, bajki do czytania na dobranoc<\/p>\n<p>yyyyy<\/p>\n<p>&nbsp;<\/p>\n","protected":false},"excerpt":{"rendered":"<p>Oficjalna linia aut Monster Jam odwzorowanych w skali 1:64 charakteryzuje si\u0119 maksymaln\u0105 ilo\u015bci\u0105 detali i \u017cywymi kolorami.Dodatkowo oficjalne opony BKT, stylizowane chromowane obr\u0119cze i autentycznie stylizowane podwozie z chromowanymi detalami sprawiaj\u0105, \u017ce pojazd wygl\u0105da jak w rzeczywisto\u015bci!Zbieraj auta Monster Jam i \u015bled\u017a swoj\u0105 kolekcj\u0119 na plakacie!Ka\u017cdy plakat ma na odwrocie auto Monster Jam.Wymiary: 66,8 x [&hellip;]<\/p>\n","protected":false},"featured_media":8590,"comment_status":"closed","ping_status":"open","template":"","meta":[],"product_cat":[83,94],"product_tag":[598,670,835],"class_list":["post-8589","product","type-product","status-publish","has-post-thumbnail","hentry","product_cat-auta-i-inne-pojazdy-do-zabawy","product_cat-spin-master","product_tag-co-na-roczek-dla-dziewczynki","product_tag-irma","product_tag-radosc-dziecka-cytaty"],"_links":{"self":[{"href":"http:\/\/klubmamgdynia.pl\/index.php\/wp-json\/wp\/v2\/product\/8589","targetHints":{"allow":["GET"]}}],"collection":[{"href":"http:\/\/klubmamgdynia.pl\/index.php\/wp-json\/wp\/v2\/product"}],"about":[{"href":"http:\/\/klubmamgdynia.pl\/index.php\/wp-json\/wp\/v2\/types\/product"}],"replies":[{"embeddable":true,"href":"http:\/\/klubmamgdynia.pl\/index.php\/wp-json\/wp\/v2\/comments?post=8589"}],"wp:featuredmedia":[{"embeddable":true,"href":"http:\/\/klubmamgdynia.pl\/index.php\/wp-json\/wp\/v2\/media\/8590"}],"wp:attachment":[{"href":"http:\/\/klubmamgdynia.pl\/index.php\/wp-json\/wp\/v2\/media?parent=8589"}],"wp:term":[{"taxonomy":"product_cat","embeddable":true,"href":"http:\/\/klubmamgdynia.pl\/index.php\/wp-json\/wp\/v2\/product_cat?post=8589"},{"taxonomy":"product_tag","embeddable":true,"href":"http:\/\/klubmamgdynia.pl\/index.php\/wp-json\/wp\/v2\/product_tag?post=8589"}],"curies":[{"name":"wp","href":"https:\/\/api.w.org\/{rel}","templated":true}]}}