{"id":8597,"date":"2019-09-21T03:38:33","date_gmt":"2019-09-21T01:38:33","guid":{"rendered":"http:\/\/klubmamgdynia.pl\/index.php\/produkt\/suavinex-butelka-ze-smoczkiem-pszczoly-150ml\/"},"modified":"2026-04-30T18:43:58","modified_gmt":"2026-04-30T16:43:58","slug":"suavinex-butelka-ze-smoczkiem-pszczoly-150ml","status":"publish","type":"product","link":"http:\/\/klubmamgdynia.pl\/index.php\/produkt\/suavinex-butelka-ze-smoczkiem-pszczoly-150ml\/","title":{"rendered":"Suavinex Butelka Ze Smoczkiem Pszczo\u0142y 150Ml"},"content":{"rendered":"<p>Butelki do podawania mleka dost\u0119pne s\u0105 w trzech pojemno\u015bciach: 150 ml, 270 ml i 360 ml. W zestawie z butelk\u0105 150 i 270 ml jest smoczek okr\u0105g\u0142y tr\u00f3jprzep\u0142ywowy, dzi\u0119ki kt\u00f3remu w zale\u017cno\u015bci od ustawienia butelki pokarm wyp\u0142ywa strumieniem wolnym, \u015brednim lub szybkim. Smoczek mo\u017cna wymieni\u0107 na dowolny inny marki&#8230;<\/p>\n<h2>Suavinex Butelka Ze Smoczkiem Pszczo\u0142y 150Ml Suavinex<\/h2>\n<p>dziwne zagadki, prezenty dla 7 latka, krzy\u017c\u00f3wki dla dzieci do druku, quizy dla dzieci, fabian, zabawy na dzie\u0144 dziecka w szkole, zagadki dla doros\u0142ych z odpowiedziami, pieski pies kolorowanka, liwia<\/p>\n<p>yyyyy<\/p>\n<p>&nbsp;<\/p>\n","protected":false},"excerpt":{"rendered":"<p>Butelki do podawania mleka dost\u0119pne s\u0105 w trzech pojemno\u015bciach: 150 ml, 270 ml i 360 ml. W zestawie z butelk\u0105 150 i 270 ml jest smoczek okr\u0105g\u0142y tr\u00f3jprzep\u0142ywowy, dzi\u0119ki kt\u00f3remu w zale\u017cno\u015bci od ustawienia butelki pokarm wyp\u0142ywa strumieniem wolnym, \u015brednim lub szybkim. Smoczek mo\u017cna wymieni\u0107 na dowolny inny marki&#8230; Suavinex Butelka Ze Smoczkiem Pszczo\u0142y 150Ml [&hellip;]<\/p>\n","protected":false},"featured_media":8598,"comment_status":"closed","ping_status":"open","template":"","meta":[],"product_cat":[195,1328],"product_tag":[863,650,684],"class_list":["post-8597","product","type-product","status-publish","has-post-thumbnail","hentry","product_cat-butelki","product_cat-suavinex","product_tag-bajki-dla-dziewczynek","product_tag-choinka-z-bibuly","product_tag-prezent-dla-dziewczynki-na-roczek"],"_links":{"self":[{"href":"http:\/\/klubmamgdynia.pl\/index.php\/wp-json\/wp\/v2\/product\/8597","targetHints":{"allow":["GET"]}}],"collection":[{"href":"http:\/\/klubmamgdynia.pl\/index.php\/wp-json\/wp\/v2\/product"}],"about":[{"href":"http:\/\/klubmamgdynia.pl\/index.php\/wp-json\/wp\/v2\/types\/product"}],"replies":[{"embeddable":true,"href":"http:\/\/klubmamgdynia.pl\/index.php\/wp-json\/wp\/v2\/comments?post=8597"}],"wp:featuredmedia":[{"embeddable":true,"href":"http:\/\/klubmamgdynia.pl\/index.php\/wp-json\/wp\/v2\/media\/8598"}],"wp:attachment":[{"href":"http:\/\/klubmamgdynia.pl\/index.php\/wp-json\/wp\/v2\/media?parent=8597"}],"wp:term":[{"taxonomy":"product_cat","embeddable":true,"href":"http:\/\/klubmamgdynia.pl\/index.php\/wp-json\/wp\/v2\/product_cat?post=8597"},{"taxonomy":"product_tag","embeddable":true,"href":"http:\/\/klubmamgdynia.pl\/index.php\/wp-json\/wp\/v2\/product_tag?post=8597"}],"curies":[{"name":"wp","href":"https:\/\/api.w.org\/{rel}","templated":true}]}}