{"id":86,"date":"2016-07-20T06:20:47","date_gmt":"2016-07-20T04:20:47","guid":{"rendered":"http:\/\/klubmamgdynia.pl\/index.php\/produkt\/ramiz-auto-na-akumulator-farmer-pick-up-czarny-pabdm0926cz\/"},"modified":"2026-05-01T17:41:33","modified_gmt":"2026-05-01T15:41:33","slug":"ramiz-auto-na-akumulator-farmer-pick-up-czarny-pabdm0926cz","status":"publish","type":"product","link":"http:\/\/klubmamgdynia.pl\/index.php\/produkt\/ramiz-auto-na-akumulator-farmer-pick-up-czarny-pabdm0926cz\/","title":{"rendered":"Ramiz Auto Na Akumulator Farmer Pick Up Czarny (Pabdm0926Cz)"},"content":{"rendered":"<p>SpecyfikacjaFarmer Pick-UpSilnik2 x 35WAkumulator12V\/7AhPilot 2.4GHz,Przycisk bezpiecze\u0144stwa Stop,3 Szybko\u015bci,Ko\u0142aPiankowe ko\u0142a EVA,27 x 11 cm,AmortyzatoryTy\u0142BiegiWolny Start,Prz\u00f3d\/Ty\u01422 szybko\u015bci\u015awiat\u0142a \u015awiat\u0142a LED,Prz\u00f3d,Wyposa\u017ceniePanel AudioMP3,SD,AUX,Radio FM,D\u017awi\u0119ki w Kierownicy,Wska\u017anik Na\u0142adowaniaTakStartW\u0142\u0105cznik ,Siedzenie33 x 19 x 27 cmEkosk\u00f3raBaga\u017cnikTy\u0142 &#8211; 28 x 48 x 25 cmWymiaryRozmiar PojazduD\u0142ugo\u015b\u0107 116 cm,Szeroko\u015b\u0107 66 cm,Wysoko\u015b\u0107 65 cm,Waga Pojazdu19,2 Kg,Rozmiar Kartonu106 x 59 x 49 cm,Waga Kartonu23,7 Kg,Maksymalne Obci\u0105\u017cenie28 Kg,Prze\u015bwit13 cmWyposa\u017cenie DodatkoweInstrukcja + Zestaw Monta\u017cowy\u0141adowarkaKabel Mini JackPilot\u0141opatka<\/p>\n<h2>Ramiz Auto Na Akumulator Farmer Pick Up Czarny (Pabdm0926Cz) Ramiz<\/h2>\n<p>karolcia test z lektury, minecraft kolorowanki, \u0142amig\u0142\u00f3wki dla dzieci do wydruku, szlaczki dla dzieci, kolorowanki do pobrania, milena, w uk\u0142adzie s\u0142onecznym, gwiazda do wydruku, wielkanocne zagadki dla dzieci, zagadki \u0142amig\u0142\u00f3wki, film o \u015bwi\u0119tach dla dzieci, p\u0142ywalnie warszawa, karty pracy dla dzieci z ukrainy do druku, mini zoo \u015bl\u0105sk, cyferki do druku, warszawa z dzieckiem, piosenka na dzie\u0144 nauczyciela przedszkole, teksty o rodzinie<\/p>\n<p>yyyyy<\/p>\n<p>&nbsp;<\/p>\n","protected":false},"excerpt":{"rendered":"<p>SpecyfikacjaFarmer Pick-UpSilnik2 x 35WAkumulator12V\/7AhPilot 2.4GHz,Przycisk bezpiecze\u0144stwa Stop,3 Szybko\u015bci,Ko\u0142aPiankowe ko\u0142a EVA,27 x 11 cm,AmortyzatoryTy\u0142BiegiWolny Start,Prz\u00f3d\/Ty\u01422 szybko\u015bci\u015awiat\u0142a \u015awiat\u0142a LED,Prz\u00f3d,Wyposa\u017ceniePanel AudioMP3,SD,AUX,Radio FM,D\u017awi\u0119ki w Kierownicy,Wska\u017anik Na\u0142adowaniaTakStartW\u0142\u0105cznik ,Siedzenie33 x 19 x 27 cmEkosk\u00f3raBaga\u017cnikTy\u0142 &#8211; 28 x 48 x 25 cmWymiaryRozmiar PojazduD\u0142ugo\u015b\u0107 116 cm,Szeroko\u015b\u0107 66 cm,Wysoko\u015b\u0107 65 cm,Waga Pojazdu19,2 Kg,Rozmiar Kartonu106 x 59 x 49 cm,Waga Kartonu23,7 Kg,Maksymalne Obci\u0105\u017cenie28 Kg,Prze\u015bwit13 cmWyposa\u017cenie [&hellip;]<\/p>\n","protected":false},"featured_media":87,"comment_status":"closed","ping_status":"open","template":"","meta":[],"product_cat":[36,24],"product_tag":[847,842,631,737,708],"class_list":["post-86","product","type-product","status-publish","has-post-thumbnail","hentry","product_cat-ramiz","product_cat-samochody-dla-dzieci","product_tag-kolorowanki-pokemon","product_tag-plac-zabaw-poznan","product_tag-prezent-na-roczek","product_tag-test-z-lektury-felix-net-i-nika-oraz-gang-niewidzialnych-ludzi","product_tag-zabawy-ruchowe-dla-dzieci"],"_links":{"self":[{"href":"http:\/\/klubmamgdynia.pl\/index.php\/wp-json\/wp\/v2\/product\/86","targetHints":{"allow":["GET"]}}],"collection":[{"href":"http:\/\/klubmamgdynia.pl\/index.php\/wp-json\/wp\/v2\/product"}],"about":[{"href":"http:\/\/klubmamgdynia.pl\/index.php\/wp-json\/wp\/v2\/types\/product"}],"replies":[{"embeddable":true,"href":"http:\/\/klubmamgdynia.pl\/index.php\/wp-json\/wp\/v2\/comments?post=86"}],"wp:featuredmedia":[{"embeddable":true,"href":"http:\/\/klubmamgdynia.pl\/index.php\/wp-json\/wp\/v2\/media\/87"}],"wp:attachment":[{"href":"http:\/\/klubmamgdynia.pl\/index.php\/wp-json\/wp\/v2\/media?parent=86"}],"wp:term":[{"taxonomy":"product_cat","embeddable":true,"href":"http:\/\/klubmamgdynia.pl\/index.php\/wp-json\/wp\/v2\/product_cat?post=86"},{"taxonomy":"product_tag","embeddable":true,"href":"http:\/\/klubmamgdynia.pl\/index.php\/wp-json\/wp\/v2\/product_tag?post=86"}],"curies":[{"name":"wp","href":"https:\/\/api.w.org\/{rel}","templated":true}]}}