{"id":860,"date":"2021-09-28T17:16:50","date_gmt":"2021-09-28T15:16:50","guid":{"rendered":"http:\/\/klubmamgdynia.pl\/index.php\/produkt\/adar-narzedzia-557147-zabawka\/"},"modified":"2026-04-30T19:24:49","modified_gmt":"2026-04-30T17:24:49","slug":"adar-narzedzia-557147-zabawka","status":"publish","type":"product","link":"http:\/\/klubmamgdynia.pl\/index.php\/produkt\/adar-narzedzia-557147-zabawka\/","title":{"rendered":"Adar Narz\u0119dzia 557147 &#8211; Zabawka"},"content":{"rendered":"<p>Zestaw dla ma\u0142ego majsterkowicza.Zestaw zawiera: m\u0142otek, \u015bruby, wiert\u0142a, wkr\u0119tarka, klucz francuski oraz kask w korze pomara\u0144czowym .Narz\u0119dzia wykonane z plastiku.Zestaw zapakowany w siatk\u0119.Wymiary opakowania : 24x18x8cm.Wiek :3+&#8230;.<\/p>\n<h2>Adar Narz\u0119dzia 557147 &#8211; Zabawka Adar<\/h2>\n<p>prezent dla roczniaka, kundel bury tekst, myszka minnie kolorowanka, kinderbal przepisy, prezent dla nastolatk\u00f3w, minecraft quiz, prima aprilis \u017carty dla rodzic\u00f3w, szczotka pasta kubek ciep\u0142a woda tekst, plan lekcji do druku, test na znaki drogowe, dzie\u0144 matki w\u0142asnor\u0119czny prezent dla mamy od dziecka, dziecko cytaty, bajki dla niemowl\u0105t do czytania<\/p>\n<p>yyyyy<\/p>\n<p>&nbsp;<\/p>\n","protected":false},"excerpt":{"rendered":"<p>Zestaw dla ma\u0142ego majsterkowicza.Zestaw zawiera: m\u0142otek, \u015bruby, wiert\u0142a, wkr\u0119tarka, klucz francuski oraz kask w korze pomara\u0144czowym .Narz\u0119dzia wykonane z plastiku.Zestaw zapakowany w siatk\u0119.Wymiary opakowania : 24x18x8cm.Wiek :3+&#8230;. Adar Narz\u0119dzia 557147 &#8211; Zabawka Adar prezent dla roczniaka, kundel bury tekst, myszka minnie kolorowanka, kinderbal przepisy, prezent dla nastolatk\u00f3w, minecraft quiz, prima aprilis \u017carty dla rodzic\u00f3w, szczotka [&hellip;]<\/p>\n","protected":false},"featured_media":861,"comment_status":"closed","ping_status":"open","template":"","meta":[],"product_cat":[175,53],"product_tag":[719,707,748,651],"class_list":["post-860","product","type-product","status-publish","has-post-thumbnail","hentry","product_cat-adar","product_cat-kaciki-zabaw","product_tag-dziecko-cytaty-zlote-mysli","product_tag-karty-pracy-dla-dzieci-z-ukrainy","product_tag-okolice-wroclawia-atrakcje","product_tag-quizy-online"],"_links":{"self":[{"href":"http:\/\/klubmamgdynia.pl\/index.php\/wp-json\/wp\/v2\/product\/860","targetHints":{"allow":["GET"]}}],"collection":[{"href":"http:\/\/klubmamgdynia.pl\/index.php\/wp-json\/wp\/v2\/product"}],"about":[{"href":"http:\/\/klubmamgdynia.pl\/index.php\/wp-json\/wp\/v2\/types\/product"}],"replies":[{"embeddable":true,"href":"http:\/\/klubmamgdynia.pl\/index.php\/wp-json\/wp\/v2\/comments?post=860"}],"wp:featuredmedia":[{"embeddable":true,"href":"http:\/\/klubmamgdynia.pl\/index.php\/wp-json\/wp\/v2\/media\/861"}],"wp:attachment":[{"href":"http:\/\/klubmamgdynia.pl\/index.php\/wp-json\/wp\/v2\/media?parent=860"}],"wp:term":[{"taxonomy":"product_cat","embeddable":true,"href":"http:\/\/klubmamgdynia.pl\/index.php\/wp-json\/wp\/v2\/product_cat?post=860"},{"taxonomy":"product_tag","embeddable":true,"href":"http:\/\/klubmamgdynia.pl\/index.php\/wp-json\/wp\/v2\/product_tag?post=860"}],"curies":[{"name":"wp","href":"https:\/\/api.w.org\/{rel}","templated":true}]}}