{"id":8601,"date":"2012-08-27T18:02:51","date_gmt":"2012-08-27T16:02:51","guid":{"rendered":"http:\/\/klubmamgdynia.pl\/index.php\/produkt\/lena-koparka-35-cm-4161\/"},"modified":"2026-04-27T02:05:50","modified_gmt":"2026-04-27T00:05:50","slug":"lena-koparka-35-cm-4161","status":"publish","type":"product","link":"http:\/\/klubmamgdynia.pl\/index.php\/produkt\/lena-koparka-35-cm-4161\/","title":{"rendered":"Lena Koparka 35 Cm 4161"},"content":{"rendered":"<p>Ci\u0105gnik rolniczy Lena o d\u0142ugo\u015bci 35 cm posiada \u0142adowark\u0119 przedni\u0105 z mo\u017cliwo\u015bci\u0105 ustawie\u0144 w dw\u00f3ch p\u0142aszczyznach. Du\u017ce uchwyty u\u0142atwi\u0105 sterownie ramieniem, a ca\u0142a zabawa w przerzucanie pisaku stanie si\u0119 jeszcze bardziej superowa.Zabawki Lena wykonane s\u0105 z wysokiej jako\u015bci plastiku i \u015bwietnie nadaj\u0105 si\u0119 do zabawy w piaskownicy. Dzi\u0119ki ci\u0119\u017car\u00f3wkom i maszynom budowlanym Lena, dziecko b\u0119dzie mog\u0142o na\u015bladowa\u0107 prace prawdziwych maszyn budowlanych. Po wybraniu kruszywa, \u0142adowark\u0105 z du\u017c\u0105 \u0142y\u017ck\u0105, mo\u017cna za\u0142adowa\u0107 ni\u0105 wywrotk\u0119 i wywie\u015b\u0107 w zupe\u0142nie inne misce. W asortymencie producenta opr\u00f3cz ci\u0119\u017car\u00f3wek, wywrotek, koparek, traktor\u00f3w, \u0142adowarek i przyczep, mo\u017cna znale\u017a\u0107 r\u00f3wnie\u017c pojazdy miejskie takie jak \u015bmieciarka czy w\u00f3z stra\u017cy po\u017carnej. Du\u017ce, plastikowe ko\u0142a swobodnie si\u0119 kr\u0119c\u0119, dzi\u0119ki czemu zabawki bez problemu poruszaj\u0105 si\u0119 po trudnym terenie. Zbierz ca\u0142\u0105 kolekcj\u0119 i stw\u00f3rz prawdziwy plac budowy!<\/p>\n<h2>Lena Koparka 35 Cm 4161 Lena<\/h2>\n<p>bajka dla niemowlaka, prezent dla jedenastolatki, traktor z przyczep\u0105 kolorowanka do druku, quiz o usa, trudne zadania matematyczne, podchwytliwe zagadki z odpowiedziami, super zings kolorowanki, gry i zabawy ruchowe, \u015bwi\u0105teczny film dla dzieci, walentynka dla syna<\/p>\n<p>yyyyy<\/p>\n<p>&nbsp;<\/p>\n","protected":false},"excerpt":{"rendered":"<p>Ci\u0105gnik rolniczy Lena o d\u0142ugo\u015bci 35 cm posiada \u0142adowark\u0119 przedni\u0105 z mo\u017cliwo\u015bci\u0105 ustawie\u0144 w dw\u00f3ch p\u0142aszczyznach. Du\u017ce uchwyty u\u0142atwi\u0105 sterownie ramieniem, a ca\u0142a zabawa w przerzucanie pisaku stanie si\u0119 jeszcze bardziej superowa.Zabawki Lena wykonane s\u0105 z wysokiej jako\u015bci plastiku i \u015bwietnie nadaj\u0105 si\u0119 do zabawy w piaskownicy. Dzi\u0119ki ci\u0119\u017car\u00f3wkom i maszynom budowlanym Lena, dziecko b\u0119dzie [&hellip;]<\/p>\n","protected":false},"featured_media":8602,"comment_status":"closed","ping_status":"open","template":"","meta":[],"product_cat":[83,531],"product_tag":[765,763,787,649,623],"class_list":["post-8601","product","type-product","status-publish","has-post-thumbnail","hentry","product_cat-auta-i-inne-pojazdy-do-zabawy","product_cat-lena","product_tag-atrakcje-dla-dzieci-warszawa","product_tag-fabian","product_tag-nauka-pisania-wyrazow-dla-dzieci-do-druku-pdf","product_tag-zagadki-dla-nastolatkow","product_tag-zagadki-logiczne-smieszne"],"_links":{"self":[{"href":"http:\/\/klubmamgdynia.pl\/index.php\/wp-json\/wp\/v2\/product\/8601","targetHints":{"allow":["GET"]}}],"collection":[{"href":"http:\/\/klubmamgdynia.pl\/index.php\/wp-json\/wp\/v2\/product"}],"about":[{"href":"http:\/\/klubmamgdynia.pl\/index.php\/wp-json\/wp\/v2\/types\/product"}],"replies":[{"embeddable":true,"href":"http:\/\/klubmamgdynia.pl\/index.php\/wp-json\/wp\/v2\/comments?post=8601"}],"wp:featuredmedia":[{"embeddable":true,"href":"http:\/\/klubmamgdynia.pl\/index.php\/wp-json\/wp\/v2\/media\/8602"}],"wp:attachment":[{"href":"http:\/\/klubmamgdynia.pl\/index.php\/wp-json\/wp\/v2\/media?parent=8601"}],"wp:term":[{"taxonomy":"product_cat","embeddable":true,"href":"http:\/\/klubmamgdynia.pl\/index.php\/wp-json\/wp\/v2\/product_cat?post=8601"},{"taxonomy":"product_tag","embeddable":true,"href":"http:\/\/klubmamgdynia.pl\/index.php\/wp-json\/wp\/v2\/product_tag?post=8601"}],"curies":[{"name":"wp","href":"https:\/\/api.w.org\/{rel}","templated":true}]}}