{"id":8603,"date":"2013-11-26T00:45:22","date_gmt":"2013-11-25T23:45:22","guid":{"rendered":"http:\/\/klubmamgdynia.pl\/index.php\/produkt\/distrust-digital\/"},"modified":"2026-05-17T22:53:56","modified_gmt":"2026-05-17T20:53:56","slug":"distrust-digital","status":"publish","type":"product","link":"http:\/\/klubmamgdynia.pl\/index.php\/produkt\/distrust-digital\/","title":{"rendered":"Distrust (Digital)"},"content":{"rendered":"<p>Zainspirowane filmem Johna Carpentera &#8222;Co\u015b&#8221;.Grupa odkrywc\u00f3w rozbija si\u0119 helikopterem w pobli\u017cu bazy na Arktyce. Pr\u00f3buj\u0105c znale\u017a\u0107 spos\u00f3b na powr\u00f3t do domu, rozbitkowie zag\u0142\u0119biaj\u0105 si\u0119 coraz bardziej w koszmar. We \u015bnie przyci\u0105gaj\u0105 przera\u017caj\u0105c\u0105 si\u0142\u0119, kt\u00f3ra wysysa z ich cia\u0142 \u017cycie. A im d\u0142u\u017cej opieraj\u0105 si\u0119 wyczerpaniu, aby nie zasn\u0105\u0107, tym mniejsze maj\u0105 szanse na przetrwanie\u2026Rozbitkowie staraj\u0105 si\u0119 spa\u0107 tylko tyle, ile wymaga od nich walka ze zm\u0119czeniem. Powoli popadaj\u0105 w szale\u0144stwo, a\u017c wreszcie docieraj\u0105 do chwili, kiedy nie mog\u0105 ju\u017c ufa\u0107 swoim zmys\u0142om. Z czasem nie s\u0105 ju\u017c nawet w stanie odr\u00f3\u017cni\u0107, co jest rzeczywisto\u015bci\u0105, a co halucynacj\u0105.Poprowad\u017a rozbitk\u00f3w przez losowo generowan\u0105 arktyczn\u0105 baz\u0119, przezwyci\u0119\u017caj trudy klimatu i walcz z niewyobra\u017caln\u0105 si\u0142\u0105!Gra w ekstremalnych warunkach klimatycznychPoziomy generowane losowo15 postaci o niepowtarzalnych umiej\u0119tno\u015bciachMn\u00f3stwo zada\u0144, zdarze\u0144 i zwrot\u00f3w akcjiZmienne postrzeganie rzeczywisto\u015bci: nie mo\u017cesz ufa\u0107 w\u0142asnym oczom<\/p>\n<h2>Distrust (Digital) Alawar<\/h2>\n<p>wydarzenia dla dzieci warszawa, Keyword, bajki na dobranoc do czytania, zagadka o wio\u015bnie, prezent dla 1 latka, quizy o skokach narciarskich, quiz o minecraft, gry ruchowe dla dzieci, peppa do druku, jak narysowac kota, kolorowanki dla dziewczyn, cytaty korczaka<\/p>\n<p>yyyyy<\/p>\n<p>&nbsp;<\/p>\n","protected":false},"excerpt":{"rendered":"<p>Zainspirowane filmem Johna Carpentera &#8222;Co\u015b&#8221;.Grupa odkrywc\u00f3w rozbija si\u0119 helikopterem w pobli\u017cu bazy na Arktyce. Pr\u00f3buj\u0105c znale\u017a\u0107 spos\u00f3b na powr\u00f3t do domu, rozbitkowie zag\u0142\u0119biaj\u0105 si\u0119 coraz bardziej w koszmar. We \u015bnie przyci\u0105gaj\u0105 przera\u017caj\u0105c\u0105 si\u0142\u0119, kt\u00f3ra wysysa z ich cia\u0142 \u017cycie. A im d\u0142u\u017cej opieraj\u0105 si\u0119 wyczerpaniu, aby nie zasn\u0105\u0107, tym mniejsze maj\u0105 szanse na przetrwanie\u2026Rozbitkowie staraj\u0105 [&hellip;]<\/p>\n","protected":false},"featured_media":8604,"comment_status":"closed","ping_status":"open","template":"","meta":[],"product_cat":[1731,352],"product_tag":[750,638,690,743,830,634],"class_list":["post-8603","product","type-product","status-publish","has-post-thumbnail","hentry","product_cat-alawar","product_cat-gry-do-pobrania-na-pc","product_tag-imie-kostek","product_tag-miastodzieci","product_tag-pieski-male-dwa-tekst","product_tag-quiz-dla-dzieci","product_tag-rodzina-cytaty","product_tag-zagadki-wielkanocne-dla-dzieci"],"_links":{"self":[{"href":"http:\/\/klubmamgdynia.pl\/index.php\/wp-json\/wp\/v2\/product\/8603","targetHints":{"allow":["GET"]}}],"collection":[{"href":"http:\/\/klubmamgdynia.pl\/index.php\/wp-json\/wp\/v2\/product"}],"about":[{"href":"http:\/\/klubmamgdynia.pl\/index.php\/wp-json\/wp\/v2\/types\/product"}],"replies":[{"embeddable":true,"href":"http:\/\/klubmamgdynia.pl\/index.php\/wp-json\/wp\/v2\/comments?post=8603"}],"wp:featuredmedia":[{"embeddable":true,"href":"http:\/\/klubmamgdynia.pl\/index.php\/wp-json\/wp\/v2\/media\/8604"}],"wp:attachment":[{"href":"http:\/\/klubmamgdynia.pl\/index.php\/wp-json\/wp\/v2\/media?parent=8603"}],"wp:term":[{"taxonomy":"product_cat","embeddable":true,"href":"http:\/\/klubmamgdynia.pl\/index.php\/wp-json\/wp\/v2\/product_cat?post=8603"},{"taxonomy":"product_tag","embeddable":true,"href":"http:\/\/klubmamgdynia.pl\/index.php\/wp-json\/wp\/v2\/product_tag?post=8603"}],"curies":[{"name":"wp","href":"https:\/\/api.w.org\/{rel}","templated":true}]}}