{"id":8607,"date":"2016-09-10T16:53:10","date_gmt":"2016-09-10T14:53:10","guid":{"rendered":"http:\/\/klubmamgdynia.pl\/index.php\/produkt\/ikonka-parking-garaz-5-poziomow-elektryczna-winda-mata-8-aut\/"},"modified":"2026-05-17T22:24:06","modified_gmt":"2026-05-17T20:24:06","slug":"ikonka-parking-garaz-5-poziomow-elektryczna-winda-mata-8-aut","status":"publish","type":"product","link":"http:\/\/klubmamgdynia.pl\/index.php\/produkt\/ikonka-parking-garaz-5-poziomow-elektryczna-winda-mata-8-aut\/","title":{"rendered":"Ikonka Parking Gara\u017c 5 Poziom\u00f3w Elektryczna Winda + Mata + 8 Aut"},"content":{"rendered":"<p>PARKING GAR\u017b 5 POZIOM\u00d3W ELEKTRYCZNA WINDA + 8 AUTDu\u017ce miasto a w nim oczywi\u015bcie du\u017cy parking i du\u017cy ruch!Wszyscy si\u0119 spiesz\u0105 w wa\u017cnych sprawach. Poprowad\u017a ruch tak, aby nikt nie utkn\u0105\u0142 w korku i sprawnie opu\u015bci\u0142 parking.A gdy zdarzy si\u0119 wypadek na miejsce przyjedzie policja i stra\u017c po\u017carna.Parking ma a\u017c 5 poziom\u00f3w, przeznaczonych do parkowania samochodzik\u00f3w, kt\u00f3re znajdziesz w zestawie. Na sam\u0105 g\u00f3r\u0119 auta dostan\u0105 si\u0119 za pomoc\u0105 automatycznej windy. \u017beby umili\u0107 pasa\u017cerom aut czas sp\u0119dzony w windzie zosta\u0142a wyposa\u017cona w efekty \u015bwietlne. Podczas wjazdu na g\u00f3r\u0119 b\u0119d\u0105 mruga\u0142y kolorowe \u015bwiate\u0142ka.Awaria porodu? Nic nie szkodzi. Sta\u0144 si\u0119 bohaterem i poprowad\u017a wszystkie auta steruj\u0105c wind\u0105 manualnie.Dodatkowo wie\u017ca z zegarem zosta\u0142a wzbogacona o efekty d\u017awi\u0119kowe, weso\u0142a melodyjka uatrakcyjni czas pasa\u017cerom aut. Melodi\u0119 mo\u017cna w\u0142\u0105cza\u0107 lub wy\u0142\u0105cza\u0107 bez zak\u0142\u00f3cania pracy windy.Ten super parking, dostarczy d\u0142uuuuuuuuuuuugie godziny nieko\u0144cz\u0105cej si\u0119 zabawy. Mo\u017cesz mie\u0107 pewno\u015b\u0107, \u017ce z tym zestawem dziecko nie b\u0119dzie mia\u0142o czasu na nud\u0119.Co wi\u0119cej zabawka b\u0119dzie wspiera\u0107 prawid\u0142owy rozw\u00f3j Twojej pociechy. Poprzez zabaw\u0119 dziecko b\u0119dzie rozwija\u0107 zdolno\u015bci manualne i umiej\u0119tno\u015b\u0107 logicznego my\u015blenia oraz refleks.Wykonany z dba\u0142o\u015bci\u0105 o ka\u017cdy szczeg\u00f3\u0142.Nowoczesna forma i estetyka wykonania przyci\u0105gn\u0105\u0142 uwag\u0119 dziecka i zach\u0119c\u0105 do zabawy.Fantastyczny pomys\u0142 na prezent dla ka\u017cdego ma\u0142ego fana motoryzacji.Zawarto\u015b\u0107 zestawu: parking 8 samochod\u00f3w papierowa mataZasilanie: 4x bateria AA (brak w zestawie)Tworzywo: plastik; mata papierowawiek dziecka: 3+Wymiary: wymiary parkingu: 46cm x 23cm x 42cm wymiary maty: 58cm x 28cm wymiary przyk\u0142adowego auta: 5cm x 2cm x 1,5cm wymiary opakowania: 36cm x 42cm x 16cmZapakowane w kartonowe estetyczne opakowanie.<\/p>\n<h2>Ikonka Parking Gara\u017c 5 Poziom\u00f3w Elektryczna Winda + Mata + 8 Aut Kik<\/h2>\n<p>imiona \u017ce\u0144skie nietypowe, nadia imi\u0119, cyferki do druku, kanapki na urodziny dziecka, serce origami, fabian, z\u0142ote my\u015bli pedagogiczne, opisy rodzina, dla nastolatk\u00f3w prezenty, pomys\u0142 na prima aprilis, lato lato lato czeka tekst, kiedy dzieci chodz\u0105 na halloween, prezent dla 14 letniej dziewczyny, test z tajemniczego ogrodu, kolorowanki do druku lol, cytaty na dzie\u0144 nauczyciela<\/p>\n<p>yyyyy<\/p>\n<p>&nbsp;<\/p>\n","protected":false},"excerpt":{"rendered":"<p>PARKING GAR\u017b 5 POZIOM\u00d3W ELEKTRYCZNA WINDA + 8 AUTDu\u017ce miasto a w nim oczywi\u015bcie du\u017cy parking i du\u017cy ruch!Wszyscy si\u0119 spiesz\u0105 w wa\u017cnych sprawach. Poprowad\u017a ruch tak, aby nikt nie utkn\u0105\u0142 w korku i sprawnie opu\u015bci\u0142 parking.A gdy zdarzy si\u0119 wypadek na miejsce przyjedzie policja i stra\u017c po\u017carna.Parking ma a\u017c 5 poziom\u00f3w, przeznaczonych do parkowania [&hellip;]<\/p>\n","protected":false},"featured_media":8608,"comment_status":"closed","ping_status":"open","template":"","meta":[],"product_cat":[165,141],"product_tag":[583,684,615],"class_list":["post-8607","product","type-product","status-publish","has-post-thumbnail","hentry","product_cat-kik","product_cat-parkingi-garaze-i-tory-wyscigowe","product_tag-kolysanki-dla-dzieci-tekst","product_tag-prezent-dla-dziewczynki-na-roczek","product_tag-znane-misie-z-filmow-animowanych"],"_links":{"self":[{"href":"http:\/\/klubmamgdynia.pl\/index.php\/wp-json\/wp\/v2\/product\/8607","targetHints":{"allow":["GET"]}}],"collection":[{"href":"http:\/\/klubmamgdynia.pl\/index.php\/wp-json\/wp\/v2\/product"}],"about":[{"href":"http:\/\/klubmamgdynia.pl\/index.php\/wp-json\/wp\/v2\/types\/product"}],"replies":[{"embeddable":true,"href":"http:\/\/klubmamgdynia.pl\/index.php\/wp-json\/wp\/v2\/comments?post=8607"}],"wp:featuredmedia":[{"embeddable":true,"href":"http:\/\/klubmamgdynia.pl\/index.php\/wp-json\/wp\/v2\/media\/8608"}],"wp:attachment":[{"href":"http:\/\/klubmamgdynia.pl\/index.php\/wp-json\/wp\/v2\/media?parent=8607"}],"wp:term":[{"taxonomy":"product_cat","embeddable":true,"href":"http:\/\/klubmamgdynia.pl\/index.php\/wp-json\/wp\/v2\/product_cat?post=8607"},{"taxonomy":"product_tag","embeddable":true,"href":"http:\/\/klubmamgdynia.pl\/index.php\/wp-json\/wp\/v2\/product_tag?post=8607"}],"curies":[{"name":"wp","href":"https:\/\/api.w.org\/{rel}","templated":true}]}}