{"id":8609,"date":"2014-10-11T17:52:34","date_gmt":"2014-10-11T15:52:34","guid":{"rendered":"http:\/\/klubmamgdynia.pl\/index.php\/produkt\/daffi-2020-audi-r8-coup-kinsmart\/"},"modified":"2026-04-06T18:56:12","modified_gmt":"2026-04-06T16:56:12","slug":"daffi-2020-audi-r8-coup-kinsmart","status":"publish","type":"product","link":"http:\/\/klubmamgdynia.pl\/index.php\/produkt\/daffi-2020-audi-r8-coup-kinsmart\/","title":{"rendered":"Daffi 2020 Audi R8 Coup Kinsmart"},"content":{"rendered":"<p>Mix wzor\u00f3w. towar wysy\u0142any losowo.Model kolekcjonerski KINSMART (skala 5) &#8211; wz\u00f3r: 2020 Audi R8 Coup KINSMART&#8230;<\/p>\n<h2>Daffi 2020 Audi R8 Coup Kinsmart DAFFI<\/h2>\n<p>spiderman do druku, zagadki do rozwi\u0105zania, wiosna zagadki s\u0142owne, miriam imie, kolorowanka robot<\/p>\n<p>yyyyy<\/p>\n<p>&nbsp;<\/p>\n","protected":false},"excerpt":{"rendered":"<p>Mix wzor\u00f3w. towar wysy\u0142any losowo.Model kolekcjonerski KINSMART (skala 5) &#8211; wz\u00f3r: 2020 Audi R8 Coup KINSMART&#8230; Daffi 2020 Audi R8 Coup Kinsmart DAFFI spiderman do druku, zagadki do rozwi\u0105zania, wiosna zagadki s\u0142owne, miriam imie, kolorowanka robot yyyyy &nbsp;<\/p>\n","protected":false},"featured_media":8610,"comment_status":"closed","ping_status":"open","template":"","meta":[],"product_cat":[83,1719],"product_tag":[771,708,799,713],"class_list":["post-8609","product","type-product","status-publish","has-post-thumbnail","hentry","product_cat-auta-i-inne-pojazdy-do-zabawy","product_cat-daffi","product_tag-stolice-europy-quiz","product_tag-zabawy-ruchowe-dla-dzieci","product_tag-zagadka-logiczna","product_tag-zagadki-logiczne-z-odpowiedziami"],"_links":{"self":[{"href":"http:\/\/klubmamgdynia.pl\/index.php\/wp-json\/wp\/v2\/product\/8609","targetHints":{"allow":["GET"]}}],"collection":[{"href":"http:\/\/klubmamgdynia.pl\/index.php\/wp-json\/wp\/v2\/product"}],"about":[{"href":"http:\/\/klubmamgdynia.pl\/index.php\/wp-json\/wp\/v2\/types\/product"}],"replies":[{"embeddable":true,"href":"http:\/\/klubmamgdynia.pl\/index.php\/wp-json\/wp\/v2\/comments?post=8609"}],"wp:featuredmedia":[{"embeddable":true,"href":"http:\/\/klubmamgdynia.pl\/index.php\/wp-json\/wp\/v2\/media\/8610"}],"wp:attachment":[{"href":"http:\/\/klubmamgdynia.pl\/index.php\/wp-json\/wp\/v2\/media?parent=8609"}],"wp:term":[{"taxonomy":"product_cat","embeddable":true,"href":"http:\/\/klubmamgdynia.pl\/index.php\/wp-json\/wp\/v2\/product_cat?post=8609"},{"taxonomy":"product_tag","embeddable":true,"href":"http:\/\/klubmamgdynia.pl\/index.php\/wp-json\/wp\/v2\/product_tag?post=8609"}],"curies":[{"name":"wp","href":"https:\/\/api.w.org\/{rel}","templated":true}]}}