{"id":8611,"date":"2022-12-24T08:58:20","date_gmt":"2022-12-24T07:58:20","guid":{"rendered":"http:\/\/klubmamgdynia.pl\/?post_type=product&#038;p=8611"},"modified":"2026-04-05T23:59:05","modified_gmt":"2026-04-05T21:59:05","slug":"fillikid-zimowy-spiworek-do-fotelika-samochodowego-z-futerkiem-czarny","status":"publish","type":"product","link":"http:\/\/klubmamgdynia.pl\/index.php\/produkt\/fillikid-zimowy-spiworek-do-fotelika-samochodowego-z-futerkiem-czarny\/","title":{"rendered":"Fillikid Zimowy \u015apiworek Do Fotelika Samochodowego Z Futerkiem, Czarny"},"content":{"rendered":"<p>Zimowa \u015bpiworek Pamir z Fillikid zapewni Twojemu dziecku ciep\u0142o w niskich temperaturach. Zimowy \u015bpiworek na wy\u015bcie\u0142any jest w 100% wysokiej jako\u015bci, przytuln\u0105 sk\u00f3r\u0105 jagni\u0119c\u0105 oraz wodoodporny materia\u0142 zewn\u0119trzny. Specjalny materia\u0142 sprawia, \u017ce \u015bpiworek jest oddychaj\u0105cy, a jednocze\u015bnie odporny na warunki Atmosferyczne i zapobiega niepotrzebnemu poceniu si\u0119 dziecka. Posiada praktyczny zamek b\u0142yskawiczny na \u015brodku oraz zapinan\u0105 na zamek cz\u0119\u015b\u0107 na stopy, co u\u0142atwia wk\u0142adanie dziecka. \u015apiworek pasuje do w\u00f3zk\u00f3w dzieci\u0119cych i fotelik\u00f3w samochodowych w rozmiarze 0. Sznurek w obszarze g\u0142owy umo\u017cliwia \u015bci\u0105gni\u0119cie materia\u0142u , co zapewnia jeszcze wi\u0119ksze bezpiecze\u0144stwo i ciep\u0142o. Obszerne otwory na pasek z ty\u0142u u\u0142atwiaj\u0105 zapinanie. Zabrudzenia mo\u017cna \u0142atwo usun\u0105\u0107 za pomoc\u0105 specjalnego p\u0142ynu do sk\u00f3ry jagni\u0119cej (sprzedawany oddzielnie). Szczeg\u00f3\u0142y produktu: Termoregulacja i przepuszalno\u015b\u0107 powietrza Materia\u0142 zewn\u0119trzny jest wodoodporny Zamek b\u0142yskawiczny w centrum Cz\u0119\u015b\u0107 przy st\u00f3pkach zapinana na zamek b\u0142yskawiczny Nadaje si\u0119 do w\u00f3zk\u00f3w dzieci\u0119cych i fotelik\u00f3w samochodowych grupa 0 Sk\u00f3ra jagni\u0119ca Dane techniczne: Wymiary (d\u0142ugo\u015b\u0107 x szeroko\u015b\u0107): 45 x 80 cm Materia\u0142: 100 % sk\u00f3ry jagni\u0119cej z merynos\u00f3w Waga: 0,81 kg Mo\u017cna pra\u0107 w temperaturze 30\u00b0C<\/p>\n<h2>Fillikid Zimowy \u015apiworek Do Fotelika Samochodowego Z Futerkiem, Czarny Fillikid<\/h2>\n<p>gabriela imie, mini zoo mazowieckie, zagadki o zawodach, pola imie<\/p>\n<p>yyyyy<\/p>\n<p>&nbsp;<\/p>\n","protected":false},"excerpt":{"rendered":"<p>Zimowa \u015bpiworek Pamir z Fillikid zapewni Twojemu dziecku ciep\u0142o w niskich temperaturach. Zimowy \u015bpiworek na wy\u015bcie\u0142any jest w 100% wysokiej jako\u015bci, przytuln\u0105 sk\u00f3r\u0105 jagni\u0119c\u0105 oraz wodoodporny materia\u0142 zewn\u0119trzny. Specjalny materia\u0142 sprawia, \u017ce \u015bpiworek jest oddychaj\u0105cy, a jednocze\u015bnie odporny na warunki Atmosferyczne i zapobiega niepotrzebnemu poceniu si\u0119 dziecka. Posiada praktyczny zamek b\u0142yskawiczny na \u015brodku oraz zapinan\u0105 [&hellip;]<\/p>\n","protected":false},"featured_media":8612,"comment_status":"closed","ping_status":"open","template":"","meta":[],"product_cat":[1125,1092],"product_tag":[837,867,654,773],"class_list":["post-8611","product","type-product","status-publish","has-post-thumbnail","hentry","product_cat-akcesoria-samochodowe-dla-dzieci","product_cat-fillikid","product_tag-cicha-noc-po-angielsku","product_tag-kolorowanki-dla-dziewczynek","product_tag-krotkie-bajki-dla-dzieci-do-czytania","product_tag-test-z-lektury-opowiesci-z-narnii-lew-czarownica-i-stara-szafa"],"_links":{"self":[{"href":"http:\/\/klubmamgdynia.pl\/index.php\/wp-json\/wp\/v2\/product\/8611","targetHints":{"allow":["GET"]}}],"collection":[{"href":"http:\/\/klubmamgdynia.pl\/index.php\/wp-json\/wp\/v2\/product"}],"about":[{"href":"http:\/\/klubmamgdynia.pl\/index.php\/wp-json\/wp\/v2\/types\/product"}],"replies":[{"embeddable":true,"href":"http:\/\/klubmamgdynia.pl\/index.php\/wp-json\/wp\/v2\/comments?post=8611"}],"wp:featuredmedia":[{"embeddable":true,"href":"http:\/\/klubmamgdynia.pl\/index.php\/wp-json\/wp\/v2\/media\/8612"}],"wp:attachment":[{"href":"http:\/\/klubmamgdynia.pl\/index.php\/wp-json\/wp\/v2\/media?parent=8611"}],"wp:term":[{"taxonomy":"product_cat","embeddable":true,"href":"http:\/\/klubmamgdynia.pl\/index.php\/wp-json\/wp\/v2\/product_cat?post=8611"},{"taxonomy":"product_tag","embeddable":true,"href":"http:\/\/klubmamgdynia.pl\/index.php\/wp-json\/wp\/v2\/product_tag?post=8611"}],"curies":[{"name":"wp","href":"https:\/\/api.w.org\/{rel}","templated":true}]}}