{"id":8613,"date":"2024-02-17T09:41:19","date_gmt":"2024-02-17T08:41:19","guid":{"rendered":"http:\/\/klubmamgdynia.pl\/?post_type=product&#038;p=8613"},"modified":"2026-04-07T12:42:37","modified_gmt":"2026-04-07T10:42:37","slug":"theraline-pokrowiec-na-poduszke-pod-szyje-sredni-100x21cm-cappuccino-bamboo-collection-100x21","status":"publish","type":"product","link":"http:\/\/klubmamgdynia.pl\/index.php\/produkt\/theraline-pokrowiec-na-poduszke-pod-szyje-sredni-100x21cm-cappuccino-bamboo-collection-100x21\/","title":{"rendered":"Theraline Pokrowiec Na Poduszk\u0119 Pod Szyj\u0119 \u015aredni 100X21Cm Cappuccino Bamboo Collection &#8211; 100X21"},"content":{"rendered":"<p>Poduszka THERALINE neck pillow medium posiada oczywi\u015bcie zdejmowan\u0105 poszewk\u0119. Poszycie poduszki pod szyj\u0119 medium wykonane jest z wyj\u0105tkowo mi\u0119kkiej i wysokogatunkowej bawe\u0142ny tiger . Merceryzacja i szczeg\u00f3lnie trwa\u0142y kolorowy nadruk reaktywny nadaj\u0105 delikatny po\u0142ysk. Por\u00f3wnaj, poczuj i ciesz si\u0119 nim sam. Szczeg\u00f3\u0142y produktu: Pokrowiec: 100% bawe\u0142na pokrowiec mo\u017cna pra\u0107 w temperaturze do 60\u00b0C wymiary: 100 x 21 cm W zestawie: Pokrowiec z d\u017cerseju<\/p>\n<h2>Theraline Pokrowiec Na Poduszk\u0119 Pod Szyj\u0119 \u015aredni 100X21Cm Cappuccino Bamboo Collection &#8211; 100X21 Theraline<\/h2>\n<p>quizy dla dzieci z bajek, kalina imi\u0119, dobranoc pch\u0142y na noc, dyplomy do druku, znaczenie imienia marcel, wzruszajace cytaty o rodzinie, zagadki dla 8 latka, literki do nauki pisania do druku<\/p>\n<p>yyyyy<\/p>\n<p>&nbsp;<\/p>\n","protected":false},"excerpt":{"rendered":"<p>Poduszka THERALINE neck pillow medium posiada oczywi\u015bcie zdejmowan\u0105 poszewk\u0119. Poszycie poduszki pod szyj\u0119 medium wykonane jest z wyj\u0105tkowo mi\u0119kkiej i wysokogatunkowej bawe\u0142ny tiger . Merceryzacja i szczeg\u00f3lnie trwa\u0142y kolorowy nadruk reaktywny nadaj\u0105 delikatny po\u0142ysk. Por\u00f3wnaj, poczuj i ciesz si\u0119 nim sam. Szczeg\u00f3\u0142y produktu: Pokrowiec: 100% bawe\u0142na pokrowiec mo\u017cna pra\u0107 w temperaturze do 60\u00b0C wymiary: 100 [&hellip;]<\/p>\n","protected":false},"featured_media":8614,"comment_status":"closed","ping_status":"open","template":"","meta":[],"product_cat":[1125,1732],"product_tag":[825,798,868,713],"class_list":["post-8613","product","type-product","status-publish","has-post-thumbnail","hentry","product_cat-akcesoria-samochodowe-dla-dzieci","product_cat-theraline","product_tag-bajka-na-dobranoc-do-czytania","product_tag-prezenty-dla-nastolatki","product_tag-quizy-dla-dzieci","product_tag-zagadki-logiczne-z-odpowiedziami"],"_links":{"self":[{"href":"http:\/\/klubmamgdynia.pl\/index.php\/wp-json\/wp\/v2\/product\/8613","targetHints":{"allow":["GET"]}}],"collection":[{"href":"http:\/\/klubmamgdynia.pl\/index.php\/wp-json\/wp\/v2\/product"}],"about":[{"href":"http:\/\/klubmamgdynia.pl\/index.php\/wp-json\/wp\/v2\/types\/product"}],"replies":[{"embeddable":true,"href":"http:\/\/klubmamgdynia.pl\/index.php\/wp-json\/wp\/v2\/comments?post=8613"}],"wp:featuredmedia":[{"embeddable":true,"href":"http:\/\/klubmamgdynia.pl\/index.php\/wp-json\/wp\/v2\/media\/8614"}],"wp:attachment":[{"href":"http:\/\/klubmamgdynia.pl\/index.php\/wp-json\/wp\/v2\/media?parent=8613"}],"wp:term":[{"taxonomy":"product_cat","embeddable":true,"href":"http:\/\/klubmamgdynia.pl\/index.php\/wp-json\/wp\/v2\/product_cat?post=8613"},{"taxonomy":"product_tag","embeddable":true,"href":"http:\/\/klubmamgdynia.pl\/index.php\/wp-json\/wp\/v2\/product_tag?post=8613"}],"curies":[{"name":"wp","href":"https:\/\/api.w.org\/{rel}","templated":true}]}}