{"id":8615,"date":"2015-08-30T03:58:39","date_gmt":"2015-08-30T01:58:39","guid":{"rendered":"http:\/\/klubmamgdynia.pl\/index.php\/produkt\/lean-toys-kuchnia-drewniana-jola-lodowka-mikrofalowka-2268-zabawka\/"},"modified":"2026-04-24T09:10:19","modified_gmt":"2026-04-24T07:10:19","slug":"lean-toys-kuchnia-drewniana-jola-lodowka-mikrofalowka-2268-zabawka","status":"publish","type":"product","link":"http:\/\/klubmamgdynia.pl\/index.php\/produkt\/lean-toys-kuchnia-drewniana-jola-lodowka-mikrofalowka-2268-zabawka\/","title":{"rendered":"Lean Toys Kuchnia Drewniana Jola Lod\u00f3wka + Mikrofal\u00f3wka (2268) &#8211; Zabawka"},"content":{"rendered":"<p>DREWNIANA KUCHNIA DLA MA\u0141EJ GOSPOSI Kuchniawyposa\u017cona jest w lod\u00f3wk\u0119, zlew, piekarnik, 4 palniki, p\u00f3\u0142k\u0119, mikrofal\u00f3wk\u0119,uchwyt na r\u0119czniki papierowe. Drzwi iszafki otwieraj\u0105 si\u0119. Dzieckopodczas zabawy kuchni\u0105 uczy si\u0119 podstawowych prac domowych. Zabawkazajmie malucha na wiele godzin i dostarczy mu du\u017co rado\u015bci i dobrej zabawy! Kuchniazosta\u0142a solidnie wykonana. Wiek: 3+ latKodproduktu: 2268Wymiary kuchni:112 x 31 x 106 cm<\/p>\n<h2>Lean Toys Kuchnia Drewniana Jola Lod\u00f3wka + Mikrofal\u00f3wka (2268) &#8211; Zabawka Lean Toys<\/h2>\n<p>traktor do druku, warszawa atrakcje dla m\u0142odzie\u017cy, oryginalny prezent na roczek dla ch\u0142opca, zagadki logiczne matematyczne dla dzieci, quiz felix net i nika oraz gang niewidzialnych ludzi, kolorowanka kotki do druku, pikachu kolorowanka, zaproszenie na urodziny do druku, uk\u0142ad s\u0142oneczny dla dzieci do druku, cytat dla mamy<\/p>\n<p>yyyyy<\/p>\n<p>&nbsp;<\/p>\n","protected":false},"excerpt":{"rendered":"<p>DREWNIANA KUCHNIA DLA MA\u0141EJ GOSPOSI Kuchniawyposa\u017cona jest w lod\u00f3wk\u0119, zlew, piekarnik, 4 palniki, p\u00f3\u0142k\u0119, mikrofal\u00f3wk\u0119,uchwyt na r\u0119czniki papierowe. Drzwi iszafki otwieraj\u0105 si\u0119. Dzieckopodczas zabawy kuchni\u0105 uczy si\u0119 podstawowych prac domowych. Zabawkazajmie malucha na wiele godzin i dostarczy mu du\u017co rado\u015bci i dobrej zabawy! Kuchniazosta\u0142a solidnie wykonana. Wiek: 3+ latKodproduktu: 2268Wymiary kuchni:112 x 31 x 106 [&hellip;]<\/p>\n","protected":false},"featured_media":8616,"comment_status":"closed","ping_status":"open","template":"","meta":[],"product_cat":[53,73],"product_tag":[838,662,673,620],"class_list":["post-8615","product","type-product","status-publish","has-post-thumbnail","hentry","product_cat-kaciki-zabaw","product_cat-lean-toys","product_tag-bajki-dla-dzieci-na-dobranoc","product_tag-bajki-na-dobranoc","product_tag-juz-blisko-koleda-tekst","product_tag-quiz-opowiesci-z-narnii"],"_links":{"self":[{"href":"http:\/\/klubmamgdynia.pl\/index.php\/wp-json\/wp\/v2\/product\/8615","targetHints":{"allow":["GET"]}}],"collection":[{"href":"http:\/\/klubmamgdynia.pl\/index.php\/wp-json\/wp\/v2\/product"}],"about":[{"href":"http:\/\/klubmamgdynia.pl\/index.php\/wp-json\/wp\/v2\/types\/product"}],"replies":[{"embeddable":true,"href":"http:\/\/klubmamgdynia.pl\/index.php\/wp-json\/wp\/v2\/comments?post=8615"}],"wp:featuredmedia":[{"embeddable":true,"href":"http:\/\/klubmamgdynia.pl\/index.php\/wp-json\/wp\/v2\/media\/8616"}],"wp:attachment":[{"href":"http:\/\/klubmamgdynia.pl\/index.php\/wp-json\/wp\/v2\/media?parent=8615"}],"wp:term":[{"taxonomy":"product_cat","embeddable":true,"href":"http:\/\/klubmamgdynia.pl\/index.php\/wp-json\/wp\/v2\/product_cat?post=8615"},{"taxonomy":"product_tag","embeddable":true,"href":"http:\/\/klubmamgdynia.pl\/index.php\/wp-json\/wp\/v2\/product_tag?post=8615"}],"curies":[{"name":"wp","href":"https:\/\/api.w.org\/{rel}","templated":true}]}}