{"id":8617,"date":"2024-12-17T07:19:21","date_gmt":"2024-12-17T06:19:21","guid":{"rendered":"http:\/\/klubmamgdynia.pl\/?post_type=product&#038;p=8617"},"modified":"2026-04-05T15:55:03","modified_gmt":"2026-04-05T13:55:03","slug":"gra-planszowa-granna-tempo","status":"publish","type":"product","link":"http:\/\/klubmamgdynia.pl\/index.php\/produkt\/gra-planszowa-granna-tempo\/","title":{"rendered":"Gra planszowa Granna Tempo"},"content":{"rendered":"<p>Gra Tempo 30 Sekund Imprezowa Granna Pl<\/p>\n<h2>Gra planszowa Granna Tempo Granna<\/h2>\n<p>zagadki co to jest, zagadki dla dzieci 6 lat, test z opowie\u015bci z narnii lew czarownica i stara szafa, tymoteusz znaczenie imienia, zagadki przyrodnicze, magiczne drzewo czerwone krzes\u0142o test, zagadki dla sze\u015bciolatk\u00f3w, pytania logiczne, miko\u0142ajek sprawdzian z lektury z odpowiedziami, plac zabaw pozna\u0144, z\u0142ote my\u015bli pedagogiczne, opis o rodzinie, chase psi patrol kolorowanka, dzie\u0144 pluszowego misia, jak si\u0119 rysuje kota, rzadkie imiona japo\u0144skie, kolorowanki antystresowe, kolorowanka do malowania farbami, \u015bwinka peppa bajki do czytania<\/p>\n<p>yyyyy<\/p>\n<p>&nbsp;<\/p>\n","protected":false},"excerpt":{"rendered":"<p>Gra Tempo 30 Sekund Imprezowa Granna Pl Gra planszowa Granna Tempo Granna zagadki co to jest, zagadki dla dzieci 6 lat, test z opowie\u015bci z narnii lew czarownica i stara szafa, tymoteusz znaczenie imienia, zagadki przyrodnicze, magiczne drzewo czerwone krzes\u0142o test, zagadki dla sze\u015bciolatk\u00f3w, pytania logiczne, miko\u0142ajek sprawdzian z lektury z odpowiedziami, plac zabaw pozna\u0144, [&hellip;]<\/p>\n","protected":false},"featured_media":8618,"comment_status":"closed","ping_status":"open","template":"","meta":[],"product_cat":[430,235],"product_tag":[656,818,816],"class_list":["post-8617","product","type-product","status-publish","has-post-thumbnail","hentry","product_cat-granna","product_cat-gry-planszowe","product_tag-kolorowanki-lol","product_tag-oliwier","product_tag-place-zabaw-warszawa"],"_links":{"self":[{"href":"http:\/\/klubmamgdynia.pl\/index.php\/wp-json\/wp\/v2\/product\/8617","targetHints":{"allow":["GET"]}}],"collection":[{"href":"http:\/\/klubmamgdynia.pl\/index.php\/wp-json\/wp\/v2\/product"}],"about":[{"href":"http:\/\/klubmamgdynia.pl\/index.php\/wp-json\/wp\/v2\/types\/product"}],"replies":[{"embeddable":true,"href":"http:\/\/klubmamgdynia.pl\/index.php\/wp-json\/wp\/v2\/comments?post=8617"}],"wp:featuredmedia":[{"embeddable":true,"href":"http:\/\/klubmamgdynia.pl\/index.php\/wp-json\/wp\/v2\/media\/8618"}],"wp:attachment":[{"href":"http:\/\/klubmamgdynia.pl\/index.php\/wp-json\/wp\/v2\/media?parent=8617"}],"wp:term":[{"taxonomy":"product_cat","embeddable":true,"href":"http:\/\/klubmamgdynia.pl\/index.php\/wp-json\/wp\/v2\/product_cat?post=8617"},{"taxonomy":"product_tag","embeddable":true,"href":"http:\/\/klubmamgdynia.pl\/index.php\/wp-json\/wp\/v2\/product_tag?post=8617"}],"curies":[{"name":"wp","href":"https:\/\/api.w.org\/{rel}","templated":true}]}}