{"id":8619,"date":"2020-05-29T08:00:51","date_gmt":"2020-05-29T06:00:51","guid":{"rendered":"http:\/\/klubmamgdynia.pl\/index.php\/produkt\/mochtoys-lopatka-cukrowa-5083\/"},"modified":"2026-04-24T16:25:39","modified_gmt":"2026-04-24T14:25:39","slug":"mochtoys-lopatka-cukrowa-5083","status":"publish","type":"product","link":"http:\/\/klubmamgdynia.pl\/index.php\/produkt\/mochtoys-lopatka-cukrowa-5083\/","title":{"rendered":"Mochtoys \u0141opatka Cukrowa 5083"},"content":{"rendered":"<p>Plastikowa \u0141opatka Cukrowa O Wymiarach 24,5X7,3X3,5 Cm, Wykonana Z Trwa\u0142ego Tworzywa Odpornego Na Z\u0142amanie I Warunki Atmosferyczne<\/p>\n<h2>Mochtoys \u0141opatka Cukrowa 5083 Mochtoys<\/h2>\n<p>test zaczarowana zagroda, jakie prezenty na roczek, malowanki \u015bwi\u0105teczne, po\u0142\u0105cz kropki do druku, myszka minnie kolorowanka, miko\u0142ajek quiz, kolorowanki minecraft, kolorowanka smok wawelski, zagadki dla dzieci, zabawy z 7 latkiem<\/p>\n<p>yyyyy<\/p>\n<p>&nbsp;<\/p>\n","protected":false},"excerpt":{"rendered":"<p>Plastikowa \u0141opatka Cukrowa O Wymiarach 24,5X7,3X3,5 Cm, Wykonana Z Trwa\u0142ego Tworzywa Odpornego Na Z\u0142amanie I Warunki Atmosferyczne Mochtoys \u0141opatka Cukrowa 5083 Mochtoys test zaczarowana zagroda, jakie prezenty na roczek, malowanki \u015bwi\u0105teczne, po\u0142\u0105cz kropki do druku, myszka minnie kolorowanka, miko\u0142ajek quiz, kolorowanki minecraft, kolorowanka smok wawelski, zagadki dla dzieci, zabawy z 7 latkiem yyyyy &nbsp;<\/p>\n","protected":false},"featured_media":8620,"comment_status":"closed","ping_status":"open","template":"","meta":[],"product_cat":[319,286],"product_tag":[865,674,793],"class_list":["post-8619","product","type-product","status-publish","has-post-thumbnail","hentry","product_cat-mochtoys","product_cat-zabawki-do-piasku","product_tag-cytaty-o-dzieciach","product_tag-miasto-dzieci","product_tag-zagadki-smieszne-podchwytliwe"],"_links":{"self":[{"href":"http:\/\/klubmamgdynia.pl\/index.php\/wp-json\/wp\/v2\/product\/8619","targetHints":{"allow":["GET"]}}],"collection":[{"href":"http:\/\/klubmamgdynia.pl\/index.php\/wp-json\/wp\/v2\/product"}],"about":[{"href":"http:\/\/klubmamgdynia.pl\/index.php\/wp-json\/wp\/v2\/types\/product"}],"replies":[{"embeddable":true,"href":"http:\/\/klubmamgdynia.pl\/index.php\/wp-json\/wp\/v2\/comments?post=8619"}],"wp:featuredmedia":[{"embeddable":true,"href":"http:\/\/klubmamgdynia.pl\/index.php\/wp-json\/wp\/v2\/media\/8620"}],"wp:attachment":[{"href":"http:\/\/klubmamgdynia.pl\/index.php\/wp-json\/wp\/v2\/media?parent=8619"}],"wp:term":[{"taxonomy":"product_cat","embeddable":true,"href":"http:\/\/klubmamgdynia.pl\/index.php\/wp-json\/wp\/v2\/product_cat?post=8619"},{"taxonomy":"product_tag","embeddable":true,"href":"http:\/\/klubmamgdynia.pl\/index.php\/wp-json\/wp\/v2\/product_tag?post=8619"}],"curies":[{"name":"wp","href":"https:\/\/api.w.org\/{rel}","templated":true}]}}