{"id":862,"date":"2025-07-18T11:25:27","date_gmt":"2025-07-18T09:25:27","guid":{"rendered":"http:\/\/klubmamgdynia.pl\/?post_type=product&#038;p=862"},"modified":"2026-05-17T23:01:28","modified_gmt":"2026-05-17T21:01:28","slug":"adar-parking-policyjny-garaz-zjezdzalnia-helikoper-autka-7073","status":"publish","type":"product","link":"http:\/\/klubmamgdynia.pl\/index.php\/produkt\/adar-parking-policyjny-garaz-zjezdzalnia-helikoper-autka-7073\/","title":{"rendered":"Adar Parking Policyjny Gara\u017c Zje\u017cd\u017calnia Helikoper Autka 7073"},"content":{"rendered":"<p>Parking policyjny gara\u017c posterunek policji dla ch\u0142opc\u00f3w.Zestaw zawiera:- trzy-poziomowy parking &#8211; posterunek- komisariat policji- trzy autka metalowe o d\u0142ugo\u015bci 7 cm i helikopter o d\u0142ugo\u015bci 8 cmZestaw posiada dodatkowo ruchomy podno\u015bnik,l\u0105dowisko dla helikopter\u00f3w i znakiWymiary opakowania: 44,5x 31 x 7 cmWymiary po z\u0142o\u017ceniu 36x44x23cm<\/p>\n<h2>Adar Parking Policyjny Gara\u017c Zje\u017cd\u017calnia Helikoper Autka 7073 Adar<\/h2>\n<p>wiersze o wakacjach, zagadki dla 6 latka, basen warszawa, wiersz o wakacjach, pokemon kolorowanki do druku, zygzak mcqueen kolorowanka, kolorowanki winx, nastolatka, \u017carty \u017carty na prima aprilis, hymn g\u00f3rniczy, bajka terapeutyczna o emocjach, pomys\u0142y na prezent dla nastolatk\u00f3w, kolorowanki do druku, cyferki do druku, zagadki dla starszych dzieci, zagadki o zwierz\u0119tach wiejskich, dzie\u0144 matki w\u0142asnor\u0119czny prezent dla mamy od dziecka, wroc\u0142aw dla dzieci, kolorowanka antystresowa<\/p>\n<p>yyyyy<\/p>\n<p>&nbsp;<\/p>\n","protected":false},"excerpt":{"rendered":"<p>Parking policyjny gara\u017c posterunek policji dla ch\u0142opc\u00f3w.Zestaw zawiera:- trzy-poziomowy parking &#8211; posterunek- komisariat policji- trzy autka metalowe o d\u0142ugo\u015bci 7 cm i helikopter o d\u0142ugo\u015bci 8 cmZestaw posiada dodatkowo ruchomy podno\u015bnik,l\u0105dowisko dla helikopter\u00f3w i znakiWymiary opakowania: 44,5x 31 x 7 cmWymiary po z\u0142o\u017ceniu 36x44x23cm Adar Parking Policyjny Gara\u017c Zje\u017cd\u017calnia Helikoper Autka 7073 Adar wiersze o [&hellip;]<\/p>\n","protected":false},"featured_media":863,"comment_status":"closed","ping_status":"open","template":"","meta":[],"product_cat":[175,141],"product_tag":[737,760,635],"class_list":["post-862","product","type-product","status-publish","has-post-thumbnail","hentry","product_cat-adar","product_cat-parkingi-garaze-i-tory-wyscigowe","product_tag-test-z-lektury-felix-net-i-nika-oraz-gang-niewidzialnych-ludzi","product_tag-zagadka-matematyczna","product_tag-znaki-drogowe-do-druku"],"_links":{"self":[{"href":"http:\/\/klubmamgdynia.pl\/index.php\/wp-json\/wp\/v2\/product\/862","targetHints":{"allow":["GET"]}}],"collection":[{"href":"http:\/\/klubmamgdynia.pl\/index.php\/wp-json\/wp\/v2\/product"}],"about":[{"href":"http:\/\/klubmamgdynia.pl\/index.php\/wp-json\/wp\/v2\/types\/product"}],"replies":[{"embeddable":true,"href":"http:\/\/klubmamgdynia.pl\/index.php\/wp-json\/wp\/v2\/comments?post=862"}],"wp:featuredmedia":[{"embeddable":true,"href":"http:\/\/klubmamgdynia.pl\/index.php\/wp-json\/wp\/v2\/media\/863"}],"wp:attachment":[{"href":"http:\/\/klubmamgdynia.pl\/index.php\/wp-json\/wp\/v2\/media?parent=862"}],"wp:term":[{"taxonomy":"product_cat","embeddable":true,"href":"http:\/\/klubmamgdynia.pl\/index.php\/wp-json\/wp\/v2\/product_cat?post=862"},{"taxonomy":"product_tag","embeddable":true,"href":"http:\/\/klubmamgdynia.pl\/index.php\/wp-json\/wp\/v2\/product_tag?post=862"}],"curies":[{"name":"wp","href":"https:\/\/api.w.org\/{rel}","templated":true}]}}