{"id":8621,"date":"2015-10-04T05:45:20","date_gmt":"2015-10-04T03:45:20","guid":{"rendered":"http:\/\/klubmamgdynia.pl\/index.php\/produkt\/lol-surprise-ultimate-collection-merbaby-12-lalek-z-serii-1-571520\/"},"modified":"2026-04-30T20:17:56","modified_gmt":"2026-04-30T18:17:56","slug":"lol-surprise-ultimate-collection-merbaby-12-lalek-z-serii-1-571520","status":"publish","type":"product","link":"http:\/\/klubmamgdynia.pl\/index.php\/produkt\/lol-surprise-ultimate-collection-merbaby-12-lalek-z-serii-1-571520\/","title":{"rendered":"LOL Surprise Ultimate Collection Merbaby 12 lalek z serii 1 571520"},"content":{"rendered":"<p>LOL Surprise! Ultimate Collection Merbaby 12 lalek z serii 1                            <\/p>\n<p>Oryginalna niespodzianka LOL! Seria 1 powraca w limitowanej edycji! Ozdobne pude\u0142ko w kszta\u0142cie walizki zawiera 12 ponownie wydanych laleczek LOL Surprise z serii 1, szczeg\u00f3lnie poszukiwanych przez kolekcjonerki LOL Je\u015bli przegapi\u0142e\u015b zbieranie ulubionych przez fan\u00f3w postaci z Serii 1, takich jak Merbaby i Rocker, teraz masz szans\u0119. Rozpakuj 9 warstw niespodzianek w ka\u017cdej pi\u0142ce, w tym niespodziank\u0119 LOL &#8211; lalk\u0119 z wodn\u0105 niespodziank\u0105. Nakarm lub wyk\u0105p lalk\u0119, aby odkry\u0107 wodn\u0105 niespodziank\u0119. Czy twoja lalka b\u0119dzie p\u0142aka\u0107, plu\u0107 lub zmienia\u0107 kolor? Ka\u017cda z kul mo\u017ce s\u0142u\u017cy\u0107 jako torebka, ekspozytor i zestaw do zabawy. 12 wyj\u0105tkowych laleczek LOL z serii 1 rozpoczynaj\u0105cej wielk\u0105 przygod\u0119 i wprowadzaj\u0105cych dziewczynki do \u015bwiata LOL Surprise zapakowanych w stylow\u0105 walizk\u0119 z przegr\u00f3dkami to wyj\u0105tkowa niespodzianka dla dziewczynek kolekcjonuj\u0105cych te ciesz\u0105ce si\u0119 ogromn\u0105 popularno\u015bci\u0105 zabawki!                            <\/p>\n<p>Zawarto\u015b\u0107 zestawu:<br \/>\n12 kul LOL seria 1<br \/>\nwalizka kolekcjonera z przegr\u00f3dkami i zapi\u0119ciem na karabi\u0144czyki<br \/>\nWymiar kuli: \u015brednica ok. 10 cm.<br \/>\nWysoko\u015b\u0107 laleczki: 8 cm.<\/p>\n<h2>LOL Surprise Ultimate Collection Merbaby 12 lalek z serii 1 571520 LOL Surprise<\/h2>\n<p>proste przepisy dla dzieci, zagadka dla dzieci, dobrej nocy, bajki dla niemowl\u0105t do czytania, trudne zagadki na inteligencj\u0119, myszka minnie kolorowanka, gdzie nad wod\u0119 ko\u0142o warszawy<\/p>\n<p>yyyyy<\/p>\n<p>&nbsp;<\/p>\n","protected":false},"excerpt":{"rendered":"<p>LOL Surprise! Ultimate Collection Merbaby 12 lalek z serii 1 Oryginalna niespodzianka LOL! Seria 1 powraca w limitowanej edycji! Ozdobne pude\u0142ko w kszta\u0142cie walizki zawiera 12 ponownie wydanych laleczek LOL Surprise z serii 1, szczeg\u00f3lnie poszukiwanych przez kolekcjonerki LOL Je\u015bli przegapi\u0142e\u015b zbieranie ulubionych przez fan\u00f3w postaci z Serii 1, takich jak Merbaby i Rocker, teraz [&hellip;]<\/p>\n","protected":false},"featured_media":8622,"comment_status":"closed","ping_status":"open","template":"","meta":[],"product_cat":[65,294],"product_tag":[740,755,593,625,698],"class_list":["post-8621","product","type-product","status-publish","has-post-thumbnail","hentry","product_cat-lalki","product_cat-lol-surprise","product_tag-fajne-prezenty-dla-nastolatkow","product_tag-henryk","product_tag-jak-narysowac-konia","product_tag-trojmiasto-atrakcje-dla-dzieci","product_tag-zagadki-dla-przedszkolakow"],"_links":{"self":[{"href":"http:\/\/klubmamgdynia.pl\/index.php\/wp-json\/wp\/v2\/product\/8621","targetHints":{"allow":["GET"]}}],"collection":[{"href":"http:\/\/klubmamgdynia.pl\/index.php\/wp-json\/wp\/v2\/product"}],"about":[{"href":"http:\/\/klubmamgdynia.pl\/index.php\/wp-json\/wp\/v2\/types\/product"}],"replies":[{"embeddable":true,"href":"http:\/\/klubmamgdynia.pl\/index.php\/wp-json\/wp\/v2\/comments?post=8621"}],"wp:featuredmedia":[{"embeddable":true,"href":"http:\/\/klubmamgdynia.pl\/index.php\/wp-json\/wp\/v2\/media\/8622"}],"wp:attachment":[{"href":"http:\/\/klubmamgdynia.pl\/index.php\/wp-json\/wp\/v2\/media?parent=8621"}],"wp:term":[{"taxonomy":"product_cat","embeddable":true,"href":"http:\/\/klubmamgdynia.pl\/index.php\/wp-json\/wp\/v2\/product_cat?post=8621"},{"taxonomy":"product_tag","embeddable":true,"href":"http:\/\/klubmamgdynia.pl\/index.php\/wp-json\/wp\/v2\/product_tag?post=8621"}],"curies":[{"name":"wp","href":"https:\/\/api.w.org\/{rel}","templated":true}]}}