{"id":8623,"date":"2021-10-22T03:05:53","date_gmt":"2021-10-22T01:05:53","guid":{"rendered":"http:\/\/klubmamgdynia.pl\/index.php\/produkt\/spin-master-psi-patrol-pojazd-mighty-pups\/"},"modified":"2026-04-05T16:05:03","modified_gmt":"2026-04-05T14:05:03","slug":"spin-master-psi-patrol-pojazd-mighty-pups","status":"publish","type":"product","link":"http:\/\/klubmamgdynia.pl\/index.php\/produkt\/spin-master-psi-patrol-pojazd-mighty-pups\/","title":{"rendered":"Spin Master Psi Patrol Pojazd Mighty Pups"},"content":{"rendered":"<p>Psi Patrol &#8211; pojazd ze \u015bwiat\u0142em i d\u017awi\u0119kiem &#8211; Marshall<\/p>\n<h2>Spin Master Psi Patrol Pojazd Mighty Pups Spin Master<\/h2>\n<p>zagadki dla 7 latka, test z lektury pies kt\u00f3ry je\u017adzi\u0142 kolej\u0105, zaj\u0119cia kulinarne dla dzieci pomys\u0142y, bajka o emocjach, kalendarz adwentowy diy z rolek, prezent dla jedenastolatki, znaczenie imiona alan<\/p>\n<p>yyyyy<\/p>\n<p>&nbsp;<\/p>\n","protected":false},"excerpt":{"rendered":"<p>Psi Patrol &#8211; pojazd ze \u015bwiat\u0142em i d\u017awi\u0119kiem &#8211; Marshall Spin Master Psi Patrol Pojazd Mighty Pups Spin Master zagadki dla 7 latka, test z lektury pies kt\u00f3ry je\u017adzi\u0142 kolej\u0105, zaj\u0119cia kulinarne dla dzieci pomys\u0142y, bajka o emocjach, kalendarz adwentowy diy z rolek, prezent dla jedenastolatki, znaczenie imiona alan yyyyy &nbsp;<\/p>\n","protected":false},"featured_media":8624,"comment_status":"closed","ping_status":"open","template":"","meta":[],"product_cat":[95,94],"product_tag":[789,737,604,633],"class_list":["post-8623","product","type-product","status-publish","has-post-thumbnail","hentry","product_cat-figurki-makiety-i-zestawy","product_cat-spin-master","product_tag-kaczuszka","product_tag-test-z-lektury-felix-net-i-nika-oraz-gang-niewidzialnych-ludzi","product_tag-zagadki-trudne","product_tag-zagadki-z-odpowiedziami"],"_links":{"self":[{"href":"http:\/\/klubmamgdynia.pl\/index.php\/wp-json\/wp\/v2\/product\/8623","targetHints":{"allow":["GET"]}}],"collection":[{"href":"http:\/\/klubmamgdynia.pl\/index.php\/wp-json\/wp\/v2\/product"}],"about":[{"href":"http:\/\/klubmamgdynia.pl\/index.php\/wp-json\/wp\/v2\/types\/product"}],"replies":[{"embeddable":true,"href":"http:\/\/klubmamgdynia.pl\/index.php\/wp-json\/wp\/v2\/comments?post=8623"}],"wp:featuredmedia":[{"embeddable":true,"href":"http:\/\/klubmamgdynia.pl\/index.php\/wp-json\/wp\/v2\/media\/8624"}],"wp:attachment":[{"href":"http:\/\/klubmamgdynia.pl\/index.php\/wp-json\/wp\/v2\/media?parent=8623"}],"wp:term":[{"taxonomy":"product_cat","embeddable":true,"href":"http:\/\/klubmamgdynia.pl\/index.php\/wp-json\/wp\/v2\/product_cat?post=8623"},{"taxonomy":"product_tag","embeddable":true,"href":"http:\/\/klubmamgdynia.pl\/index.php\/wp-json\/wp\/v2\/product_tag?post=8623"}],"curies":[{"name":"wp","href":"https:\/\/api.w.org\/{rel}","templated":true}]}}