{"id":8625,"date":"2014-05-25T02:10:44","date_gmt":"2014-05-25T00:10:44","guid":{"rendered":"http:\/\/klubmamgdynia.pl\/index.php\/produkt\/hot-wheels-autonakreciaki-wyscigowki-czerwone-dpb63-dpb65\/"},"modified":"2026-04-06T02:51:10","modified_gmt":"2026-04-06T00:51:10","slug":"hot-wheels-autonakreciaki-wyscigowki-czerwone-dpb63-dpb65","status":"publish","type":"product","link":"http:\/\/klubmamgdynia.pl\/index.php\/produkt\/hot-wheels-autonakreciaki-wyscigowki-czerwone-dpb63-dpb65\/","title":{"rendered":"Hot Wheels Autonakr\u0119ciaki Wy\u015bcig\u00f3wki Czerwone DPB63 DPB65"},"content":{"rendered":"<p>Hot Wheels Autonakr\u0119ciaki Du\u017ca wy\u015bcig\u00f3wka czerwona DPB65 Takiej wy\u015bcig\u00f3wki jeszcze nie widzia\u0142e\u015b! Nowy produkt Hot Wheels to oryginalny, r\u0119cznie nakr\u0119cany samoch\u00f3d wy\u015bcigowy \u2013 to od Ciebie zale\u017cy, jak du\u017c\u0105 pr\u0119dko\u015b\u0107 rozwinie. W zestawie do samochodu zosta\u0142o do\u0142\u0105czonych osiem gumek, za pomoc\u0105 kt\u00f3rych nakr\u0119ca si\u0119 wy\u015bcig\u00f3wk\u0119. Gwarantujemy wielogodzinn\u0105, udan\u0105 zabaw\u0119, gdy\u017c nie spos\u00f3b si\u0119 znudzi\u0107, kiedy odkrywasz wiele r\u00f3\u017cnych mo\u017cliwo\u015bci! Zabawk\u0119 mo\u017cna nakr\u0119ci\u0107 mocniej lub s\u0142abiej, co ma wp\u0142yw na pr\u0119dko\u015b\u0107 pojazdu. Wprowadzone do zabawy elementy techniki, nauki i in\u017cynierii pomagaj\u0105 dziecku rozwija\u0107 kreatywno\u015b\u0107 i wyobra\u017ani\u0119, ucz\u0105 rozwi\u0105zywania problem\u00f3w pokazuj\u0105, czym jest ci\u0105g przyczynowo \u2013 skutkowy. Zabawka zosta\u0142a wykonana z wysokiej jako\u015bci tworzywa sztucznego z ogromn\u0105 dba\u0142o\u015bci\u0105 o szczeg\u00f3\u0142y, r\u00f3wnie\u017c o kolorystyk\u0119. Ten model jest czerwony, ozdobiony \u017c\u00f3\u0142tymi wzorami, posiada te\u017c niebieskie skrzyd\u0142a, kt\u00f3re w oryginalny spos\u00f3b odcinaj\u0105 si\u0119 od ca\u0142o\u015bci. Producent: Mattel Seria: Hot Wheels Numer katalogowy: DPB65 Wiek dziecka: 3+ Wymiary opakowania: 38 cm x 25 cm x 10 cm Wymiary zabawki: ok. 27 cm d\u0142ugo\u015bci Seria Hot Wheels zosta\u0142a wprowadzona na \u015bwiatowy rynek w 1968 roku przez ameryka\u0144skiego producenta zabawek \u2013 firm\u0119 Mattel. Do tej pory powsta\u0142a ogromna ilo\u015b\u0107 podrz\u0119dnych, tematycznych serii, a firma Mattel obecnie jest jednym z najbardziej uznanych producent\u00f3w zabawek, zar\u00f3wno dla ch\u0142opc\u00f3w jak i dla dziewczynek.<\/p>\n<h2>Hot Wheels Autonakr\u0119ciaki Wy\u015bcig\u00f3wki Czerwone DPB63 DPB65 Hot Wheels<\/h2>\n<p>darmowe kolorowanki do druku, kolorowanka super zings, kolorowanki dla ch\u0142opc\u00f3w, zagadki o lesie, kwiatek kwiaty do druku szablony, pola imi\u0119, imi\u0119 pola<\/p>\n<p>yyyyy<\/p>\n<p>&nbsp;<\/p>\n","protected":false},"excerpt":{"rendered":"<p>Hot Wheels Autonakr\u0119ciaki Du\u017ca wy\u015bcig\u00f3wka czerwona DPB65 Takiej wy\u015bcig\u00f3wki jeszcze nie widzia\u0142e\u015b! Nowy produkt Hot Wheels to oryginalny, r\u0119cznie nakr\u0119cany samoch\u00f3d wy\u015bcigowy \u2013 to od Ciebie zale\u017cy, jak du\u017c\u0105 pr\u0119dko\u015b\u0107 rozwinie. W zestawie do samochodu zosta\u0142o do\u0142\u0105czonych osiem gumek, za pomoc\u0105 kt\u00f3rych nakr\u0119ca si\u0119 wy\u015bcig\u00f3wk\u0119. Gwarantujemy wielogodzinn\u0105, udan\u0105 zabaw\u0119, gdy\u017c nie spos\u00f3b si\u0119 znudzi\u0107, kiedy [&hellip;]<\/p>\n","protected":false},"featured_media":8626,"comment_status":"closed","ping_status":"open","template":"","meta":[],"product_cat":[83,150],"product_tag":[605,810,640,811,633],"class_list":["post-8625","product","type-product","status-publish","has-post-thumbnail","hentry","product_cat-auta-i-inne-pojazdy-do-zabawy","product_cat-hot-wheels","product_tag-milena","product_tag-nauka-zegara-do-druku","product_tag-prezent-dla-rocznej-dziewczynki","product_tag-zagadki-logiczne-dla-dzieci","product_tag-zagadki-z-odpowiedziami"],"_links":{"self":[{"href":"http:\/\/klubmamgdynia.pl\/index.php\/wp-json\/wp\/v2\/product\/8625","targetHints":{"allow":["GET"]}}],"collection":[{"href":"http:\/\/klubmamgdynia.pl\/index.php\/wp-json\/wp\/v2\/product"}],"about":[{"href":"http:\/\/klubmamgdynia.pl\/index.php\/wp-json\/wp\/v2\/types\/product"}],"replies":[{"embeddable":true,"href":"http:\/\/klubmamgdynia.pl\/index.php\/wp-json\/wp\/v2\/comments?post=8625"}],"wp:featuredmedia":[{"embeddable":true,"href":"http:\/\/klubmamgdynia.pl\/index.php\/wp-json\/wp\/v2\/media\/8626"}],"wp:attachment":[{"href":"http:\/\/klubmamgdynia.pl\/index.php\/wp-json\/wp\/v2\/media?parent=8625"}],"wp:term":[{"taxonomy":"product_cat","embeddable":true,"href":"http:\/\/klubmamgdynia.pl\/index.php\/wp-json\/wp\/v2\/product_cat?post=8625"},{"taxonomy":"product_tag","embeddable":true,"href":"http:\/\/klubmamgdynia.pl\/index.php\/wp-json\/wp\/v2\/product_tag?post=8625"}],"curies":[{"name":"wp","href":"https:\/\/api.w.org\/{rel}","templated":true}]}}