{"id":8627,"date":"2017-08-29T23:38:27","date_gmt":"2017-08-29T21:38:27","guid":{"rendered":"http:\/\/klubmamgdynia.pl\/index.php\/produkt\/midex-zestaw-do-robienia-bransoletek-0490m\/"},"modified":"2026-04-29T13:29:09","modified_gmt":"2026-04-29T11:29:09","slug":"midex-zestaw-do-robienia-bransoletek-0490m","status":"publish","type":"product","link":"http:\/\/klubmamgdynia.pl\/index.php\/produkt\/midex-zestaw-do-robienia-bransoletek-0490m\/","title":{"rendered":"Midex Zestaw Do Robienia Bransoletek (0490M)"},"content":{"rendered":"<p>KREATYWNY ZESTAW KOLOROWYCH KORALIK\u00d3WZestaw koralik\u00f3w stworzony z my\u015bl\u0105 o dziewczynkach rozwijaj\u0105cy zdolno\u015bci wizualne i manualne.Pude\u0142ko pe\u0142ne koralik\u00f3w do tworzenia bi\u017cuterii &#8211; dzi\u0119ki temu zestawowi stworzysz mn\u00f3stwo niezwyk\u0142ych bransoletek.Zestaw zawiera r\u00f3\u017cnorodne koraliki, przez co bransoletka zawsze b\u0119dzie inna.Wymiary opakowania: 21,5 x 4 x 21,5cm.<\/p>\n<h2>Midex Zestaw Do Robienia Bransoletek (0490M) Midex<\/h2>\n<p>cytat rodzina, labirynty dla dzieci, flagi europy quiz, quiz dynastia mizio\u0142k\u00f3w, super zings kolorowanki<\/p>\n<p>yyyyy<\/p>\n<p>&nbsp;<\/p>\n","protected":false},"excerpt":{"rendered":"<p>KREATYWNY ZESTAW KOLOROWYCH KORALIK\u00d3WZestaw koralik\u00f3w stworzony z my\u015bl\u0105 o dziewczynkach rozwijaj\u0105cy zdolno\u015bci wizualne i manualne.Pude\u0142ko pe\u0142ne koralik\u00f3w do tworzenia bi\u017cuterii &#8211; dzi\u0119ki temu zestawowi stworzysz mn\u00f3stwo niezwyk\u0142ych bransoletek.Zestaw zawiera r\u00f3\u017cnorodne koraliki, przez co bransoletka zawsze b\u0119dzie inna.Wymiary opakowania: 21,5 x 4 x 21,5cm. Midex Zestaw Do Robienia Bransoletek (0490M) Midex cytat rodzina, labirynty dla dzieci, [&hellip;]<\/p>\n","protected":false},"featured_media":8628,"comment_status":"closed","ping_status":"open","template":"","meta":[],"product_cat":[1091,537],"product_tag":[844,769,809,725,615],"class_list":["post-8627","product","type-product","status-publish","has-post-thumbnail","hentry","product_cat-midex","product_cat-pozostale-zabawki-edukacyjne","product_tag-co-kupic-na-roczek","product_tag-psi-patrol-do-czytania","product_tag-zagadki","product_tag-zgadywanki","product_tag-znane-misie-z-filmow-animowanych"],"_links":{"self":[{"href":"http:\/\/klubmamgdynia.pl\/index.php\/wp-json\/wp\/v2\/product\/8627","targetHints":{"allow":["GET"]}}],"collection":[{"href":"http:\/\/klubmamgdynia.pl\/index.php\/wp-json\/wp\/v2\/product"}],"about":[{"href":"http:\/\/klubmamgdynia.pl\/index.php\/wp-json\/wp\/v2\/types\/product"}],"replies":[{"embeddable":true,"href":"http:\/\/klubmamgdynia.pl\/index.php\/wp-json\/wp\/v2\/comments?post=8627"}],"wp:featuredmedia":[{"embeddable":true,"href":"http:\/\/klubmamgdynia.pl\/index.php\/wp-json\/wp\/v2\/media\/8628"}],"wp:attachment":[{"href":"http:\/\/klubmamgdynia.pl\/index.php\/wp-json\/wp\/v2\/media?parent=8627"}],"wp:term":[{"taxonomy":"product_cat","embeddable":true,"href":"http:\/\/klubmamgdynia.pl\/index.php\/wp-json\/wp\/v2\/product_cat?post=8627"},{"taxonomy":"product_tag","embeddable":true,"href":"http:\/\/klubmamgdynia.pl\/index.php\/wp-json\/wp\/v2\/product_tag?post=8627"}],"curies":[{"name":"wp","href":"https:\/\/api.w.org\/{rel}","templated":true}]}}