{"id":8629,"date":"2017-08-12T08:51:45","date_gmt":"2017-08-12T06:51:45","guid":{"rendered":"http:\/\/klubmamgdynia.pl\/index.php\/produkt\/recent-toys-g3-ship-in-a-bottle-3-5\/"},"modified":"2026-04-05T21:36:43","modified_gmt":"2026-04-05T19:36:43","slug":"recent-toys-g3-ship-in-a-bottle-3-5","status":"publish","type":"product","link":"http:\/\/klubmamgdynia.pl\/index.php\/produkt\/recent-toys-g3-ship-in-a-bottle-3-5\/","title":{"rendered":"Recent Toys G3 Ship In A Bottle 3\/5"},"content":{"rendered":"<p>Ship in a Bottle &#8211; Statek w butelce. Lubisz logik\u0119, uk\u0142adanie wzor\u00f3w lub po prostu jeste\u015b cierpliwy i wytrwa\u0142y? Podejmij wyzwanie!Czy potrafisz tak u\u0142o\u017cy\u0107 wszystkie elementy w butelce, aby pojawi\u0142 si\u0119 w niej statek? Zacznij od delikatnego wyci\u0105gni\u0119cia element\u00f3w z butelki. Nast\u0119pnie u\u017cyj swojej si\u0142y dedukcji i odpowiedniej zr\u0119czno\u015bci, aby wewn\u0105trz butelki zbudowa\u0107 obraz statku. Czy \u0142amig\u0142\u00f3wka oka\u017ce si\u0119 przyjemnym rejsem po spokojnym oceanie, czy mo\u017ce wywo\u0142a u ciebie chorob\u0119 morsk\u0105? Jean Claude Constantin jest niew\u0105tpliwie jednym z najbardziej zapracowanych projektant\u00f3w \u0142amig\u0142\u00f3wek ostatnich trzydziestu lat. Wyj\u0105tkowe i r\u00f3\u017cnorodne pomys\u0142y, kt\u00f3re powstaj\u0105 w jego g\u0142owie, przemieniaj\u0105 si\u0119 w unikalne i wizualnie zachwycaj\u0105ce projekty. \u0141amig\u0142\u00f3wki Jean Claudea uznawane s\u0105 za bardzo wymagaj\u0105ce. Aby je rozwi\u0105za\u0107, b\u0119dziesz potrzebowa\u0142 du\u017cej aktywno\u015bci szarych kom\u00f3rek, odpowiedniej koncentracji i odrobiny wyobra\u017ani. Recent Toys to producent \u0142amig\u0142\u00f3wek z Holandii. Jak sami o sobie m\u00f3wi\u0105: ?Tworz\u0105 zagadki dla wszystkich.? Je\u017celi lubisz matematyk\u0119, logik\u0119, uk\u0142adanie wzor\u00f3w lub po prostu jeste\u015b cierpliwy i wytrwa\u0142y, to na pewno znajdziesz co\u015b dla siebie! Cho\u0107 wszystkie \u0142amig\u0142\u00f3wki s\u0105 unikatowe to maj\u0105 one nast\u0119puj\u0105ce cechy wsp\u00f3lne: 1. Prostota ? zagadki s\u0105 \u0142atwe do wyt\u0142umaczenia. Nasz umys\u0142 ma si\u0119 skupi\u0107 na rozwi\u0105zaniu \u0142amig\u0142\u00f3wki, a nie na zrozumieniu zasad. 2. M\u0105dro\u015b\u0107 ? \u0142amig\u0142\u00f3wki s\u0105 zaprojektowane tak, aby zmusi\u0107 nasz umys\u0142 do poszerzenia horyzont\u00f3w i otwarcia na nowe pomys\u0142y. 3. Wytrzyma\u0142o\u015b\u0107 ? \u0142amig\u0142\u00f3wki zbudowane s\u0105 z odpowiednich materia\u0142\u00f3w. Elementy mo\u017cna przesuwa\u0107 z wyj\u0105tkow\u0105 \u0142atwo\u015bci\u0105. Chodz\u0105 p\u0142ynnie, szybko i si\u0119 nie zacinaj\u0105. Podejmij wyzwanie! Popraw kondycj\u0119 swojego umys\u0142u!Zawarto\u015b\u0107:- \u0142amig\u0142\u00f3wka Ship in a Bottle (wymiary: 20x12cm),- ksi\u0105\u017ceczka. NAZWA SHIP IN A BOTTLE &#8211; \u0141AMIG\u0141\u00d3WKA RECENT TOYS 3\/5 G3 PRODUCENT G3 WIEK 12+ EAN 8717278850993 Znajd\u017a podobne wed\u0142ug klucza: G3 \u0141AMIG\u0141\u00d3WKA (386703)<\/p>\n<h2>Recent Toys G3 Ship In A Bottle 3\/5 G3<\/h2>\n<p>tajemniczy ogr\u00f3d test z lektury, kwiatek kwiaty do druku szablony, karmen imie, rozrywka dla dzieci, zagadki co to jest<\/p>\n<p>yyyyy<\/p>\n<p>&nbsp;<\/p>\n","protected":false},"excerpt":{"rendered":"<p>Ship in a Bottle &#8211; Statek w butelce. Lubisz logik\u0119, uk\u0142adanie wzor\u00f3w lub po prostu jeste\u015b cierpliwy i wytrwa\u0142y? Podejmij wyzwanie!Czy potrafisz tak u\u0142o\u017cy\u0107 wszystkie elementy w butelce, aby pojawi\u0142 si\u0119 w niej statek? Zacznij od delikatnego wyci\u0105gni\u0119cia element\u00f3w z butelki. Nast\u0119pnie u\u017cyj swojej si\u0142y dedukcji i odpowiedniej zr\u0119czno\u015bci, aby wewn\u0105trz butelki zbudowa\u0107 obraz statku. [&hellip;]<\/p>\n","protected":false},"featured_media":8630,"comment_status":"closed","ping_status":"open","template":"","meta":[],"product_cat":[1095,373],"product_tag":[760,782,701],"class_list":["post-8629","product","type-product","status-publish","has-post-thumbnail","hentry","product_cat-g3","product_cat-lamiglowki","product_tag-zagadka-matematyczna","product_tag-zagadki-dla-dzieci-z-odpowiedziami","product_tag-zgadywanki-dla-dzieci"],"_links":{"self":[{"href":"http:\/\/klubmamgdynia.pl\/index.php\/wp-json\/wp\/v2\/product\/8629","targetHints":{"allow":["GET"]}}],"collection":[{"href":"http:\/\/klubmamgdynia.pl\/index.php\/wp-json\/wp\/v2\/product"}],"about":[{"href":"http:\/\/klubmamgdynia.pl\/index.php\/wp-json\/wp\/v2\/types\/product"}],"replies":[{"embeddable":true,"href":"http:\/\/klubmamgdynia.pl\/index.php\/wp-json\/wp\/v2\/comments?post=8629"}],"wp:featuredmedia":[{"embeddable":true,"href":"http:\/\/klubmamgdynia.pl\/index.php\/wp-json\/wp\/v2\/media\/8630"}],"wp:attachment":[{"href":"http:\/\/klubmamgdynia.pl\/index.php\/wp-json\/wp\/v2\/media?parent=8629"}],"wp:term":[{"taxonomy":"product_cat","embeddable":true,"href":"http:\/\/klubmamgdynia.pl\/index.php\/wp-json\/wp\/v2\/product_cat?post=8629"},{"taxonomy":"product_tag","embeddable":true,"href":"http:\/\/klubmamgdynia.pl\/index.php\/wp-json\/wp\/v2\/product_tag?post=8629"}],"curies":[{"name":"wp","href":"https:\/\/api.w.org\/{rel}","templated":true}]}}