{"id":8631,"date":"2017-03-30T03:50:44","date_gmt":"2017-03-30T01:50:44","guid":{"rendered":"http:\/\/klubmamgdynia.pl\/index.php\/produkt\/lifefactory-butelka-szklana-dla-dzieci-250-ml-kale\/"},"modified":"2026-05-17T23:15:39","modified_gmt":"2026-05-17T21:15:39","slug":"lifefactory-butelka-szklana-dla-dzieci-250-ml-kale","status":"publish","type":"product","link":"http:\/\/klubmamgdynia.pl\/index.php\/produkt\/lifefactory-butelka-szklana-dla-dzieci-250-ml-kale\/","title":{"rendered":"Lifefactory Butelka Szklana Dla Dzieci 250 Ml Kale"},"content":{"rendered":"<p>BUTELKA SZKLANA DLA DZIECI 250 MLameryka\u0144skiej firmykolor: kaleWielofunkcyjna butelka szklana firmy Lifefactory. Wykonano j\u0105 ze szk\u0142a boro-krzemianowego, co czyni j\u0105 wyj\u0105tkowo odporn\u0105 na uderzenia i zmiany temperatury. Dodatkowym atutem butelek jest silikonowy r\u0119kaw, kt\u00f3ry nie tylko u\u0142atwia ma\u0142ym r\u0105czkom pewny chwyt i utrzymanie butelki, ale r\u00f3wnie\u017c zabezpiecza j\u0105 w &#8230;<\/p>\n<h2>Lifefactory Butelka Szklana Dla Dzieci 250 Ml Kale Lifefactory<\/h2>\n<p>quiz dynastia mizio\u0142k\u00f3w, kolorowanki do druku dla doros\u0142ych, quizy za darmo, bajki dla dzieci na dobranoc, kolorowanki dla dziewczynek lol, piosenka na dzie\u0144 mamy tekst, felix net i nika oraz gang niewidzialnych ludzi test z odpowiedziami, opis do zdj\u0119cia dziecka na fb, macierzy\u0144stwo cytaty, milena, quiz o hobbicie, wierszyki na \u015bmigus dyngus, wierszyki o wakacjach kr\u00f3tkie, ko\u0142ysanki dla dzieci tekst, quiz opowie\u015bci z narnii, miko\u0142ajek &#8211; test z odpowiedziami, misie z bajek, na roczek dla dziewczynki, gad\u017cety dla m\u0142odzie\u017cy 2020, rzadkie imiona \u017ce\u0144skie, prezenty urodzinowe dla nastolatk\u00f3w<\/p>\n<p>yyyyy<\/p>\n<p>&nbsp;<\/p>\n","protected":false},"excerpt":{"rendered":"<p>BUTELKA SZKLANA DLA DZIECI 250 MLameryka\u0144skiej firmykolor: kaleWielofunkcyjna butelka szklana firmy Lifefactory. Wykonano j\u0105 ze szk\u0142a boro-krzemianowego, co czyni j\u0105 wyj\u0105tkowo odporn\u0105 na uderzenia i zmiany temperatury. Dodatkowym atutem butelek jest silikonowy r\u0119kaw, kt\u00f3ry nie tylko u\u0142atwia ma\u0142ym r\u0105czkom pewny chwyt i utrzymanie butelki, ale r\u00f3wnie\u017c zabezpiecza j\u0105 w &#8230; Lifefactory Butelka Szklana Dla Dzieci [&hellip;]<\/p>\n","protected":false},"featured_media":8632,"comment_status":"closed","ping_status":"open","template":"","meta":[],"product_cat":[195,1733],"product_tag":[781,847,798,609],"class_list":["post-8631","product","type-product","status-publish","has-post-thumbnail","hentry","product_cat-butelki","product_cat-lifefactory","product_tag-cytaty-o-wychowaniu-dzieci","product_tag-kolorowanki-pokemon","product_tag-prezenty-dla-nastolatki","product_tag-quiz-flagi-europy"],"_links":{"self":[{"href":"http:\/\/klubmamgdynia.pl\/index.php\/wp-json\/wp\/v2\/product\/8631","targetHints":{"allow":["GET"]}}],"collection":[{"href":"http:\/\/klubmamgdynia.pl\/index.php\/wp-json\/wp\/v2\/product"}],"about":[{"href":"http:\/\/klubmamgdynia.pl\/index.php\/wp-json\/wp\/v2\/types\/product"}],"replies":[{"embeddable":true,"href":"http:\/\/klubmamgdynia.pl\/index.php\/wp-json\/wp\/v2\/comments?post=8631"}],"wp:featuredmedia":[{"embeddable":true,"href":"http:\/\/klubmamgdynia.pl\/index.php\/wp-json\/wp\/v2\/media\/8632"}],"wp:attachment":[{"href":"http:\/\/klubmamgdynia.pl\/index.php\/wp-json\/wp\/v2\/media?parent=8631"}],"wp:term":[{"taxonomy":"product_cat","embeddable":true,"href":"http:\/\/klubmamgdynia.pl\/index.php\/wp-json\/wp\/v2\/product_cat?post=8631"},{"taxonomy":"product_tag","embeddable":true,"href":"http:\/\/klubmamgdynia.pl\/index.php\/wp-json\/wp\/v2\/product_tag?post=8631"}],"curies":[{"name":"wp","href":"https:\/\/api.w.org\/{rel}","templated":true}]}}