{"id":8633,"date":"2025-02-19T23:23:15","date_gmt":"2025-02-19T22:23:15","guid":{"rendered":"http:\/\/klubmamgdynia.pl\/?post_type=product&#038;p=8633"},"modified":"2026-04-28T18:07:59","modified_gmt":"2026-04-28T16:07:59","slug":"jacadi-paris-perfumy-dzieciece-eau-de-toit-mademoiselle-50ml","status":"publish","type":"product","link":"http:\/\/klubmamgdynia.pl\/index.php\/produkt\/jacadi-paris-perfumy-dzieciece-eau-de-toit-mademoiselle-50ml\/","title":{"rendered":"Jacadi Paris Perfumy Dzieci\u0119ce Eau De Toit Mademoiselle 50Ml"},"content":{"rendered":"<p>Poszukujesz najlepszej wody toaletowej dla swojego dziecka? Ten w 100% originalny Perfumy dzieci\u0119ce Jacadi Paris Eau de Toit Mademoiselle (50 ml) to ekskluzywne perfumy dzieci\u0119ce, idealne dla Twojej pociechy. Odkryj w 100% oryginalne produkty Jacadi Paris!Wydajno\u015b\u0107: 50 mlRodzaj: EDT (Eau de Toilette)&#8230;<\/p>\n<h2>Jacadi Paris Perfumy Dzieci\u0119ce Eau De Toit Mademoiselle 50Ml <\/h2>\n<p>kolysanki tekst, imi\u0119 leon, prezent na roczek, maska kota, kr\u00f3tkie zagadki logiczne, bajka na dobranoc do czytania, celina, hot wheels kolorowanka, akademia pana kleksa &#8211; test z odpowiedziami do druku, zagadki kr\u00f3tkie, malowanki, kolorowanka lol do druku, basen \u015bl\u0105sk<\/p>\n<p>yyyyy<\/p>\n<p>&nbsp;<\/p>\n","protected":false},"excerpt":{"rendered":"<p>Poszukujesz najlepszej wody toaletowej dla swojego dziecka? Ten w 100% originalny Perfumy dzieci\u0119ce Jacadi Paris Eau de Toit Mademoiselle (50 ml) to ekskluzywne perfumy dzieci\u0119ce, idealne dla Twojej pociechy. Odkryj w 100% oryginalne produkty Jacadi Paris!Wydajno\u015b\u0107: 50 mlRodzaj: EDT (Eau de Toilette)&#8230; Jacadi Paris Perfumy Dzieci\u0119ce Eau De Toit Mademoiselle 50Ml kolysanki tekst, imi\u0119 leon, [&hellip;]<\/p>\n","protected":false},"featured_media":8634,"comment_status":"closed","ping_status":"open","template":"","meta":[],"product_cat":[474],"product_tag":[836,807,809,607,805],"class_list":["post-8633","product","type-product","status-publish","has-post-thumbnail","hentry","product_cat-kosmetyki-dla-dzieci-i-niemowlat","product_tag-co-kupic-dziecku-na-roczek","product_tag-logiczne-zagadki","product_tag-zagadki","product_tag-zarty-na-prima-aprilis-dla-rodzicow","product_tag-znaczenie-imienia-alan"],"_links":{"self":[{"href":"http:\/\/klubmamgdynia.pl\/index.php\/wp-json\/wp\/v2\/product\/8633","targetHints":{"allow":["GET"]}}],"collection":[{"href":"http:\/\/klubmamgdynia.pl\/index.php\/wp-json\/wp\/v2\/product"}],"about":[{"href":"http:\/\/klubmamgdynia.pl\/index.php\/wp-json\/wp\/v2\/types\/product"}],"replies":[{"embeddable":true,"href":"http:\/\/klubmamgdynia.pl\/index.php\/wp-json\/wp\/v2\/comments?post=8633"}],"wp:featuredmedia":[{"embeddable":true,"href":"http:\/\/klubmamgdynia.pl\/index.php\/wp-json\/wp\/v2\/media\/8634"}],"wp:attachment":[{"href":"http:\/\/klubmamgdynia.pl\/index.php\/wp-json\/wp\/v2\/media?parent=8633"}],"wp:term":[{"taxonomy":"product_cat","embeddable":true,"href":"http:\/\/klubmamgdynia.pl\/index.php\/wp-json\/wp\/v2\/product_cat?post=8633"},{"taxonomy":"product_tag","embeddable":true,"href":"http:\/\/klubmamgdynia.pl\/index.php\/wp-json\/wp\/v2\/product_tag?post=8633"}],"curies":[{"name":"wp","href":"https:\/\/api.w.org\/{rel}","templated":true}]}}