{"id":8635,"date":"2015-02-13T11:14:08","date_gmt":"2015-02-13T10:14:08","guid":{"rendered":"http:\/\/klubmamgdynia.pl\/index.php\/produkt\/simba-strazak-sam-gasnica-pistolet-na-wode\/"},"modified":"2026-04-04T02:30:50","modified_gmt":"2026-04-04T00:30:50","slug":"simba-strazak-sam-gasnica-pistolet-na-wode","status":"publish","type":"product","link":"http:\/\/klubmamgdynia.pl\/index.php\/produkt\/simba-strazak-sam-gasnica-pistolet-na-wode\/","title":{"rendered":"Simba Stra\u017cak Sam Ga\u015bnica Pistolet na wod\u0119"},"content":{"rendered":"<p>Stra\u017cak Sam Ga\u015bnica Pistolet na wod\u0119 Z t\u0105 ga\u015bnic\u0105 wodn\u0105 znajdziesz si\u0119 w samym centrum akcji ga\u015bniczej lub wodnej bitwy. Teraz nawet wielki po\u017car zga\u015bnie szybko. Zabawka b\u0119dzie te\u017c idealna do letnich zabaw na \u015bwie\u017cym powietrzu z przyjaci\u00f3\u0142mi. Mo\u017cecie stoczy\u0107 prawdziw\u0105 wodn\u0105 wojn\u0119 lub bawi\u0107 si\u0119 w gaszenie po\u017car\u00f3w. Wystarczy nape\u0142ni\u0107 pojemnik wod\u0105 i ruszy\u0107 na bitw\u0119. Specyfikacja: Wiek: 3+ lat<\/p>\n<h2>Simba Stra\u017cak Sam Ga\u015bnica Pistolet na wod\u0119 Simba<\/h2>\n<p>mira imi\u0119, prima aprilis zarty, zagadki dla dzieci 9 10 lat z odpowiedziami, ciekawe zagadki i odpowiedzi, test opowie\u015b\u0107 wigilijna, imi\u0119 marcel, tekst kolysanek, felix net i nika oraz gang niewidzialnych ludzi pytania i odpowiedzi, dary jesieni kolorowanki jesie\u0144, po\u0142\u0105cz kropki do druku, \u017cyczenia na lany poniedzia\u0142ek wielkanocny, lew czarownica i stara szafa test, zabawy z pi\u0142k\u0105 dla dzieci, natan imi\u0119, zagadki matematyczne<\/p>\n<p>yyyyy<\/p>\n<p>&nbsp;<\/p>\n","protected":false},"excerpt":{"rendered":"<p>Stra\u017cak Sam Ga\u015bnica Pistolet na wod\u0119 Z t\u0105 ga\u015bnic\u0105 wodn\u0105 znajdziesz si\u0119 w samym centrum akcji ga\u015bniczej lub wodnej bitwy. Teraz nawet wielki po\u017car zga\u015bnie szybko. Zabawka b\u0119dzie te\u017c idealna do letnich zabaw na \u015bwie\u017cym powietrzu z przyjaci\u00f3\u0142mi. Mo\u017cecie stoczy\u0107 prawdziw\u0105 wodn\u0105 wojn\u0119 lub bawi\u0107 si\u0119 w gaszenie po\u017car\u00f3w. Wystarczy nape\u0142ni\u0107 pojemnik wod\u0105 i ruszy\u0107 [&hellip;]<\/p>\n","protected":false},"featured_media":8636,"comment_status":"closed","ping_status":"open","template":"","meta":[],"product_cat":[95,279],"product_tag":[722,740,806,773],"class_list":["post-8635","product","type-product","status-publish","has-post-thumbnail","hentry","product_cat-figurki-makiety-i-zestawy","product_cat-simba","product_tag-cytaty-o-przyjazni","product_tag-fajne-prezenty-dla-nastolatkow","product_tag-prezent-dla-dziecka-na-roczek","product_tag-test-z-lektury-opowiesci-z-narnii-lew-czarownica-i-stara-szafa"],"_links":{"self":[{"href":"http:\/\/klubmamgdynia.pl\/index.php\/wp-json\/wp\/v2\/product\/8635","targetHints":{"allow":["GET"]}}],"collection":[{"href":"http:\/\/klubmamgdynia.pl\/index.php\/wp-json\/wp\/v2\/product"}],"about":[{"href":"http:\/\/klubmamgdynia.pl\/index.php\/wp-json\/wp\/v2\/types\/product"}],"replies":[{"embeddable":true,"href":"http:\/\/klubmamgdynia.pl\/index.php\/wp-json\/wp\/v2\/comments?post=8635"}],"wp:featuredmedia":[{"embeddable":true,"href":"http:\/\/klubmamgdynia.pl\/index.php\/wp-json\/wp\/v2\/media\/8636"}],"wp:attachment":[{"href":"http:\/\/klubmamgdynia.pl\/index.php\/wp-json\/wp\/v2\/media?parent=8635"}],"wp:term":[{"taxonomy":"product_cat","embeddable":true,"href":"http:\/\/klubmamgdynia.pl\/index.php\/wp-json\/wp\/v2\/product_cat?post=8635"},{"taxonomy":"product_tag","embeddable":true,"href":"http:\/\/klubmamgdynia.pl\/index.php\/wp-json\/wp\/v2\/product_tag?post=8635"}],"curies":[{"name":"wp","href":"https:\/\/api.w.org\/{rel}","templated":true}]}}